{"id":876,"date":"2019-05-27T08:02:28","date_gmt":"2019-05-27T05:02:28","guid":{"rendered":"https:\/\/h2n312.wordpress.com\/?page_id=876"},"modified":"2025-06-04T17:46:16","modified_gmt":"2025-06-04T14:46:16","slug":"rebuild-stats","status":"publish","type":"page","link":"https:\/\/hand2noteguide.com\/pt\/guide\/rebuild-stats\/","title":{"rendered":"Reconstruindo stats"},"content":{"rendered":"<p>Para reconstruir <a href=\"https:\/\/hand2noteguide.com\/pt\/guide\/creating-stats\/\">os stats<\/a>, fa\u00e7a o seguinte:<\/p>\n<ol>\n<li>Abra a janela principal do Hand2Note<\/li>\n<li>Clique em &#8220;Clear Stats&#8221;<\/li>\n<li>Clique em &#8220;Build Stats&#8221;<\/li>\n<li>Aguarde at\u00e9 o final do processo<\/li>\n<\/ol>\n<p><img loading=\"lazy\" decoding=\"async\" class=\"alignnone size-full wp-image-904\" src=\"https:\/\/hand2noteguide.com\/wp-content\/uploads\/2019\/05\/hand2note-rebuild-stats.png\" alt=\"hand2note rebuild stats\" width=\"612\" height=\"131\" srcset=\"https:\/\/hand2noteguide.com\/wp-content\/uploads\/2019\/05\/hand2note-rebuild-stats.png 612w, https:\/\/hand2noteguide.com\/wp-content\/uploads\/2019\/05\/hand2note-rebuild-stats-300x64.png 300w\" sizes=\"auto, (max-width: 612px) 100vw, 612px\" \/><\/p>\n<h3>Por que voc\u00ea precisa disso?<\/h3>\n<p>O Hand2Note armazena stats em forma finalizada. Quando voc\u00ea se senta \u00e0 mesa, os stats no <a href=\"https:\/\/hand2noteguide.com\/pt\/guide\/hud\/\">HUD<\/a> n\u00e3o s\u00e3o calculados a cada vez em toda a <a href=\"https:\/\/hand2noteguide.com\/pt\/guide\/database\/\">base de dados<\/a> em tempo real. O tracker exibe stats j\u00e1 conclu\u00eddos, e as estat\u00edsticas s\u00e3o calculadas apenas a partir de m\u00e3os novas. Isso permite aumentar significativamente a velocidade de desempenho do software e reduzir o consumo de recursos do computador durante o jogo.<\/p>\n<h3>Quando a reconstru\u00e7\u00e3o \u00e9 necess\u00e1ria?<\/h3>\n<ul>\n<li>Ap\u00f3s qualquer altera\u00e7\u00e3o nos stats no HUD ou popup<\/li>\n<li>Ao trocar o perfil do HUD e Popup ou qualquer outra altera\u00e7\u00e3o nas configura\u00e7\u00f5es dos tipos de jogo (<em>Settings \u2192 Game Types<\/em>)<\/li>\n<li>Ao alterar o fuso hor\u00e1rio (<em>Settings \u2192 Rooms<\/em>)<\/li>\n<li>Ao mudar a moeda principal (<em>Settings \u2192 Other options \u2192 Currency<\/em>)<\/li>\n<\/ul>\n<h3>Vou perder algum dado?<\/h3>\n<p>N\u00e3o, todas as suas m\u00e3os permanecer\u00e3o no lugar. Apenas as estat\u00edsticas ser\u00e3o recalculadas.<\/p>\n<h3>Quanto tempo levar\u00e1 a reconstru\u00e7\u00e3o?<\/h3>\n<p>Depende do tamanho da base de dados, da complexidade e do n\u00famero de stats usados no seu HUD e popups, assim como da capacidade do seu dispositivo. Em um computador padr\u00e3o, ao usar um n\u00famero m\u00e9dio de stats, a velocidade de constru\u00e7\u00e3o pode ser de cerca de 1000 m\u00e3os por segundo.<\/p>\n","protected":false},"excerpt":{"rendered":"<p>Para reconstruir os stats, fa\u00e7a o seguinte: Abra a janela principal do Hand2Note Clique em &#8220;Clear Stats&#8221; Clique em &#8220;Build Stats&#8221; Aguarde at\u00e9 o final do processo Por que voc\u00ea precisa disso? O Hand2Note armazena stats em forma finalizada. Quando voc\u00ea se senta \u00e0 mesa, os stats no HUD n\u00e3o s\u00e3o calculados a cada vez &hellip; <a href=\"https:\/\/hand2noteguide.com\/pt\/guide\/rebuild-stats\/\" class=\"more-link\">Continue reading <span class=\"screen-reader-text\">Reconstruindo stats<\/span><\/a><\/p>\n","protected":false},"author":1,"featured_media":0,"parent":74,"menu_order":0,"comment_status":"closed","ping_status":"closed","template":"page-templates\/full-width-page.php","meta":{"footnotes":""},"class_list":["post-876","page","type-page","status-publish","hentry"],"translation":{"provider":"WPGlobus","version":"3.0.2","language":"pt","enabled_languages":["en","ru","pt","zh","es","fr","de","it","ja"],"languages":{"en":{"title":true,"content":true,"excerpt":false},"ru":{"title":true,"content":true,"excerpt":false},"pt":{"title":true,"content":true,"excerpt":false},"zh":{"title":true,"content":true,"excerpt":false},"es":{"title":true,"content":true,"excerpt":false},"fr":{"title":true,"content":true,"excerpt":false},"de":{"title":true,"content":true,"excerpt":false},"it":{"title":true,"content":true,"excerpt":false},"ja":{"title":true,"content":true,"excerpt":false}}},"yoast_head":"<!-- This site is optimized with the Yoast SEO plugin v27.0 - https:\/\/yoast.com\/product\/yoast-seo-wordpress\/ -->\n<title>Como Reconstruir Stats no Hand2Note: Um Guia R\u00e1pido<\/title>\n<meta name=\"description\" content=\"Aprenda a reconstruir stats no Hand2Note de forma eficiente. Siga nosso guia passo a passo para otimizar o desempenho e garantir estat\u00edsticas precisas de poker.\" \/>\n<meta name=\"robots\" content=\"index, follow, max-snippet:-1, max-image-preview:large, max-video-preview:-1\" \/>\n<link rel=\"canonical\" href=\"https:\/\/hand2noteguide.com\/guide\/rebuild-stats\/\" \/>\n<meta property=\"og:locale\" content=\"pt_PT\" \/>\n<meta property=\"og:type\" content=\"article\" \/>\n<meta property=\"og:title\" content=\"Como Reconstruir Stats no Hand2Note: Um Guia R\u00e1pido\" \/>\n<meta property=\"og:description\" content=\"Aprenda a reconstruir stats no Hand2Note de forma eficiente. Siga nosso guia passo a passo para otimizar o desempenho e garantir estat\u00edsticas precisas de poker.\" \/>\n<meta property=\"og:url\" content=\"https:\/\/hand2noteguide.com\/guide\/rebuild-stats\/\" \/>\n<meta property=\"og:site_name\" content=\"Hand2Note Guide\" \/>\n<meta property=\"article:modified_time\" content=\"2025-06-04T14:46:16+00:00\" \/>\n<meta property=\"og:image\" content=\"https:\/\/hand2noteguide.com\/wp-content\/uploads\/2018\/08\/hand2note-d0bfd0b5d180d0b5d181d182d180d0bed0b8d182d18c-d181d182d0b0d182d0b8d181d182d0b8d0bad183.png\" \/>\n<meta name=\"twitter:card\" content=\"summary_large_image\" \/>\n<meta name=\"twitter:label1\" content=\"Est. reading time\" \/>\n\t<meta name=\"twitter:data1\" content=\"7 minutes\" \/>\n<!-- \/ Yoast SEO plugin. -->","yoast_head_json":{"title":"Como Reconstruir Stats no Hand2Note: Um Guia R\u00e1pido","description":"Aprenda a reconstruir stats no Hand2Note de forma eficiente. Siga nosso guia passo a passo para otimizar o desempenho e garantir estat\u00edsticas precisas de poker.","robots":{"index":"index","follow":"follow","max-snippet":"max-snippet:-1","max-image-preview":"max-image-preview:large","max-video-preview":"max-video-preview:-1"},"canonical":"https:\/\/hand2noteguide.com\/guide\/rebuild-stats\/","og_locale":"pt_PT","og_type":"article","og_title":"Como Reconstruir Stats no Hand2Note: Um Guia R\u00e1pido","og_description":"Aprenda a reconstruir stats no Hand2Note de forma eficiente. Siga nosso guia passo a passo para otimizar o desempenho e garantir estat\u00edsticas precisas de poker.","og_url":"https:\/\/hand2noteguide.com\/guide\/rebuild-stats\/","og_site_name":"Hand2Note Guide","article_modified_time":"2025-06-04T14:46:16+00:00","og_image":[{"url":"https:\/\/hand2noteguide.com\/wp-content\/uploads\/2018\/08\/hand2note-d0bfd0b5d180d0b5d181d182d180d0bed0b8d182d18c-d181d182d0b0d182d0b8d181d182d0b8d0bad183.png","type":"","width":"","height":""}],"twitter_card":"summary_large_image","twitter_misc":{"Est. reading time":"7 minutes"},"schema":{"@context":"https:\/\/schema.org","@graph":[]}},"jetpack_sharing_enabled":false,"_links":{"self":[{"href":"https:\/\/hand2noteguide.com\/pt\/wp-json\/wp\/v2\/pages\/876","targetHints":{"allow":["GET"]}}],"collection":[{"href":"https:\/\/hand2noteguide.com\/pt\/wp-json\/wp\/v2\/pages"}],"about":[{"href":"https:\/\/hand2noteguide.com\/pt\/wp-json\/wp\/v2\/types\/page"}],"author":[{"embeddable":true,"href":"https:\/\/hand2noteguide.com\/pt\/wp-json\/wp\/v2\/users\/1"}],"replies":[{"embeddable":true,"href":"https:\/\/hand2noteguide.com\/pt\/wp-json\/wp\/v2\/comments?post=876"}],"version-history":[{"count":12,"href":"https:\/\/hand2noteguide.com\/pt\/wp-json\/wp\/v2\/pages\/876\/revisions"}],"predecessor-version":[{"id":13515,"href":"https:\/\/hand2noteguide.com\/pt\/wp-json\/wp\/v2\/pages\/876\/revisions\/13515"}],"up":[{"embeddable":true,"href":"https:\/\/hand2noteguide.com\/pt\/wp-json\/wp\/v2\/pages\/74"}],"wp:attachment":[{"href":"https:\/\/hand2noteguide.com\/pt\/wp-json\/wp\/v2\/media?parent=876"}],"curies":[{"name":"wp","href":"https:\/\/api.w.org\/{rel}","templated":true}]}}