{"id":8774,"date":"2024-11-09T21:02:21","date_gmt":"2024-11-09T18:02:21","guid":{"rendered":"https:\/\/hand2noteguide.com\/?page_id=8774"},"modified":"2026-02-21T10:44:54","modified_gmt":"2026-02-21T07:44:54","slug":"winamaxcaption","status":"publish","type":"page","link":"https:\/\/hand2noteguide.com\/pt\/winamaxcaption\/","title":{"rendered":"WinamaxCaption \ud83d\udca5 Seu Melhor Auxiliar no Winamax"},"content":{"rendered":"\n<p style=\"margin-top:8px\"><span class=\"product-price\">$30<\/span> <span class=\"product-price-desc\">(licen\u00e7a de 1 ano)<\/span><\/p>\n\n\n<p><a class=\"btn btn-primary h2n-crypto-open-checkout\" href=\"https:\/\/hand2noteguide.com\/pt\/?h2n_crypto_checkout=1&#038;cfg=eyJwcm9kdWN0X2lkIjo0LCJwcm9kdWN0X3ByaWNlIjoiMzAiLCJkb3dubG9hZF9saW5rIjoiaHR0cHM6XC9cL3Bva2VyY2FwdGlvbi5jb21cL2Rvd25sb2Fkcy5odG1sIiwidmVuZG9yX2VtYWlsIjoicG9rZXJjYXB0aW9uQGdtYWlsLmNvbSIsImxpY2Vuc2VfaWRfcmVxdWlyZWQiOnRydWUsIm5ldHdvcmsiOiJ1c2R0X3RyYzIwIiwiY3VycmVuY3kiOiJVU0RUIiwiYmFzZV9hbW91bnQiOiIzMC4wMDAwMDAiLCJidXR0b25fdGV4dCI6IkNvbXByYXIiLCJ0aXRsZSI6IiIsImRlc2NyaXB0aW9uIjoiIiwic3VjY2Vzc19tb2RlIjoibWFudWFsX2Z1bGZpbGxtZW50IiwicmVxdWlyZV9lbWFpbCI6dHJ1ZSwidHRsX21pbnV0ZXMiOjYwLCJ3YWxsZXQiOiJUTUp3UjNHZTV5TEpvQ0o4ckZ0Y2lRa1JjaDVqRFJMbnUzIn0%3D&#038;sig=f9c1af62f7ed72b56c48bbe6439a8596bdc38429f334bc77d8aef5c0820b2914\" target=\"_blank\" rel=\"noopener noreferrer\">Comprar<\/a><\/p>\n\n\n\n<p>WinamaxCaption \u00e9 uma ferramenta que melhora o jogo no Winamax Poker. \u00c9 totalmente aprovada pelo Winamax e aumenta a efici\u00eancia das suas sess\u00f5es com teclas de atalho personaliz\u00e1veis, um HUD detalhado, ativa\u00e7\u00e3o autom\u00e1tica de mesas e muito mais. As caracter\u00edsticas incluem:<\/p>\n\n\n\n<ul class=\"wp-block-list\">\n<li>Dimensionamento de apostas e teclas de atalho personaliz\u00e1veis.<\/li>\n\n\n\n<li>HUD com odds de call\/push, tamanho do pote e mais.<\/li>\n\n\n\n<li>Destaque de mesas por a\u00e7\u00e3o ou crit\u00e9rios.<\/li>\n\n\n\n<li>Ativa\u00e7\u00e3o autom\u00e1tica de mesas.<\/li>\n\n\n\n<li>Modo eficiente para computadores lentos.<\/li>\n\n\n\n<li>E outras funcionalidades!<\/li>\n<\/ul>\n\n\n\n<p>Perfeito para multi-tabling mais suave e r\u00e1pido.<\/p>\n\n\n\n<figure class=\"wp-block-gallery has-nested-images columns-default is-cropped wp-block-gallery-1 is-layout-flex wp-block-gallery-is-layout-flex\">\n<figure class=\"wp-block-image size-large\"><img loading=\"lazy\" decoding=\"async\" width=\"985\" height=\"695\" data-id=\"8777\" src=\"https:\/\/hand2noteguide.com\/wp-content\/uploads\/2024\/11\/1-min.jpg\" alt=\"\" class=\"wp-image-8777\" srcset=\"https:\/\/hand2noteguide.com\/wp-content\/uploads\/2024\/11\/1-min.jpg 985w, https:\/\/hand2noteguide.com\/wp-content\/uploads\/2024\/11\/1-min-300x212.jpg 300w, https:\/\/hand2noteguide.com\/wp-content\/uploads\/2024\/11\/1-min-768x542.jpg 768w, https:\/\/hand2noteguide.com\/wp-content\/uploads\/2024\/11\/1-min-772x545.jpg 772w, https:\/\/hand2noteguide.com\/wp-content\/uploads\/2024\/11\/1-min-624x440.jpg 624w\" sizes=\"auto, (max-width: 985px) 100vw, 985px\" \/><\/figure>\n\n\n\n<figure class=\"wp-block-image size-large\"><img loading=\"lazy\" decoding=\"async\" width=\"985\" height=\"696\" data-id=\"8779\" src=\"https:\/\/hand2noteguide.com\/wp-content\/uploads\/2024\/11\/2-min.jpg\" alt=\"\" class=\"wp-image-8779\" srcset=\"https:\/\/hand2noteguide.com\/wp-content\/uploads\/2024\/11\/2-min.jpg 985w, https:\/\/hand2noteguide.com\/wp-content\/uploads\/2024\/11\/2-min-300x212.jpg 300w, https:\/\/hand2noteguide.com\/wp-content\/uploads\/2024\/11\/2-min-768x543.jpg 768w, https:\/\/hand2noteguide.com\/wp-content\/uploads\/2024\/11\/2-min-772x545.jpg 772w, https:\/\/hand2noteguide.com\/wp-content\/uploads\/2024\/11\/2-min-624x441.jpg 624w\" sizes=\"auto, (max-width: 985px) 100vw, 985px\" \/><\/figure>\n\n\n\n<figure class=\"wp-block-image size-large\"><img loading=\"lazy\" decoding=\"async\" width=\"985\" height=\"695\" data-id=\"8775\" src=\"https:\/\/hand2noteguide.com\/wp-content\/uploads\/2024\/11\/3-min.jpg\" alt=\"\" class=\"wp-image-8775\" srcset=\"https:\/\/hand2noteguide.com\/wp-content\/uploads\/2024\/11\/3-min.jpg 985w, https:\/\/hand2noteguide.com\/wp-content\/uploads\/2024\/11\/3-min-300x212.jpg 300w, https:\/\/hand2noteguide.com\/wp-content\/uploads\/2024\/11\/3-min-768x542.jpg 768w, https:\/\/hand2noteguide.com\/wp-content\/uploads\/2024\/11\/3-min-772x545.jpg 772w, https:\/\/hand2noteguide.com\/wp-content\/uploads\/2024\/11\/3-min-624x440.jpg 624w\" sizes=\"auto, (max-width: 985px) 100vw, 985px\" \/><\/figure>\n\n\n\n<figure class=\"wp-block-image size-large\"><img loading=\"lazy\" decoding=\"async\" width=\"985\" height=\"696\" data-id=\"8780\" src=\"https:\/\/hand2noteguide.com\/wp-content\/uploads\/2024\/11\/4-min.jpg\" alt=\"\" class=\"wp-image-8780\" srcset=\"https:\/\/hand2noteguide.com\/wp-content\/uploads\/2024\/11\/4-min.jpg 985w, https:\/\/hand2noteguide.com\/wp-content\/uploads\/2024\/11\/4-min-300x212.jpg 300w, https:\/\/hand2noteguide.com\/wp-content\/uploads\/2024\/11\/4-min-768x543.jpg 768w, https:\/\/hand2noteguide.com\/wp-content\/uploads\/2024\/11\/4-min-772x545.jpg 772w, https:\/\/hand2noteguide.com\/wp-content\/uploads\/2024\/11\/4-min-624x441.jpg 624w\" sizes=\"auto, (max-width: 985px) 100vw, 985px\" \/><\/figure>\n\n\n\n<figure class=\"wp-block-image size-large\"><img loading=\"lazy\" decoding=\"async\" width=\"986\" height=\"694\" data-id=\"8778\" src=\"https:\/\/hand2noteguide.com\/wp-content\/uploads\/2024\/11\/5-min.jpg\" alt=\"\" class=\"wp-image-8778\" srcset=\"https:\/\/hand2noteguide.com\/wp-content\/uploads\/2024\/11\/5-min.jpg 986w, https:\/\/hand2noteguide.com\/wp-content\/uploads\/2024\/11\/5-min-300x211.jpg 300w, https:\/\/hand2noteguide.com\/wp-content\/uploads\/2024\/11\/5-min-768x541.jpg 768w, https:\/\/hand2noteguide.com\/wp-content\/uploads\/2024\/11\/5-min-772x543.jpg 772w, https:\/\/hand2noteguide.com\/wp-content\/uploads\/2024\/11\/5-min-624x439.jpg 624w\" sizes=\"auto, (max-width: 986px) 100vw, 986px\" \/><\/figure>\n\n\n\n<figure class=\"wp-block-image size-large\"><img loading=\"lazy\" decoding=\"async\" width=\"986\" height=\"697\" data-id=\"8776\" src=\"https:\/\/hand2noteguide.com\/wp-content\/uploads\/2024\/11\/6-min.jpg\" alt=\"\" class=\"wp-image-8776\" srcset=\"https:\/\/hand2noteguide.com\/wp-content\/uploads\/2024\/11\/6-min.jpg 986w, https:\/\/hand2noteguide.com\/wp-content\/uploads\/2024\/11\/6-min-300x212.jpg 300w, https:\/\/hand2noteguide.com\/wp-content\/uploads\/2024\/11\/6-min-768x543.jpg 768w, https:\/\/hand2noteguide.com\/wp-content\/uploads\/2024\/11\/6-min-772x546.jpg 772w, https:\/\/hand2noteguide.com\/wp-content\/uploads\/2024\/11\/6-min-624x441.jpg 624w\" sizes=\"auto, (max-width: 986px) 100vw, 986px\" \/><\/figure>\n<\/figure>\n\n\n\n<h2 class=\"wp-block-heading\">Quais s\u00e3o as Funcionalidades do Winamax Caption?<\/h2>\n\n\n\n<h3 class=\"wp-block-heading\">1. <strong>Teclas de Atalho<\/strong><\/h3>\n\n\n\n<ul class=\"wp-block-list\">\n<li>Teclas de atalho personaliz\u00e1veis para a\u00e7\u00f5es: check\/fold, call, bet\/raise, sair no pr\u00f3ximo big blind, fechar mesa, replayer e mais.<\/li>\n\n\n\n<li>Teclas de atalho para apostas com f\u00f3rmulas personalizadas.<\/li>\n\n\n\n<li>Atribuir teclas de atalho para clicar em pontos espec\u00edficos na mesa.<\/li>\n<\/ul>\n\n\n\n<h3 class=\"wp-block-heading\">2. <strong>Betscript<\/strong><\/h3>\n\n\n\n<ul class=\"wp-block-list\">\n<li>Definir tamanhos de aposta\/raise para v\u00e1rias situa\u00e7\u00f5es (por exemplo, preflop, postflop).<\/li>\n\n\n\n<li>Entrada autom\u00e1tica de valores de aposta predefinidos na caixa de apostas quando \u00e9 a vez do her\u00f3i.<\/li>\n\n\n\n<li>Bot\u00f5es na tela personaliz\u00e1veis com suporte a f\u00f3rmulas.<\/li>\n<\/ul>\n\n\n\n<h3 class=\"wp-block-heading\">3. <strong>HUD Personaliz\u00e1vel<\/strong><\/h3>\n\n\n\n<ul class=\"wp-block-list\">\n<li>Exibir informa\u00e7\u00f5es abrangentes: stake, n\u00edvel de blinds, odds de call, odds de push, SPR (Stack-to-Pot Ratio), equity de blefe, tamanho do pote e stack do her\u00f3i para a pr\u00f3xima street.<\/li>\n\n\n\n<li>Mostra valores como tamanho do pote e valor da caixa de apostas como uma porcentagem do pote.<\/li>\n\n\n\n<li>Valores num\u00e9ricos no HUD podem mudar de cor com base em limites que voc\u00ea define.<\/li>\n\n\n\n<li>R\u00f3tulos de posi\u00e7\u00e3o personaliz\u00e1veis para v\u00e1rios tamanhos de mesa.<\/li>\n\n\n\n<li>Suporte para criar m\u00faltiplos bot\u00f5es de aposta personalizados com f\u00f3rmulas.<\/li>\n<\/ul>\n\n\n\n<h3 class=\"wp-block-heading\">4. <strong>Destaque de Mesas<\/strong><\/h3>\n\n\n\n<ul class=\"wp-block-list\">\n<li>Destaque mesas com base em diferentes crit\u00e9rios:\n<ul class=\"wp-block-list\">\n<li>Mesa sob o cursor do mouse.<\/li>\n\n\n\n<li>Mesa onde \u00e9 a vez do her\u00f3i.<\/li>\n\n\n\n<li>N\u00edvel de blinds, tamanho do pote, tamanho do stack, status de buy-in e status ITM (In the Money).<\/li>\n<\/ul>\n<\/li>\n\n\n\n<li>Destaque com moldura e\/ou preenchimento para tornar as mesas ativas mais vis\u00edveis.<\/li>\n<\/ul>\n\n\n\n<h3 class=\"wp-block-heading\">5. <strong>Personaliza\u00e7\u00e3o da Roda do Mouse<\/strong><\/h3>\n\n\n\n<ul class=\"wp-block-list\">\n<li>Configurar a roda do mouse para ajustar tamanhos de aposta (em big blinds ou d\u00f3lares).<\/li>\n\n\n\n<li>Dire\u00e7\u00e3o da roda configur\u00e1vel para ajustes finos.<\/li>\n<\/ul>\n\n\n\n<h3 class=\"wp-block-heading\">6. <strong>Gerenciamento de Slots de Lobby e Mesas<\/strong><\/h3>\n\n\n\n<ul class=\"wp-block-list\">\n<li>Slots designados para o lobby, novas mesas e o replayer.<\/li>\n\n\n\n<li>Capacidade de organizar mesas para facilitar a navega\u00e7\u00e3o e o foco.<\/li>\n<\/ul>\n\n\n\n<h3 class=\"wp-block-heading\">7. <strong>Ativa\u00e7\u00e3o Autom\u00e1tica de Mesas<\/strong><\/h3>\n\n\n\n<ul class=\"wp-block-list\">\n<li>Ativar automaticamente mesas quando \u00e9 a vez do her\u00f3i agir.<\/li>\n\n\n\n<li>Configura\u00e7\u00f5es de ativa\u00e7\u00e3o incluem:\n<ul class=\"wp-block-list\">\n<li>Pelo tempo desde o recebimento da a\u00e7\u00e3o.<\/li>\n\n\n\n<li>Pelo tempo restante para a a\u00e7\u00e3o.<\/li>\n<\/ul>\n<\/li>\n\n\n\n<li>Op\u00e7\u00e3o para mover automaticamente o mouse para a mesa ativa.<\/li>\n\n\n\n<li>Pode desativar a autoativa\u00e7\u00e3o se o lobby principal estiver focado.<\/li>\n\n\n\n<li>Op\u00e7\u00e3o para autoativa\u00e7\u00e3o sem perder o foco na tela atual.<\/li>\n<\/ul>\n\n\n\n<h3 class=\"wp-block-heading\">8. <strong>Suporte ao Playground (Modo Stack)<\/strong><\/h3>\n\n\n\n<ul class=\"wp-block-list\">\n<li>Funciona totalmente no modo stack do Playground para multi-tabling mais eficiente em computadores mais lentos.<\/li>\n\n\n\n<li>Reduz o uso de recursos pelo cliente Winamax durante jogos de alto volume.<\/li>\n<\/ul>\n","protected":false},"excerpt":{"rendered":"<p>$30 (licen\u00e7a de 1 ano) WinamaxCaption \u00e9 uma ferramenta que melhora o jogo no Winamax Poker. \u00c9 totalmente aprovada pelo Winamax e aumenta a efici\u00eancia das suas sess\u00f5es com teclas de atalho personaliz\u00e1veis, um HUD detalhado, ativa\u00e7\u00e3o autom\u00e1tica de mesas e muito mais. As caracter\u00edsticas incluem: Perfeito para multi-tabling mais suave e r\u00e1pido. Quais s\u00e3o &hellip; <a href=\"https:\/\/hand2noteguide.com\/pt\/winamaxcaption\/\" class=\"more-link\">Continue reading <span class=\"screen-reader-text\">WinamaxCaption \ud83d\udca5 Seu Melhor Auxiliar no Winamax<\/span><\/a><\/p>\n","protected":false},"author":1,"featured_media":0,"parent":0,"menu_order":0,"comment_status":"closed","ping_status":"closed","template":"page-templates\/full-width-page.php","meta":{"footnotes":""},"class_list":["post-8774","page","type-page","status-publish","hentry"],"translation":{"provider":"WPGlobus","version":"3.0.2","language":"pt","enabled_languages":["en","ru","pt","zh","es","fr","de","it","ja"],"languages":{"en":{"title":true,"content":true,"excerpt":false},"ru":{"title":true,"content":true,"excerpt":false},"pt":{"title":true,"content":true,"excerpt":false},"zh":{"title":true,"content":true,"excerpt":false},"es":{"title":true,"content":true,"excerpt":false},"fr":{"title":true,"content":true,"excerpt":false},"de":{"title":true,"content":true,"excerpt":false},"it":{"title":true,"content":true,"excerpt":false},"ja":{"title":true,"content":true,"excerpt":false}}},"yoast_head":"<!-- This site is optimized with the Yoast SEO plugin v27.0 - https:\/\/yoast.com\/product\/yoast-seo-wordpress\/ -->\n<title>WinamaxCaption \ud83d\udca5 Seu Melhor Auxiliar no Winamax<\/title>\n<meta name=\"description\" content=\"WinamaxCaption melhora o cliente de Poker do Winamax com teclas de atalho, HUD, troca autom\u00e1tica de mesas e mais. Ferramenta aprovada para multi-tabling mais r\u00e1pido e f\u00e1cil.\" \/>\n<meta name=\"robots\" content=\"index, follow, max-snippet:-1, max-image-preview:large, max-video-preview:-1\" \/>\n<link rel=\"canonical\" href=\"https:\/\/hand2noteguide.com\/ru\/winamaxcaption\/\" \/>\n<meta property=\"og:locale\" content=\"pt_PT\" \/>\n<meta property=\"og:type\" content=\"article\" \/>\n<meta property=\"og:title\" content=\"WinamaxCaption \ud83d\udca5 Seu Melhor Auxiliar no Winamax\" \/>\n<meta property=\"og:description\" content=\"WinamaxCaption melhora o cliente de Poker do Winamax com teclas de atalho, HUD, troca autom\u00e1tica de mesas e mais. Ferramenta aprovada para multi-tabling mais r\u00e1pido e f\u00e1cil.\" \/>\n<meta property=\"og:url\" content=\"https:\/\/hand2noteguide.com\/ru\/winamaxcaption\/\" \/>\n<meta property=\"og:site_name\" content=\"Hand2Note Guide\" \/>\n<meta property=\"article:modified_time\" content=\"2026-02-21T07:44:54+00:00\" \/>\n<meta property=\"og:image\" content=\"https:\/\/hand2noteguide.com\/wp-content\/uploads\/2024\/11\/1-min.jpg\" \/>\n<meta name=\"twitter:card\" content=\"summary_large_image\" \/>\n<meta name=\"twitter:label1\" content=\"Est. reading time\" \/>\n\t<meta name=\"twitter:data1\" content=\"4 minutes\" \/>\n<!-- \/ Yoast SEO plugin. -->","yoast_head_json":{"title":"WinamaxCaption \ud83d\udca5 Seu Melhor Auxiliar no Winamax","description":"WinamaxCaption melhora o cliente de Poker do Winamax com teclas de atalho, HUD, troca autom\u00e1tica de mesas e mais. Ferramenta aprovada para multi-tabling mais r\u00e1pido e f\u00e1cil.","robots":{"index":"index","follow":"follow","max-snippet":"max-snippet:-1","max-image-preview":"max-image-preview:large","max-video-preview":"max-video-preview:-1"},"canonical":"https:\/\/hand2noteguide.com\/ru\/winamaxcaption\/","og_locale":"pt_PT","og_type":"article","og_title":"WinamaxCaption \ud83d\udca5 Seu Melhor Auxiliar no Winamax","og_description":"WinamaxCaption melhora o cliente de Poker do Winamax com teclas de atalho, HUD, troca autom\u00e1tica de mesas e mais. Ferramenta aprovada para multi-tabling mais r\u00e1pido e f\u00e1cil.","og_url":"https:\/\/hand2noteguide.com\/ru\/winamaxcaption\/","og_site_name":"Hand2Note Guide","article_modified_time":"2026-02-21T07:44:54+00:00","og_image":[{"url":"https:\/\/hand2noteguide.com\/wp-content\/uploads\/2024\/11\/1-min.jpg","type":"","width":"","height":""}],"twitter_card":"summary_large_image","twitter_misc":{"Est. reading time":"4 minutes"},"schema":{"@context":"https:\/\/schema.org","@graph":[]}},"jetpack_sharing_enabled":true,"_links":{"self":[{"href":"https:\/\/hand2noteguide.com\/pt\/wp-json\/wp\/v2\/pages\/8774","targetHints":{"allow":["GET"]}}],"collection":[{"href":"https:\/\/hand2noteguide.com\/pt\/wp-json\/wp\/v2\/pages"}],"about":[{"href":"https:\/\/hand2noteguide.com\/pt\/wp-json\/wp\/v2\/types\/page"}],"author":[{"embeddable":true,"href":"https:\/\/hand2noteguide.com\/pt\/wp-json\/wp\/v2\/users\/1"}],"replies":[{"embeddable":true,"href":"https:\/\/hand2noteguide.com\/pt\/wp-json\/wp\/v2\/comments?post=8774"}],"version-history":[{"count":14,"href":"https:\/\/hand2noteguide.com\/pt\/wp-json\/wp\/v2\/pages\/8774\/revisions"}],"predecessor-version":[{"id":15168,"href":"https:\/\/hand2noteguide.com\/pt\/wp-json\/wp\/v2\/pages\/8774\/revisions\/15168"}],"wp:attachment":[{"href":"https:\/\/hand2noteguide.com\/pt\/wp-json\/wp\/v2\/media?parent=8774"}],"curies":[{"name":"wp","href":"https:\/\/api.w.org\/{rel}","templated":true}]}}