{"id":9238,"date":"2025-03-15T01:15:37","date_gmt":"2025-03-14T22:15:37","guid":{"rendered":"https:\/\/hand2noteguide.com\/?page_id=9238"},"modified":"2026-03-10T11:10:12","modified_gmt":"2026-03-10T08:10:12","slug":"creating-and-using-aliases-in-hand2note","status":"publish","type":"page","link":"https:\/\/hand2noteguide.com\/pt\/user-manual\/creating-and-using-aliases-in-hand2note\/","title":{"rendered":"Criando e usando aliases no Hand2Note"},"content":{"rendered":"\n<p>Aliases permitem que voc\u00ea combine m\u00e3os jogadas de v\u00e1rias contas (apelidos\/IDs) juntas, proporcionando uma visualiza\u00e7\u00e3o de todos os seus resultados, sess\u00f5es e estat\u00edsticas em um \u00fanico formato de jogador.<\/p>\n\n\n\n<p>Este recurso \u00e9 \u00fatil quando:<\/p>\n\n\n\n<ul class=\"wp-block-list\">\n<li>voc\u00ea joga em v\u00e1rias salas e\/ou de v\u00e1rias contas (apelidos\/IDs), e deseja ver todos os seus dados como um s\u00f3;<\/li>\n\n\n\n<li>voc\u00ea conhece bem seu oponente, assim como muitas de suas contas (apelidos\/IDs) em diferentes sites, e deseja ver todas as suas estat\u00edsticas como um todo;<\/li>\n\n\n\n<li>voc\u00ea \u00e9 um treinador ou funda\u00e7\u00e3o ativo, e deseja ver os resultados de seus alunos ou jogadores &#8211; como um s\u00f3, para identificar vazamentos ou tend\u00eancias comuns.<\/li>\n<\/ul>\n\n\n\n<h2 class=\"wp-block-heading\">Criando um alias<\/h2>\n\n\n\n<p><em>A regra principal: antes de criar um alias, pelo menos uma m\u00e3o da conta (apelido\/ID) a ser adicionada ao alias deve ter sido jogada com o Hand2Note ativado, e deve ser exibida l\u00e1. Caso contr\u00e1rio, ao adicionar uma conta (apelido\/ID) ao alias, voc\u00ea simplesmente n\u00e3o a encontrar\u00e1 na lista oferecida de contas (apelidos\/IDs).<\/em><\/p>\n\n\n\n<p>1) Ap\u00f3s executar a \u201cRegra Principal\u201d, no canto inferior esquerdo da janela do Hand2Note, encontre a cl\u00e1usula \u201cConfiguration\u201d e clique nela (1). No menu de configura\u00e7\u00f5es aberto, selecione a aba \u201cAliases\u201d (2) e clique em \u201c+ Add Alias\u201d (3):<\/p>\n\n\n\n<figure class=\"wp-block-image size-large\"><img loading=\"lazy\" decoding=\"async\" width=\"1024\" height=\"549\" src=\"http:\/\/hand2noteguide.com\/wp-content\/uploads\/2025\/04\/alias-1-1024x549.jpg\" alt=\"\" class=\"wp-image-10120\" srcset=\"https:\/\/hand2noteguide.com\/wp-content\/uploads\/2025\/04\/alias-1-1024x549.jpg 1024w, https:\/\/hand2noteguide.com\/wp-content\/uploads\/2025\/04\/alias-1-300x161.jpg 300w, https:\/\/hand2noteguide.com\/wp-content\/uploads\/2025\/04\/alias-1-768x412.jpg 768w, https:\/\/hand2noteguide.com\/wp-content\/uploads\/2025\/04\/alias-1-1536x824.jpg 1536w, https:\/\/hand2noteguide.com\/wp-content\/uploads\/2025\/04\/alias-1-772x414.jpg 772w, https:\/\/hand2noteguide.com\/wp-content\/uploads\/2025\/04\/alias-1-624x335.jpg 624w, https:\/\/hand2noteguide.com\/wp-content\/uploads\/2025\/04\/alias-1.jpg 1600w\" sizes=\"auto, (max-width: 1024px) 100vw, 1024px\" \/><\/figure>\n\n\n\n<p>2) No menu aberto \u201cAdd Alias\u201d, no campo rotulado \u201cnew alias\u201d insira um nome para ele (sem usar s\u00edmbolos especiais) (1), ent\u00e3o ative a cl\u00e1usula \u201cis Single Person\u201d (opcional) clicando na caixa de sele\u00e7\u00e3o ao lado (2). No campo \u201cSearch Player\u201d (3), insira o apelido ou ID que deseja adicionar ao Alias, e assim que ele aparecer no menu abaixo, clique no \u201c+\u201d oposto a ele. (4). Repita os passos (3) e (4) com cada um dos apelidos ou IDs necess\u00e1rios a serem adicionados ao alias. Depois disso, certifique-se de que todos os apelidos ou IDs necess\u00e1rios estejam presentes no menu (5), e se tudo estiver pronto, clique em \u201cOK\u201d no canto inferior direito da janela (6).<\/p>\n\n\n\n<figure class=\"wp-block-image size-full\"><img loading=\"lazy\" decoding=\"async\" width=\"808\" height=\"826\" src=\"http:\/\/hand2noteguide.com\/wp-content\/uploads\/2025\/04\/alias-2.jpg\" alt=\"\" class=\"wp-image-10121\" srcset=\"https:\/\/hand2noteguide.com\/wp-content\/uploads\/2025\/04\/alias-2.jpg 808w, https:\/\/hand2noteguide.com\/wp-content\/uploads\/2025\/04\/alias-2-293x300.jpg 293w, https:\/\/hand2noteguide.com\/wp-content\/uploads\/2025\/04\/alias-2-768x785.jpg 768w, https:\/\/hand2noteguide.com\/wp-content\/uploads\/2025\/04\/alias-2-772x789.jpg 772w, https:\/\/hand2noteguide.com\/wp-content\/uploads\/2025\/04\/alias-2-610x624.jpg 610w\" sizes=\"auto, (max-width: 808px) 100vw, 808px\" \/><\/figure>\n\n\n\n<h3 class=\"wp-block-heading\">M\u00e9todo avan\u00e7ado: Criando aliases de jogadores com estat\u00edsticas espec\u00edficas<\/h3>\n\n\n\n<p>Usando o recurso <a href=\"https:\/\/hand2noteguide.com\/pt\/user-manual\/the-multiple-players-tool-in-hand2note-range-research\/\">Multiple Player Reports<\/a> do Hand2Note, voc\u00ea pode rapidamente criar um alias de jogadores que correspondam a filtros espec\u00edficos que voc\u00ea definir. Voc\u00ea pode fazer isso para analisar grupos espec\u00edficos de oponentes e construir uma estrat\u00e9gia explorat\u00f3ria contra eles.<\/p>\n\n\n\n<h2 class=\"wp-block-heading\">Usando um alias<\/h2>\n\n\n\n<p>Para visualizar os dados de um alias finalizado na aba \u201c<a href=\"https:\/\/hand2noteguide.com\/pt\/user-manual\/hand2note-report-menu\/\">Reports<\/a>\u201d, clique no \u00edcone do jogador (1), e ent\u00e3o na lista suspensa voc\u00ea pode encontr\u00e1-lo (2); clicando nele, voc\u00ea ver\u00e1 o relat\u00f3rio que precisa:<\/p>\n\n\n\n<figure class=\"wp-block-image size-large\"><img loading=\"lazy\" decoding=\"async\" width=\"1024\" height=\"551\" src=\"http:\/\/hand2noteguide.com\/wp-content\/uploads\/2025\/04\/alias-3-1024x551.jpg\" alt=\"\" class=\"wp-image-10122\" srcset=\"https:\/\/hand2noteguide.com\/wp-content\/uploads\/2025\/04\/alias-3-1024x551.jpg 1024w, https:\/\/hand2noteguide.com\/wp-content\/uploads\/2025\/04\/alias-3-300x161.jpg 300w, https:\/\/hand2noteguide.com\/wp-content\/uploads\/2025\/04\/alias-3-768x413.jpg 768w, https:\/\/hand2noteguide.com\/wp-content\/uploads\/2025\/04\/alias-3-1536x827.jpg 1536w, https:\/\/hand2noteguide.com\/wp-content\/uploads\/2025\/04\/alias-3-772x415.jpg 772w, https:\/\/hand2noteguide.com\/wp-content\/uploads\/2025\/04\/alias-3-624x336.jpg 624w, https:\/\/hand2noteguide.com\/wp-content\/uploads\/2025\/04\/alias-3.jpg 1600w\" sizes=\"auto, (max-width: 1024px) 100vw, 1024px\" \/><\/figure>\n\n\n\n<p>Para visualizar os dados de um alias pronto na aba \u201cStatistics\u201d, clique no \u00edcone do jogador (1), e na lista suspensa (2) voc\u00ea pode encontr\u00e1-lo; clicando nele, voc\u00ea ver\u00e1 as estat\u00edsticas que precisa:<\/p>\n\n\n\n<figure class=\"wp-block-image size-large\"><img loading=\"lazy\" decoding=\"async\" width=\"1024\" height=\"564\" src=\"http:\/\/hand2noteguide.com\/wp-content\/uploads\/2025\/04\/alias-4-1024x564.jpg\" alt=\"\" class=\"wp-image-10123\" srcset=\"https:\/\/hand2noteguide.com\/wp-content\/uploads\/2025\/04\/alias-4-1024x564.jpg 1024w, https:\/\/hand2noteguide.com\/wp-content\/uploads\/2025\/04\/alias-4-300x165.jpg 300w, https:\/\/hand2noteguide.com\/wp-content\/uploads\/2025\/04\/alias-4-768x423.jpg 768w, https:\/\/hand2noteguide.com\/wp-content\/uploads\/2025\/04\/alias-4-1536x847.jpg 1536w, https:\/\/hand2noteguide.com\/wp-content\/uploads\/2025\/04\/alias-4-772x426.jpg 772w, https:\/\/hand2noteguide.com\/wp-content\/uploads\/2025\/04\/alias-4-624x344.jpg 624w, https:\/\/hand2noteguide.com\/wp-content\/uploads\/2025\/04\/alias-4.jpg 1600w\" sizes=\"auto, (max-width: 1024px) 100vw, 1024px\" \/><\/figure>\n\n\n\n<p>Para visualizar os dados de um alias pronto na aba \u201cSessions\u201d, clique no \u00edcone do jogador (1), e na lista suspensa (2) voc\u00ea pode encontr\u00e1-lo; clicando nele, voc\u00ea ver\u00e1 as sess\u00f5es que precisa:<\/p>\n\n\n\n<figure class=\"wp-block-image size-large\"><img loading=\"lazy\" decoding=\"async\" width=\"1024\" height=\"577\" src=\"http:\/\/hand2noteguide.com\/wp-content\/uploads\/2025\/04\/alias-5-1024x577.jpg\" alt=\"\" class=\"wp-image-10124\" srcset=\"https:\/\/hand2noteguide.com\/wp-content\/uploads\/2025\/04\/alias-5-1024x577.jpg 1024w, https:\/\/hand2noteguide.com\/wp-content\/uploads\/2025\/04\/alias-5-300x169.jpg 300w, https:\/\/hand2noteguide.com\/wp-content\/uploads\/2025\/04\/alias-5-768x433.jpg 768w, https:\/\/hand2noteguide.com\/wp-content\/uploads\/2025\/04\/alias-5-1536x866.jpg 1536w, https:\/\/hand2noteguide.com\/wp-content\/uploads\/2025\/04\/alias-5-772x435.jpg 772w, https:\/\/hand2noteguide.com\/wp-content\/uploads\/2025\/04\/alias-5-624x352.jpg 624w, https:\/\/hand2noteguide.com\/wp-content\/uploads\/2025\/04\/alias-5.jpg 1600w\" sizes=\"auto, (max-width: 1024px) 100vw, 1024px\" \/><\/figure>\n\n\n\n<h2 class=\"wp-block-heading\">Conclus\u00e3o<\/h2>\n\n\n\n<p>Agora voc\u00ea sabe como criar aliases e conduzir uma an\u00e1lise mais completa de seus pr\u00f3prios resultados, bem como dos resultados de outros jogadores. O que, por sua vez, com a abordagem certa, ter\u00e1 um impacto positivo no seu $\/hora.<\/p>\n","protected":false},"excerpt":{"rendered":"<p>Aliases permitem que voc\u00ea combine m\u00e3os jogadas de v\u00e1rias contas (apelidos\/IDs) juntas, proporcionando uma visualiza\u00e7\u00e3o de todos os seus resultados, sess\u00f5es e estat\u00edsticas em um \u00fanico formato de jogador. Este recurso \u00e9 \u00fatil quando: Criando um alias A regra principal: antes de criar um alias, pelo menos uma m\u00e3o da conta (apelido\/ID) a ser adicionada &hellip; <a href=\"https:\/\/hand2noteguide.com\/pt\/user-manual\/creating-and-using-aliases-in-hand2note\/\" class=\"more-link\">Continue reading <span class=\"screen-reader-text\">Criando e usando aliases no Hand2Note<\/span><\/a><\/p>\n","protected":false},"author":3,"featured_media":10119,"parent":9199,"menu_order":0,"comment_status":"closed","ping_status":"closed","template":"","meta":{"footnotes":""},"class_list":["post-9238","page","type-page","status-publish","has-post-thumbnail","hentry"],"translation":{"provider":"WPGlobus","version":"3.0.2","language":"pt","enabled_languages":["en","ru","pt","zh","es","fr","de","it","ja"],"languages":{"en":{"title":true,"content":true,"excerpt":false},"ru":{"title":true,"content":true,"excerpt":false},"pt":{"title":true,"content":true,"excerpt":false},"zh":{"title":true,"content":true,"excerpt":false},"es":{"title":true,"content":true,"excerpt":false},"fr":{"title":true,"content":true,"excerpt":false},"de":{"title":true,"content":true,"excerpt":false},"it":{"title":true,"content":true,"excerpt":false},"ja":{"title":true,"content":true,"excerpt":false}}},"yoast_head":"<!-- This site is optimized with the Yoast SEO plugin v27.0 - https:\/\/yoast.com\/product\/yoast-seo-wordpress\/ -->\n<title>Criando e usando aliases no Hand2Note<\/title>\n<meta name=\"description\" content=\"Aprenda a criar e usar aliases no Hand2Note para mesclar dados de v\u00e1rias contas, melhorando a an\u00e1lise de poker, o acompanhamento de oponentes e as percep\u00e7\u00f5es de treinamento.\" \/>\n<meta name=\"robots\" content=\"index, follow, max-snippet:-1, max-image-preview:large, max-video-preview:-1\" \/>\n<link rel=\"canonical\" href=\"https:\/\/hand2noteguide.com\/user-manual\/creating-and-using-aliases-in-hand2note\/\" \/>\n<meta property=\"og:locale\" content=\"pt_PT\" \/>\n<meta property=\"og:type\" content=\"article\" \/>\n<meta property=\"og:title\" content=\"Criando e usando aliases no Hand2Note\" \/>\n<meta property=\"og:description\" content=\"Aprenda a criar e usar aliases no Hand2Note para mesclar dados de v\u00e1rias contas, melhorando a an\u00e1lise de poker, o acompanhamento de oponentes e as percep\u00e7\u00f5es de treinamento.\" \/>\n<meta property=\"og:url\" content=\"https:\/\/hand2noteguide.com\/user-manual\/creating-and-using-aliases-in-hand2note\/\" \/>\n<meta property=\"og:site_name\" content=\"Hand2Note Guide\" \/>\n<meta property=\"article:modified_time\" content=\"2026-03-10T08:10:12+00:00\" \/>\n<meta property=\"og:image\" content=\"https:\/\/hand2noteguide.com\/wp-content\/uploads\/2025\/04\/hand2note-alias.jpg\" \/>\n\t<meta property=\"og:image:width\" content=\"1600\" \/>\n\t<meta property=\"og:image:height\" content=\"933\" \/>\n\t<meta property=\"og:image:type\" content=\"image\/jpeg\" \/>\n<meta name=\"twitter:card\" content=\"summary_large_image\" \/>\n<meta name=\"twitter:label1\" content=\"Est. reading time\" \/>\n\t<meta name=\"twitter:data1\" content=\"17 minutes\" \/>\n<!-- \/ Yoast SEO plugin. -->","yoast_head_json":{"title":"Criando e usando aliases no Hand2Note","description":"Aprenda a criar e usar aliases no Hand2Note para mesclar dados de v\u00e1rias contas, melhorando a an\u00e1lise de poker, o acompanhamento de oponentes e as percep\u00e7\u00f5es de treinamento.","robots":{"index":"index","follow":"follow","max-snippet":"max-snippet:-1","max-image-preview":"max-image-preview:large","max-video-preview":"max-video-preview:-1"},"canonical":"https:\/\/hand2noteguide.com\/user-manual\/creating-and-using-aliases-in-hand2note\/","og_locale":"pt_PT","og_type":"article","og_title":"Criando e usando aliases no Hand2Note","og_description":"Aprenda a criar e usar aliases no Hand2Note para mesclar dados de v\u00e1rias contas, melhorando a an\u00e1lise de poker, o acompanhamento de oponentes e as percep\u00e7\u00f5es de treinamento.","og_url":"https:\/\/hand2noteguide.com\/user-manual\/creating-and-using-aliases-in-hand2note\/","og_site_name":"Hand2Note Guide","article_modified_time":"2026-03-10T08:10:12+00:00","og_image":[{"width":1600,"height":933,"url":"https:\/\/hand2noteguide.com\/wp-content\/uploads\/2025\/04\/hand2note-alias.jpg","type":"image\/jpeg"}],"twitter_card":"summary_large_image","twitter_misc":{"Est. reading time":"17 minutes"},"schema":{"@context":"https:\/\/schema.org","@graph":[]}},"jetpack_sharing_enabled":true,"_links":{"self":[{"href":"https:\/\/hand2noteguide.com\/pt\/wp-json\/wp\/v2\/pages\/9238","targetHints":{"allow":["GET"]}}],"collection":[{"href":"https:\/\/hand2noteguide.com\/pt\/wp-json\/wp\/v2\/pages"}],"about":[{"href":"https:\/\/hand2noteguide.com\/pt\/wp-json\/wp\/v2\/types\/page"}],"author":[{"embeddable":true,"href":"https:\/\/hand2noteguide.com\/pt\/wp-json\/wp\/v2\/users\/3"}],"replies":[{"embeddable":true,"href":"https:\/\/hand2noteguide.com\/pt\/wp-json\/wp\/v2\/comments?post=9238"}],"version-history":[{"count":21,"href":"https:\/\/hand2noteguide.com\/pt\/wp-json\/wp\/v2\/pages\/9238\/revisions"}],"predecessor-version":[{"id":15609,"href":"https:\/\/hand2noteguide.com\/pt\/wp-json\/wp\/v2\/pages\/9238\/revisions\/15609"}],"up":[{"embeddable":true,"href":"https:\/\/hand2noteguide.com\/pt\/wp-json\/wp\/v2\/pages\/9199"}],"wp:featuredmedia":[{"embeddable":true,"href":"https:\/\/hand2noteguide.com\/pt\/wp-json\/wp\/v2\/media\/10119"}],"wp:attachment":[{"href":"https:\/\/hand2noteguide.com\/pt\/wp-json\/wp\/v2\/media?parent=9238"}],"curies":[{"name":"wp","href":"https:\/\/api.w.org\/{rel}","templated":true}]}}