{"id":9242,"date":"2025-03-15T17:26:53","date_gmt":"2025-03-15T14:26:53","guid":{"rendered":"https:\/\/hand2noteguide.com\/?page_id=9242"},"modified":"2026-03-10T11:11:04","modified_gmt":"2026-03-10T08:11:04","slug":"export-import-aliases-in-hand2note","status":"publish","type":"page","link":"https:\/\/hand2noteguide.com\/pt\/user-manual\/export-import-aliases-in-hand2note\/","title":{"rendered":"Exportar\/Importar aliases no Hand2Note"},"content":{"rendered":"\n<p>O Hand2Note permite exportar e importar <a href=\"https:\/\/hand2noteguide.com\/pt\/user-manual\/creating-and-using-aliases-in-hand2note\/\">aliases<\/a> via arquivos de texto, o que simplifica muito o processo de cria\u00e7\u00e3o ou transfer\u00eancia de um Hand2Note para outro.<\/p>\n\n\n\n<div class=\"wp-block-group is-vertical is-content-justification-left is-layout-flex wp-container-core-group-is-layout-c0ca7d81 wp-block-group-is-layout-flex\">\n<p>Essas funcionalidades ser\u00e3o \u00fateis:<\/p>\n\n\n\n<div class=\"wp-block-group\"><div class=\"wp-block-group__inner-container is-layout-constrained wp-block-group-is-layout-constrained\">\n<ul class=\"wp-block-list\">\n<li>para treinadores ou fundos que analisam o jogo de seus alunos usando aliases, j\u00e1 que cri\u00e1-los manualmente \u00e9 demorado. Exportar e importar automatizar\u00e1 parcialmente essas etapas;<\/li>\n\n\n\n<li>para jogadores que est\u00e3o transferindo suas configura\u00e7\u00f5es do Hand2Note para um novo dispositivo e tamb\u00e9m desejam realizar uma transfer\u00eancia de alias.<\/li>\n<\/ul>\n<\/div><\/div>\n<\/div>\n\n\n\n<p>As capacidades de exporta\u00e7\u00e3o e importa\u00e7\u00e3o s\u00e3o dif\u00edceis de apreciar completamente, pois n\u00e3o \u00e9 apenas um processo de automa\u00e7\u00e3o da cria\u00e7\u00e3o e entrada de aliases, mas tamb\u00e9m facilita sua edi\u00e7\u00e3o, fus\u00e3o, divis\u00e3o e muitas outras funcionalidades que s\u00e3o muito mais f\u00e1ceis de realizar via arquivos de texto do que manualmente no ambiente do Hand2Note.<\/p>\n\n\n\n<h2 class=\"wp-block-heading\">Criando um arquivo de texto de alias<\/h2>\n\n\n\n<div class=\"wp-block-group\"><div class=\"wp-block-group__inner-container is-layout-constrained wp-block-group-is-layout-constrained\">\n<p>1) Crie um arquivo de texto vazio na sua \u00e1rea de trabalho: clique com o bot\u00e3o direito do mouse em qualquer espa\u00e7o livre na sua \u00e1rea de trabalho e selecione \u201cNovo &#8211; Documento de Texto\u201d:<\/p>\n\n\n\n<figure class=\"wp-block-image size-large\"><img loading=\"lazy\" decoding=\"async\" width=\"1024\" height=\"891\" src=\"http:\/\/hand2noteguide.com\/wp-content\/uploads\/2025\/04\/ex1-1024x891.jpg\" alt=\"\" class=\"wp-image-10130\" srcset=\"https:\/\/hand2noteguide.com\/wp-content\/uploads\/2025\/04\/ex1-1024x891.jpg 1024w, https:\/\/hand2noteguide.com\/wp-content\/uploads\/2025\/04\/ex1-300x261.jpg 300w, https:\/\/hand2noteguide.com\/wp-content\/uploads\/2025\/04\/ex1-768x668.jpg 768w, https:\/\/hand2noteguide.com\/wp-content\/uploads\/2025\/04\/ex1-772x672.jpg 772w, https:\/\/hand2noteguide.com\/wp-content\/uploads\/2025\/04\/ex1-624x543.jpg 624w, https:\/\/hand2noteguide.com\/wp-content\/uploads\/2025\/04\/ex1.jpg 1246w\" sizes=\"auto, (max-width: 1024px) 100vw, 1024px\" \/><\/figure>\n<\/div><\/div>\n\n\n\n<p><\/p>\n\n\n\n<p>2) Em seguida, defina o nome do arquivo de texto (em ingl\u00eas e sem caracteres especiais) e abra-o; aqui voc\u00ea criar\u00e1 um alias de jogador inserindo os dados de cada jogador em uma nova linha no seguinte formato:<\/p>\n\n\n\n<p>NOME DO ALIAS, APELIDO DO JOGADOR, NOME DA SALA DE P\u00d4QUER<\/p>\n\n\n\n<p><\/p>\n\n\n\n<p>No exemplo da captura de tela abaixo:<\/p>\n\n\n\n<ul class=\"wp-block-list\">\n<li>NOME DO ALIAS \u00e9 \u201c1\u201d<\/li>\n\n\n\n<li>NOME DA SALA DE P\u00d4QUER \u00e9 \u201cPokerStars.\u201d <\/li>\n\n\n\n<li>v\u00edrgula (\u201c,\u201d) &#8211; atua como um separador obrigat\u00f3rio entre os dados inseridos <\/li>\n\n\n\n<li>APELIDO DO JOGADOR &#8211; especificado entre o nome do alias e o nome da sala de p\u00f4quer, separados por v\u00edrgulas<\/li>\n<\/ul>\n\n\n\n<figure class=\"wp-block-image size-large\"><img loading=\"lazy\" decoding=\"async\" width=\"1024\" height=\"852\" src=\"http:\/\/hand2noteguide.com\/wp-content\/uploads\/2025\/04\/ex2-1024x852.jpg\" alt=\"\" class=\"wp-image-10131\" srcset=\"https:\/\/hand2noteguide.com\/wp-content\/uploads\/2025\/04\/ex2-1024x852.jpg 1024w, https:\/\/hand2noteguide.com\/wp-content\/uploads\/2025\/04\/ex2-300x250.jpg 300w, https:\/\/hand2noteguide.com\/wp-content\/uploads\/2025\/04\/ex2-768x639.jpg 768w, https:\/\/hand2noteguide.com\/wp-content\/uploads\/2025\/04\/ex2-772x642.jpg 772w, https:\/\/hand2noteguide.com\/wp-content\/uploads\/2025\/04\/ex2-624x519.jpg 624w, https:\/\/hand2noteguide.com\/wp-content\/uploads\/2025\/04\/ex2.jpg 1078w\" sizes=\"auto, (max-width: 1024px) 100vw, 1024px\" \/><\/figure>\n\n\n\n<div class=\"wp-block-group\"><div class=\"wp-block-group__inner-container is-layout-constrained wp-block-group-is-layout-constrained\">\n<p>Uma lista dos nomes de salas de p\u00f4quer mais populares para entrada:<\/p>\n\n\n\n<ul class=\"wp-block-list\">\n<li>PokerStars<\/li>\n\n\n\n<li>Pacific<\/li>\n\n\n\n<li>IPoker<\/li>\n\n\n\n<li>PokerBros<\/li>\n\n\n\n<li>PPPoker<\/li>\n\n\n\n<li>Xpoker<\/li>\n<\/ul>\n<\/div><\/div>\n\n\n\n<p><em>Se voc\u00ea n\u00e3o encontrar sua sala desejada nesta lista, por favor, pergunte ao servi\u00e7o de suporte ao cliente do Hand2Note pelo nome correto, n\u00e3o se esque\u00e7a de especificar que \u00e9 necess\u00e1rio para criar um arquivo de texto de alias.<\/em><\/p>\n\n\n\n<p><\/p>\n\n\n\n<p>3) Ap\u00f3s inserir todos os dados &#8211; salve o arquivo de texto em um local conveniente com a extens\u00e3o \u201cCSV\u201d (.csv). Isso pode ser feito editando o final no nome do arquivo &#8211; ap\u00f3s o ponto de \u201c.txt\u201d para \u201c.csv\u201d e salvando essa altera\u00e7\u00e3o.<\/p>\n\n\n\n<figure class=\"wp-block-image size-full\"><img loading=\"lazy\" decoding=\"async\" width=\"435\" height=\"105\" src=\"http:\/\/hand2noteguide.com\/wp-content\/uploads\/2025\/04\/ex3.jpg\" alt=\"\" class=\"wp-image-10132\" srcset=\"https:\/\/hand2noteguide.com\/wp-content\/uploads\/2025\/04\/ex3.jpg 435w, https:\/\/hand2noteguide.com\/wp-content\/uploads\/2025\/04\/ex3-300x72.jpg 300w\" sizes=\"auto, (max-width: 435px) 100vw, 435px\" \/><\/figure>\n\n\n\n<p>4) Carregue o arquivo de texto de alias criado no Hand2Note.<br>Para fazer isso, abra \u201cConfigura\u00e7\u00e3o\u201d na janela principal do Hand2Note, depois v\u00e1 para a aba \u201cAliases\u201d e clique em \u201c+ Importar do CSV\u201d, e no menu de busca de arquivos aberto encontre o arquivo de texto de alias que voc\u00ea criou e selecione-o.<br><\/p>\n\n\n\n<figure class=\"wp-block-image size-large\"><img loading=\"lazy\" decoding=\"async\" width=\"1024\" height=\"551\" src=\"http:\/\/hand2noteguide.com\/wp-content\/uploads\/2025\/04\/ex4-1024x551.jpg\" alt=\"\" class=\"wp-image-10133\" srcset=\"https:\/\/hand2noteguide.com\/wp-content\/uploads\/2025\/04\/ex4-1024x551.jpg 1024w, https:\/\/hand2noteguide.com\/wp-content\/uploads\/2025\/04\/ex4-300x161.jpg 300w, https:\/\/hand2noteguide.com\/wp-content\/uploads\/2025\/04\/ex4-768x413.jpg 768w, https:\/\/hand2noteguide.com\/wp-content\/uploads\/2025\/04\/ex4-1536x827.jpg 1536w, https:\/\/hand2noteguide.com\/wp-content\/uploads\/2025\/04\/ex4-772x415.jpg 772w, https:\/\/hand2noteguide.com\/wp-content\/uploads\/2025\/04\/ex4-624x336.jpg 624w, https:\/\/hand2noteguide.com\/wp-content\/uploads\/2025\/04\/ex4.jpg 1600w\" sizes=\"auto, (max-width: 1024px) 100vw, 1024px\" \/><\/figure>\n\n\n\n<p>Se tudo foi feito corretamente, o alias aparecer\u00e1 na lista de aliases e estar\u00e1 dispon\u00edvel para ser aberto e usado atrav\u00e9s do menu Relat\u00f3rios, Sess\u00f5es ou Estat\u00edsticas.<\/p>\n\n\n\n<p><br><em>Um acr\u00e9scimo \u00fatil:<br><br>Pouco antes de carregar no Hand2Note &#8211; voc\u00ea tamb\u00e9m pode editar arquivos de texto \u201cCSV\u201d usando um editor de tabelas, por exemplo, \u201cMicrosoft Excel\u201d, bem como criar ou editar usando algumas redes neurais. Isso simplifica e amplia muito as possibilidades de analisar, estruturar e editar dados dentro do arquivo; o principal \u00e9 cumprir estritamente o formato de entrada de dados: <\/em><\/p>\n\n\n\n<p><em>NOME DO ALIAS, APELIDO DO JOGADOR, NOME DA SALA DE P\u00d4QUER.<\/em><\/p>\n\n\n\n<h2 class=\"wp-block-heading\">Exportando um alias para um arquivo de texto<\/h2>\n\n\n\n<p>Para exportar aliases do Hand2Note &#8211; na janela principal do Hand2Note abra \u201cConfigura\u00e7\u00e3o\u201d, depois v\u00e1 para a aba \u201cAliases\u201d e clique em \u201c+ Exportar para CSV\u2026\u201d:<\/p>\n\n\n\n<figure class=\"wp-block-image size-large\"><img loading=\"lazy\" decoding=\"async\" width=\"1024\" height=\"545\" src=\"http:\/\/hand2noteguide.com\/wp-content\/uploads\/2025\/04\/ex5-1024x545.jpg\" alt=\"\" class=\"wp-image-10134\" srcset=\"https:\/\/hand2noteguide.com\/wp-content\/uploads\/2025\/04\/ex5-1024x545.jpg 1024w, https:\/\/hand2noteguide.com\/wp-content\/uploads\/2025\/04\/ex5-300x160.jpg 300w, https:\/\/hand2noteguide.com\/wp-content\/uploads\/2025\/04\/ex5-768x409.jpg 768w, https:\/\/hand2noteguide.com\/wp-content\/uploads\/2025\/04\/ex5-1536x818.jpg 1536w, https:\/\/hand2noteguide.com\/wp-content\/uploads\/2025\/04\/ex5-772x411.jpg 772w, https:\/\/hand2noteguide.com\/wp-content\/uploads\/2025\/04\/ex5-624x332.jpg 624w, https:\/\/hand2noteguide.com\/wp-content\/uploads\/2025\/04\/ex5.jpg 1600w\" sizes=\"auto, (max-width: 1024px) 100vw, 1024px\" \/><\/figure>\n\n\n\n<p><br>Depois disso, especifique o local de salvamento e d\u00ea um nome para o arquivo a ser salvo.<\/p>\n\n\n\n<h2 class=\"wp-block-heading\">Em conclus\u00e3o:<\/h2>\n\n\n\n<p>N\u00e3o tenha medo de experimentar &#8211; criar, exportar e importar aliases dentro de grandes funda\u00e7\u00f5es ou grandes grupos de jogadores \u00e9 uma habilidade extremamente importante e \u00fatil que oferece amplas oportunidades para analisar, agrupar, filtrar e avaliar jogadores &#8211; em um formato de grupo. Isso pode facilitar, expandir e sistematizar muito as informa\u00e7\u00f5es que voc\u00ea recebe.<\/p>\n","protected":false},"excerpt":{"rendered":"<p>O Hand2Note permite exportar e importar aliases via arquivos de texto, o que simplifica muito o processo de cria\u00e7\u00e3o ou transfer\u00eancia de um Hand2Note para outro. Essas funcionalidades ser\u00e3o \u00fateis: As capacidades de exporta\u00e7\u00e3o e importa\u00e7\u00e3o s\u00e3o dif\u00edceis de apreciar completamente, pois n\u00e3o \u00e9 apenas um processo de automa\u00e7\u00e3o da cria\u00e7\u00e3o e entrada de aliases, &hellip; <a href=\"https:\/\/hand2noteguide.com\/pt\/user-manual\/export-import-aliases-in-hand2note\/\" class=\"more-link\">Continue reading <span class=\"screen-reader-text\">Exportar\/Importar aliases no Hand2Note<\/span><\/a><\/p>\n","protected":false},"author":3,"featured_media":10129,"parent":9199,"menu_order":0,"comment_status":"closed","ping_status":"closed","template":"","meta":{"footnotes":""},"class_list":["post-9242","page","type-page","status-publish","has-post-thumbnail","hentry"],"translation":{"provider":"WPGlobus","version":"3.0.2","language":"pt","enabled_languages":["en","ru","pt","zh","es","fr","de","it","ja"],"languages":{"en":{"title":true,"content":true,"excerpt":false},"ru":{"title":true,"content":true,"excerpt":false},"pt":{"title":true,"content":true,"excerpt":false},"zh":{"title":true,"content":true,"excerpt":false},"es":{"title":true,"content":true,"excerpt":false},"fr":{"title":true,"content":true,"excerpt":false},"de":{"title":true,"content":true,"excerpt":false},"it":{"title":true,"content":true,"excerpt":false},"ja":{"title":true,"content":true,"excerpt":false}}},"yoast_head":"<!-- This site is optimized with the Yoast SEO plugin v27.0 - https:\/\/yoast.com\/product\/yoast-seo-wordpress\/ -->\n<title>Exportar\/Importar aliases no Hand2Note<\/title>\n<meta name=\"description\" content=\"Aprenda a criar, editar, importar e exportar arquivos de alias de jogador no Hand2Note usando o formato CSV para agrupamento e an\u00e1lise eficiente de jogadores.\" \/>\n<meta name=\"robots\" content=\"index, follow, max-snippet:-1, max-image-preview:large, max-video-preview:-1\" \/>\n<link rel=\"canonical\" href=\"https:\/\/hand2noteguide.com\/user-manual\/export-import-aliases-in-hand2note\/\" \/>\n<meta property=\"og:locale\" content=\"pt_PT\" \/>\n<meta property=\"og:type\" content=\"article\" \/>\n<meta property=\"og:title\" content=\"Exportar\/Importar aliases no Hand2Note\" \/>\n<meta property=\"og:description\" content=\"Aprenda a criar, editar, importar e exportar arquivos de alias de jogador no Hand2Note usando o formato CSV para agrupamento e an\u00e1lise eficiente de jogadores.\" \/>\n<meta property=\"og:url\" content=\"https:\/\/hand2noteguide.com\/user-manual\/export-import-aliases-in-hand2note\/\" \/>\n<meta property=\"og:site_name\" content=\"Hand2Note Guide\" \/>\n<meta property=\"article:modified_time\" content=\"2026-03-10T08:11:04+00:00\" \/>\n<meta property=\"og:image\" content=\"https:\/\/hand2noteguide.com\/wp-content\/uploads\/2025\/04\/export-import-aliases.jpg\" \/>\n\t<meta property=\"og:image:width\" content=\"1600\" \/>\n\t<meta property=\"og:image:height\" content=\"1600\" \/>\n\t<meta property=\"og:image:type\" content=\"image\/jpeg\" \/>\n<meta name=\"twitter:card\" content=\"summary_large_image\" \/>\n<meta name=\"twitter:label1\" content=\"Est. reading time\" \/>\n\t<meta name=\"twitter:data1\" content=\"21 minutes\" \/>\n<!-- \/ Yoast SEO plugin. -->","yoast_head_json":{"title":"Exportar\/Importar aliases no Hand2Note","description":"Aprenda a criar, editar, importar e exportar arquivos de alias de jogador no Hand2Note usando o formato CSV para agrupamento e an\u00e1lise eficiente de jogadores.","robots":{"index":"index","follow":"follow","max-snippet":"max-snippet:-1","max-image-preview":"max-image-preview:large","max-video-preview":"max-video-preview:-1"},"canonical":"https:\/\/hand2noteguide.com\/user-manual\/export-import-aliases-in-hand2note\/","og_locale":"pt_PT","og_type":"article","og_title":"Exportar\/Importar aliases no Hand2Note","og_description":"Aprenda a criar, editar, importar e exportar arquivos de alias de jogador no Hand2Note usando o formato CSV para agrupamento e an\u00e1lise eficiente de jogadores.","og_url":"https:\/\/hand2noteguide.com\/user-manual\/export-import-aliases-in-hand2note\/","og_site_name":"Hand2Note Guide","article_modified_time":"2026-03-10T08:11:04+00:00","og_image":[{"width":1600,"height":1600,"url":"https:\/\/hand2noteguide.com\/wp-content\/uploads\/2025\/04\/export-import-aliases.jpg","type":"image\/jpeg"}],"twitter_card":"summary_large_image","twitter_misc":{"Est. reading time":"21 minutes"},"schema":{"@context":"https:\/\/schema.org","@graph":[]}},"jetpack_sharing_enabled":true,"_links":{"self":[{"href":"https:\/\/hand2noteguide.com\/pt\/wp-json\/wp\/v2\/pages\/9242","targetHints":{"allow":["GET"]}}],"collection":[{"href":"https:\/\/hand2noteguide.com\/pt\/wp-json\/wp\/v2\/pages"}],"about":[{"href":"https:\/\/hand2noteguide.com\/pt\/wp-json\/wp\/v2\/types\/page"}],"author":[{"embeddable":true,"href":"https:\/\/hand2noteguide.com\/pt\/wp-json\/wp\/v2\/users\/3"}],"replies":[{"embeddable":true,"href":"https:\/\/hand2noteguide.com\/pt\/wp-json\/wp\/v2\/comments?post=9242"}],"version-history":[{"count":33,"href":"https:\/\/hand2noteguide.com\/pt\/wp-json\/wp\/v2\/pages\/9242\/revisions"}],"predecessor-version":[{"id":15610,"href":"https:\/\/hand2noteguide.com\/pt\/wp-json\/wp\/v2\/pages\/9242\/revisions\/15610"}],"up":[{"embeddable":true,"href":"https:\/\/hand2noteguide.com\/pt\/wp-json\/wp\/v2\/pages\/9199"}],"wp:featuredmedia":[{"embeddable":true,"href":"https:\/\/hand2noteguide.com\/pt\/wp-json\/wp\/v2\/media\/10129"}],"wp:attachment":[{"href":"https:\/\/hand2noteguide.com\/pt\/wp-json\/wp\/v2\/media?parent=9242"}],"curies":[{"name":"wp","href":"https:\/\/api.w.org\/{rel}","templated":true}]}}