{"id":9263,"date":"2025-03-19T18:08:46","date_gmt":"2025-03-19T15:08:46","guid":{"rendered":"https:\/\/hand2noteguide.com\/?page_id=9263"},"modified":"2026-03-10T11:11:49","modified_gmt":"2026-03-10T08:11:49","slug":"currency-display-settings-in-hand2note","status":"publish","type":"page","link":"https:\/\/hand2noteguide.com\/pt\/user-manual\/currency-display-settings-in-hand2note\/","title":{"rendered":"Configura\u00e7\u00f5es de exibi\u00e7\u00e3o de moeda no Hand2Note"},"content":{"rendered":"\n<p>O Hand2Note permite que voc\u00ea fa\u00e7a configura\u00e7\u00f5es detalhadas de moeda que afetam a exibi\u00e7\u00e3o de lucro ou perda em relat\u00f3rios e sess\u00f5es.<\/p>\n\n\n\n<h2 class=\"wp-block-heading\">Ao jogar em v\u00e1rios aplicativos de poker, o lucro ou perda pode n\u00e3o ser exibido corretamente<\/h2>\n\n\n\n<p>Por exemplo, quando voc\u00ea tem alguns aplicativos transferindo dados atrav\u00e9s de auto-importa\u00e7\u00e3o de m\u00e3os em moeda USD ($) e outros em moeda CNY (\u00a5); ao mesmo tempo, todas as contas jogadas est\u00e3o no mesmo alias.<\/p>\n\n\n\n<p>Al\u00e9m disso, voc\u00ea sabe com certeza que aplicativos que fornecem dados de jogo via auto-importa\u00e7\u00e3o em moeda CNY (\u00a5) na verdade n\u00e3o significam moeda CNY (\u00a5), mas sim moeda USD ($) em uma propor\u00e7\u00e3o de 1 para 1.<\/p>\n\n\n\n<p>Se voc\u00ea n\u00e3o fez ajustes de moeda, seus dados ficar\u00e3o assim:<\/p>\n\n\n\n<figure class=\"wp-block-image size-full\"><img loading=\"lazy\" decoding=\"async\" width=\"812\" height=\"785\" src=\"http:\/\/hand2noteguide.com\/wp-content\/uploads\/2025\/04\/currency-2.jpg\" alt=\"\" class=\"wp-image-10142\" srcset=\"https:\/\/hand2noteguide.com\/wp-content\/uploads\/2025\/04\/currency-2.jpg 812w, https:\/\/hand2noteguide.com\/wp-content\/uploads\/2025\/04\/currency-2-300x290.jpg 300w, https:\/\/hand2noteguide.com\/wp-content\/uploads\/2025\/04\/currency-2-768x742.jpg 768w, https:\/\/hand2noteguide.com\/wp-content\/uploads\/2025\/04\/currency-2-772x746.jpg 772w, https:\/\/hand2noteguide.com\/wp-content\/uploads\/2025\/04\/currency-2-624x603.jpg 624w\" sizes=\"auto, (max-width: 812px) 100vw, 812px\" \/><\/figure>\n\n\n\n<p>Onde destacado sob \u201c1\u201d est\u00e3o os resultados de contas no aplicativo com moeda USD ($), e sob \u201c2\u201d est\u00e3o os resultados de contas no aplicativo com moeda CNY (\u00a5).<\/p>\n\n\n\n<p>Observe mais de perto a aba \u201cResultados\u201d &#8211; a coluna \u201cGanho\u201d cont\u00e9m dados de resultados de diferentes moedas, que pelas configura\u00e7\u00f5es b\u00e1sicas do H2N s\u00e3o convertidos na taxa de c\u00e2mbio mundial de moeda CNY (\u00a5) para moeda USD ($) e fornece informa\u00e7\u00f5es resumidas nesta coluna abaixo na linha \u201cResumo\u201d.<\/p>\n\n\n\n<p>Como voc\u00ea sabe que o jogo em aplicativos com moeda CNY (\u00a5) para voc\u00ea \u00e9 na verdade calculado em moeda USD ($) na propor\u00e7\u00e3o de 1:1, esse tipo de configura\u00e7\u00e3o n\u00e3o \u00e9 adequado, pois a informa\u00e7\u00e3o na linha \u201cResumo\u201d n\u00e3o est\u00e1 correta devido \u00e0 convers\u00e3o na taxa incorreta para voc\u00ea.<\/p>\n\n\n\n<h2 class=\"wp-block-heading\">Para a exibi\u00e7\u00e3o correta de lucro ou perda, voc\u00ea precisa configurar as moedas<\/h2>\n\n\n\n<p>V\u00e1 para \u201cConfigura\u00e7\u00e3o\u201d, depois para \u201cMoedas\u201d e desmarque \u201cAuto buscar de uma bolsa de valores\u201d. Depois disso, encontre a coluna com a taxa de c\u00e2mbio necess\u00e1ria (por exemplo: \u201cUSD\/CNY\u201d) e altere para a propor\u00e7\u00e3o necess\u00e1ria (por exemplo: 1:1, ou seja, para o valor \u201c1\u201d).<\/p>\n\n\n\n<figure class=\"wp-block-image size-large\"><img loading=\"lazy\" decoding=\"async\" width=\"1024\" height=\"576\" src=\"http:\/\/hand2noteguide.com\/wp-content\/uploads\/2025\/04\/currency-3-1024x576.jpg\" alt=\"\" class=\"wp-image-10143\" srcset=\"https:\/\/hand2noteguide.com\/wp-content\/uploads\/2025\/04\/currency-3-1024x576.jpg 1024w, https:\/\/hand2noteguide.com\/wp-content\/uploads\/2025\/04\/currency-3-300x169.jpg 300w, https:\/\/hand2noteguide.com\/wp-content\/uploads\/2025\/04\/currency-3-768x432.jpg 768w, https:\/\/hand2noteguide.com\/wp-content\/uploads\/2025\/04\/currency-3-1536x864.jpg 1536w, https:\/\/hand2noteguide.com\/wp-content\/uploads\/2025\/04\/currency-3-772x434.jpg 772w, https:\/\/hand2noteguide.com\/wp-content\/uploads\/2025\/04\/currency-3-624x351.jpg 624w, https:\/\/hand2noteguide.com\/wp-content\/uploads\/2025\/04\/currency-3.jpg 1600w\" sizes=\"auto, (max-width: 1024px) 100vw, 1024px\" \/><\/figure>\n\n\n\n<p>Se tudo foi feito corretamente, seus dados mudar\u00e3o para os dados atuais como no exemplo abaixo:<\/p>\n\n\n\n<figure class=\"wp-block-image size-full\"><img loading=\"lazy\" decoding=\"async\" width=\"802\" height=\"784\" src=\"http:\/\/hand2noteguide.com\/wp-content\/uploads\/2025\/04\/currency-4.png\" alt=\"\" class=\"wp-image-10144\" srcset=\"https:\/\/hand2noteguide.com\/wp-content\/uploads\/2025\/04\/currency-4.png 802w, https:\/\/hand2noteguide.com\/wp-content\/uploads\/2025\/04\/currency-4-300x293.png 300w, https:\/\/hand2noteguide.com\/wp-content\/uploads\/2025\/04\/currency-4-768x751.png 768w, https:\/\/hand2noteguide.com\/wp-content\/uploads\/2025\/04\/currency-4-772x755.png 772w, https:\/\/hand2noteguide.com\/wp-content\/uploads\/2025\/04\/currency-4-624x610.png 624w\" sizes=\"auto, (max-width: 802px) 100vw, 802px\" \/><\/figure>\n\n\n\n<h2 class=\"wp-block-heading\">Quando voc\u00ea joga em diferentes clubes com diferentes valores de ficha, a configura\u00e7\u00e3o \u201cTaxas de Clube\u201d ir\u00e1 te ajudar<\/h2>\n\n\n\n<p>Para exibir corretamente a moeda ao jogar em clubes com diferentes pre\u00e7os de ficha, voc\u00ea precisa ir para \u201cConfigura\u00e7\u00e3o\u201d, depois selecionar a aba \u201cTaxas de Clube\u201d e clicar em \u201cAdicionar Taxas de Clube\u201d<\/p>\n\n\n\n<figure class=\"wp-block-image size-large\"><img loading=\"lazy\" decoding=\"async\" width=\"1024\" height=\"576\" src=\"http:\/\/hand2noteguide.com\/wp-content\/uploads\/2025\/04\/currency-5-1024x576.jpg\" alt=\"\" class=\"wp-image-10145\" srcset=\"https:\/\/hand2noteguide.com\/wp-content\/uploads\/2025\/04\/currency-5-1024x576.jpg 1024w, https:\/\/hand2noteguide.com\/wp-content\/uploads\/2025\/04\/currency-5-300x169.jpg 300w, https:\/\/hand2noteguide.com\/wp-content\/uploads\/2025\/04\/currency-5-768x432.jpg 768w, https:\/\/hand2noteguide.com\/wp-content\/uploads\/2025\/04\/currency-5-1536x864.jpg 1536w, https:\/\/hand2noteguide.com\/wp-content\/uploads\/2025\/04\/currency-5-772x434.jpg 772w, https:\/\/hand2noteguide.com\/wp-content\/uploads\/2025\/04\/currency-5-624x351.jpg 624w, https:\/\/hand2noteguide.com\/wp-content\/uploads\/2025\/04\/currency-5.jpg 1600w\" sizes=\"auto, (max-width: 1024px) 100vw, 1024px\" \/><\/figure>\n\n\n\n<p>Em seguida, na janela \u201cEditar Taxas de Clube\u201d, selecione o aplicativo desejado no menu suspenso \u201cSite de Poker\u201d (1), especifique o ID do clube para seu aplicativo no campo \u201cID do Clube\u201d (2) e, em frente a ele, no campo \u201cFicha em Usd\u201d (3) especifique o valor da ficha em USD (voc\u00ea pode verificar o valor da ficha com seu programa de afiliados ou agente que fornece acesso ao jogo neste clube). Ap\u00f3s clicar em \u201c+ Adicionar Taxa de Clube\u2026\u201d (4) repita os passos (1), (2) e (3) se for necess\u00e1rio ajustar a taxa para outros clubes.<\/p>\n\n\n\n<p>Depois de concluir as configura\u00e7\u00f5es, clique em \u201cOK\u201d (5).<\/p>\n\n\n\n<figure class=\"wp-block-image size-full\"><img loading=\"lazy\" decoding=\"async\" width=\"359\" height=\"348\" src=\"http:\/\/hand2noteguide.com\/wp-content\/uploads\/2025\/04\/currency-6.jpg\" alt=\"\" class=\"wp-image-10146\" srcset=\"https:\/\/hand2noteguide.com\/wp-content\/uploads\/2025\/04\/currency-6.jpg 359w, https:\/\/hand2noteguide.com\/wp-content\/uploads\/2025\/04\/currency-6-300x291.jpg 300w\" sizes=\"auto, (max-width: 359px) 100vw, 359px\" \/><\/figure>\n\n\n\n<p>Se tudo estiver correto, o Hand2Note deve ser reiniciado para que as altera\u00e7\u00f5es entrem em vigor e apare\u00e7am em relat\u00f3rios e sess\u00f5es.<\/p>\n","protected":false},"excerpt":{"rendered":"<p>O Hand2Note permite que voc\u00ea fa\u00e7a configura\u00e7\u00f5es detalhadas de moeda que afetam a exibi\u00e7\u00e3o de lucro ou perda em relat\u00f3rios e sess\u00f5es. Ao jogar em v\u00e1rios aplicativos de poker, o lucro ou perda pode n\u00e3o ser exibido corretamente Por exemplo, quando voc\u00ea tem alguns aplicativos transferindo dados atrav\u00e9s de auto-importa\u00e7\u00e3o de m\u00e3os em moeda USD &hellip; <a href=\"https:\/\/hand2noteguide.com\/pt\/user-manual\/currency-display-settings-in-hand2note\/\" class=\"more-link\">Continue reading <span class=\"screen-reader-text\">Configura\u00e7\u00f5es de exibi\u00e7\u00e3o de moeda no Hand2Note<\/span><\/a><\/p>\n","protected":false},"author":3,"featured_media":10141,"parent":9199,"menu_order":0,"comment_status":"closed","ping_status":"closed","template":"","meta":{"footnotes":""},"class_list":["post-9263","page","type-page","status-publish","has-post-thumbnail","hentry"],"translation":{"provider":"WPGlobus","version":"3.0.2","language":"pt","enabled_languages":["en","ru","pt","zh","es","fr","de","it","ja"],"languages":{"en":{"title":true,"content":true,"excerpt":false},"ru":{"title":true,"content":true,"excerpt":false},"pt":{"title":true,"content":true,"excerpt":false},"zh":{"title":true,"content":true,"excerpt":false},"es":{"title":true,"content":true,"excerpt":false},"fr":{"title":true,"content":true,"excerpt":false},"de":{"title":true,"content":true,"excerpt":false},"it":{"title":true,"content":true,"excerpt":false},"ja":{"title":true,"content":true,"excerpt":false}}},"yoast_head":"<!-- This site is optimized with the Yoast SEO plugin v27.0 - https:\/\/yoast.com\/product\/yoast-seo-wordpress\/ -->\n<title>Configura\u00e7\u00f5es de exibi\u00e7\u00e3o de moeda no Hand2Note<\/title>\n<meta name=\"description\" content=\"Configure as taxas de moeda e de clube no Hand2Note para garantir o rastreamento preciso de lucro\/perda em aplicativos com diferentes moedas ou valores de fichas.\" \/>\n<meta name=\"robots\" content=\"index, follow, max-snippet:-1, max-image-preview:large, max-video-preview:-1\" \/>\n<link rel=\"canonical\" href=\"https:\/\/hand2noteguide.com\/user-manual\/currency-display-settings-in-hand2note\/\" \/>\n<meta property=\"og:locale\" content=\"pt_PT\" \/>\n<meta property=\"og:type\" content=\"article\" \/>\n<meta property=\"og:title\" content=\"Configura\u00e7\u00f5es de exibi\u00e7\u00e3o de moeda no Hand2Note\" \/>\n<meta property=\"og:description\" content=\"Configure as taxas de moeda e de clube no Hand2Note para garantir o rastreamento preciso de lucro\/perda em aplicativos com diferentes moedas ou valores de fichas.\" \/>\n<meta property=\"og:url\" content=\"https:\/\/hand2noteguide.com\/user-manual\/currency-display-settings-in-hand2note\/\" \/>\n<meta property=\"og:site_name\" content=\"Hand2Note Guide\" \/>\n<meta property=\"article:modified_time\" content=\"2026-03-10T08:11:49+00:00\" \/>\n<meta property=\"og:image\" content=\"https:\/\/hand2noteguide.com\/wp-content\/uploads\/2025\/04\/currency-1.jpg\" \/>\n\t<meta property=\"og:image:width\" content=\"1600\" \/>\n\t<meta property=\"og:image:height\" content=\"1067\" \/>\n\t<meta property=\"og:image:type\" content=\"image\/jpeg\" \/>\n<meta name=\"twitter:card\" content=\"summary_large_image\" \/>\n<meta name=\"twitter:label1\" content=\"Est. reading time\" \/>\n\t<meta name=\"twitter:data1\" content=\"16 minutes\" \/>\n<!-- \/ Yoast SEO plugin. -->","yoast_head_json":{"title":"Configura\u00e7\u00f5es de exibi\u00e7\u00e3o de moeda no Hand2Note","description":"Configure as taxas de moeda e de clube no Hand2Note para garantir o rastreamento preciso de lucro\/perda em aplicativos com diferentes moedas ou valores de fichas.","robots":{"index":"index","follow":"follow","max-snippet":"max-snippet:-1","max-image-preview":"max-image-preview:large","max-video-preview":"max-video-preview:-1"},"canonical":"https:\/\/hand2noteguide.com\/user-manual\/currency-display-settings-in-hand2note\/","og_locale":"pt_PT","og_type":"article","og_title":"Configura\u00e7\u00f5es de exibi\u00e7\u00e3o de moeda no Hand2Note","og_description":"Configure as taxas de moeda e de clube no Hand2Note para garantir o rastreamento preciso de lucro\/perda em aplicativos com diferentes moedas ou valores de fichas.","og_url":"https:\/\/hand2noteguide.com\/user-manual\/currency-display-settings-in-hand2note\/","og_site_name":"Hand2Note Guide","article_modified_time":"2026-03-10T08:11:49+00:00","og_image":[{"width":1600,"height":1067,"url":"https:\/\/hand2noteguide.com\/wp-content\/uploads\/2025\/04\/currency-1.jpg","type":"image\/jpeg"}],"twitter_card":"summary_large_image","twitter_misc":{"Est. reading time":"16 minutes"},"schema":{"@context":"https:\/\/schema.org","@graph":[]}},"jetpack_sharing_enabled":true,"_links":{"self":[{"href":"https:\/\/hand2noteguide.com\/pt\/wp-json\/wp\/v2\/pages\/9263","targetHints":{"allow":["GET"]}}],"collection":[{"href":"https:\/\/hand2noteguide.com\/pt\/wp-json\/wp\/v2\/pages"}],"about":[{"href":"https:\/\/hand2noteguide.com\/pt\/wp-json\/wp\/v2\/types\/page"}],"author":[{"embeddable":true,"href":"https:\/\/hand2noteguide.com\/pt\/wp-json\/wp\/v2\/users\/3"}],"replies":[{"embeddable":true,"href":"https:\/\/hand2noteguide.com\/pt\/wp-json\/wp\/v2\/comments?post=9263"}],"version-history":[{"count":33,"href":"https:\/\/hand2noteguide.com\/pt\/wp-json\/wp\/v2\/pages\/9263\/revisions"}],"predecessor-version":[{"id":15611,"href":"https:\/\/hand2noteguide.com\/pt\/wp-json\/wp\/v2\/pages\/9263\/revisions\/15611"}],"up":[{"embeddable":true,"href":"https:\/\/hand2noteguide.com\/pt\/wp-json\/wp\/v2\/pages\/9199"}],"wp:featuredmedia":[{"embeddable":true,"href":"https:\/\/hand2noteguide.com\/pt\/wp-json\/wp\/v2\/media\/10141"}],"wp:attachment":[{"href":"https:\/\/hand2noteguide.com\/pt\/wp-json\/wp\/v2\/media?parent=9263"}],"curies":[{"name":"wp","href":"https:\/\/api.w.org\/{rel}","templated":true}]}}