{"id":9299,"date":"2025-03-20T01:00:47","date_gmt":"2025-03-19T22:00:47","guid":{"rendered":"https:\/\/hand2noteguide.com\/?page_id=9299"},"modified":"2026-03-10T11:12:55","modified_gmt":"2026-03-10T08:12:55","slug":"setting-up-an-auto-import-in-hand2note","status":"publish","type":"page","link":"https:\/\/hand2noteguide.com\/pt\/user-manual\/setting-up-an-auto-import-in-hand2note\/","title":{"rendered":"Configurando a importa\u00e7\u00e3o autom\u00e1tica no Hand2Note"},"content":{"rendered":"\n<p>Ao jogar na maioria das salas de poker cl\u00e1ssicas com o Hand2Note &#8211; a fun\u00e7\u00e3o de importa\u00e7\u00e3o autom\u00e1tica deve ser configurada corretamente.<\/p>\n\n\n\n<p>Ela \u00e9 respons\u00e1vel por coletar estat\u00edsticas que ocorrem nas mesas &#8211; no decorrer das m\u00e3os. Isso, por sua vez, permite processar e atualizar imediatamente as estat\u00edsticas dos seus oponentes no HUD e POPUP.<\/p>\n\n\n\n<h2 class=\"wp-block-heading\">Instru\u00e7\u00f5es gerais passo a passo para configurar a importa\u00e7\u00e3o autom\u00e1tica<\/h2>\n\n\n\n<p>A configura\u00e7\u00e3o da importa\u00e7\u00e3o autom\u00e1tica consiste em v\u00e1rias etapas:<\/p>\n\n\n\n<ol class=\"wp-block-list\">\n<li>Ativar o recurso de salvamento local de m\u00e3os no cliente da sala de poker;<\/li>\n\n\n\n<li>Encontrar e copiar o caminho para a localiza\u00e7\u00e3o da pasta de salvamento local de m\u00e3os do cliente de poker;<\/li>\n\n\n\n<li>Abrir no Hand2Note &#8211; &#8220;Configuration&#8221;, depois ir para a aba &#8220;Auto import&#8221; e clicar no bot\u00e3o &#8220;+ Add auto import folder\u2026&#8221;;<\/li>\n\n\n\n<li>No janela de busca de pastas, especificar o caminho para a localiza\u00e7\u00e3o previamente copiada da pasta de salvamento local do cliente de poker.<\/li>\n<\/ol>\n\n\n\n<p>Se tudo for feito corretamente, a fun\u00e7\u00e3o de importa\u00e7\u00e3o autom\u00e1tica funcionar\u00e1. Ser\u00e1 poss\u00edvel garantir que, no momento de jogar nas mesas, as estat\u00edsticas ser\u00e3o coletadas e alteradas &#8211; no decorrer das m\u00e3os.<\/p>\n\n\n\n<h3 class=\"wp-block-heading\">Exemplos de configura\u00e7\u00e3o da fun\u00e7\u00e3o de importa\u00e7\u00e3o autom\u00e1tica do Hand2Note ao jogar em sites de poker populares<\/h3>\n\n\n\n<figure class=\"wp-block-gallery has-nested-images columns-3 is-cropped wp-block-gallery-1 is-layout-flex wp-block-gallery-is-layout-flex\">\n<figure class=\"wp-block-image size-full\"><img loading=\"lazy\" decoding=\"async\" width=\"2312\" height=\"945\" data-id=\"9331\" src=\"https:\/\/hand2noteguide.com\/wp-content\/uploads\/2025\/03\/PS-1.png\" alt=\"\" class=\"wp-image-9331\" srcset=\"https:\/\/hand2noteguide.com\/wp-content\/uploads\/2025\/03\/PS-1.png 2312w, https:\/\/hand2noteguide.com\/wp-content\/uploads\/2025\/03\/PS-1-300x123.png 300w, https:\/\/hand2noteguide.com\/wp-content\/uploads\/2025\/03\/PS-1-1024x419.png 1024w, https:\/\/hand2noteguide.com\/wp-content\/uploads\/2025\/03\/PS-1-768x314.png 768w, https:\/\/hand2noteguide.com\/wp-content\/uploads\/2025\/03\/PS-1-1536x628.png 1536w, https:\/\/hand2noteguide.com\/wp-content\/uploads\/2025\/03\/PS-1-2048x837.png 2048w, https:\/\/hand2noteguide.com\/wp-content\/uploads\/2025\/03\/PS-1-772x316.png 772w, https:\/\/hand2noteguide.com\/wp-content\/uploads\/2025\/03\/PS-1-624x255.png 624w\" sizes=\"auto, (max-width: 2312px) 100vw, 2312px\" \/><figcaption class=\"wp-element-caption\">PokerStars<\/figcaption><\/figure>\n\n\n\n<figure class=\"wp-block-image size-full\"><img loading=\"lazy\" decoding=\"async\" width=\"1799\" height=\"868\" data-id=\"9333\" src=\"https:\/\/hand2noteguide.com\/wp-content\/uploads\/2025\/03\/888-1.png\" alt=\"\" class=\"wp-image-9333\" srcset=\"https:\/\/hand2noteguide.com\/wp-content\/uploads\/2025\/03\/888-1.png 1799w, https:\/\/hand2noteguide.com\/wp-content\/uploads\/2025\/03\/888-1-300x145.png 300w, https:\/\/hand2noteguide.com\/wp-content\/uploads\/2025\/03\/888-1-1024x494.png 1024w, https:\/\/hand2noteguide.com\/wp-content\/uploads\/2025\/03\/888-1-768x371.png 768w, https:\/\/hand2noteguide.com\/wp-content\/uploads\/2025\/03\/888-1-1536x741.png 1536w, https:\/\/hand2noteguide.com\/wp-content\/uploads\/2025\/03\/888-1-772x372.png 772w, https:\/\/hand2noteguide.com\/wp-content\/uploads\/2025\/03\/888-1-624x301.png 624w\" sizes=\"auto, (max-width: 1799px) 100vw, 1799px\" \/><figcaption class=\"wp-element-caption\">888Poker (Pacific)<\/figcaption><\/figure>\n\n\n\n<figure class=\"wp-block-image size-full\"><img loading=\"lazy\" decoding=\"async\" width=\"1885\" height=\"712\" data-id=\"9330\" src=\"https:\/\/hand2noteguide.com\/wp-content\/uploads\/2025\/03\/EvenBet-Platform-SW\u0421-Poker-1.png\" alt=\"\" class=\"wp-image-9330\" srcset=\"https:\/\/hand2noteguide.com\/wp-content\/uploads\/2025\/03\/EvenBet-Platform-SW\u0421-Poker-1.png 1885w, https:\/\/hand2noteguide.com\/wp-content\/uploads\/2025\/03\/EvenBet-Platform-SW\u0421-Poker-1-300x113.png 300w, https:\/\/hand2noteguide.com\/wp-content\/uploads\/2025\/03\/EvenBet-Platform-SW\u0421-Poker-1-1024x387.png 1024w, https:\/\/hand2noteguide.com\/wp-content\/uploads\/2025\/03\/EvenBet-Platform-SW\u0421-Poker-1-768x290.png 768w, https:\/\/hand2noteguide.com\/wp-content\/uploads\/2025\/03\/EvenBet-Platform-SW\u0421-Poker-1-1536x580.png 1536w, https:\/\/hand2noteguide.com\/wp-content\/uploads\/2025\/03\/EvenBet-Platform-SW\u0421-Poker-1-772x292.png 772w, https:\/\/hand2noteguide.com\/wp-content\/uploads\/2025\/03\/EvenBet-Platform-SW\u0421-Poker-1-624x236.png 624w\" sizes=\"auto, (max-width: 1885px) 100vw, 1885px\" \/><figcaption class=\"wp-element-caption\">EvenBet Platform (SW\u0421 Poker)<\/figcaption><\/figure>\n\n\n\n<figure class=\"wp-block-image size-full\"><img loading=\"lazy\" decoding=\"async\" width=\"1831\" height=\"769\" data-id=\"9332\" src=\"https:\/\/hand2noteguide.com\/wp-content\/uploads\/2025\/03\/Winamax-1.png\" alt=\"\" class=\"wp-image-9332\" srcset=\"https:\/\/hand2noteguide.com\/wp-content\/uploads\/2025\/03\/Winamax-1.png 1831w, https:\/\/hand2noteguide.com\/wp-content\/uploads\/2025\/03\/Winamax-1-300x126.png 300w, https:\/\/hand2noteguide.com\/wp-content\/uploads\/2025\/03\/Winamax-1-1024x430.png 1024w, https:\/\/hand2noteguide.com\/wp-content\/uploads\/2025\/03\/Winamax-1-768x323.png 768w, https:\/\/hand2noteguide.com\/wp-content\/uploads\/2025\/03\/Winamax-1-1536x645.png 1536w, https:\/\/hand2noteguide.com\/wp-content\/uploads\/2025\/03\/Winamax-1-772x324.png 772w, https:\/\/hand2noteguide.com\/wp-content\/uploads\/2025\/03\/Winamax-1-624x262.png 624w\" sizes=\"auto, (max-width: 1831px) 100vw, 1831px\" \/><figcaption class=\"wp-element-caption\">Winamax<\/figcaption><\/figure>\n\n\n\n<figure class=\"wp-block-image size-full\"><img loading=\"lazy\" decoding=\"async\" width=\"1918\" height=\"740\" data-id=\"9334\" src=\"https:\/\/hand2noteguide.com\/wp-content\/uploads\/2025\/03\/WPN-1.png\" alt=\"\" class=\"wp-image-9334\" srcset=\"https:\/\/hand2noteguide.com\/wp-content\/uploads\/2025\/03\/WPN-1.png 1918w, https:\/\/hand2noteguide.com\/wp-content\/uploads\/2025\/03\/WPN-1-300x116.png 300w, https:\/\/hand2noteguide.com\/wp-content\/uploads\/2025\/03\/WPN-1-1024x395.png 1024w, https:\/\/hand2noteguide.com\/wp-content\/uploads\/2025\/03\/WPN-1-768x296.png 768w, https:\/\/hand2noteguide.com\/wp-content\/uploads\/2025\/03\/WPN-1-1536x593.png 1536w, https:\/\/hand2noteguide.com\/wp-content\/uploads\/2025\/03\/WPN-1-772x298.png 772w, https:\/\/hand2noteguide.com\/wp-content\/uploads\/2025\/03\/WPN-1-624x241.png 624w\" sizes=\"auto, (max-width: 1918px) 100vw, 1918px\" \/><figcaption class=\"wp-element-caption\">ACR Poker (WPN)<\/figcaption><\/figure>\n<\/figure>\n\n\n\n<h3 class=\"wp-block-heading\">Exemplo de configura\u00e7\u00e3o da importa\u00e7\u00e3o autom\u00e1tica para a sala de poker \u201cRedStar\u201d<\/h3>\n\n\n\n<p>A primeira coisa que voc\u00ea precisa fazer \u00e9 encontrar e ativar a fun\u00e7\u00e3o de salvamento local de m\u00e3os no cliente de poker. Para fazer isso, passe o mouse sobre o \u00edcone do avatar no canto superior esquerdo do cliente de poker (1) e clique em \u201cSettings\u201d (2). Em seguida, encontre o item \u201cStore hand history locally\u201d e marque a caixa (3).<\/p>\n\n\n\n<figure class=\"wp-block-image size-full\"><img loading=\"lazy\" decoding=\"async\" width=\"1001\" height=\"718\" src=\"https:\/\/hand2noteguide.com\/wp-content\/uploads\/2025\/03\/RedStar.jpg\" alt=\"\" class=\"wp-image-9311\" srcset=\"https:\/\/hand2noteguide.com\/wp-content\/uploads\/2025\/03\/RedStar.jpg 1001w, https:\/\/hand2noteguide.com\/wp-content\/uploads\/2025\/03\/RedStar-300x215.jpg 300w, https:\/\/hand2noteguide.com\/wp-content\/uploads\/2025\/03\/RedStar-768x551.jpg 768w, https:\/\/hand2noteguide.com\/wp-content\/uploads\/2025\/03\/RedStar-772x554.jpg 772w, https:\/\/hand2noteguide.com\/wp-content\/uploads\/2025\/03\/RedStar-624x448.jpg 624w\" sizes=\"auto, (max-width: 1001px) 100vw, 1001px\" \/><\/figure>\n\n\n\n<p>Em seguida, feche o cliente de poker, encontre seu atalho na \u00e1rea de trabalho e clique nele com o RMB (bot\u00e3o direito do mouse), na lista suspensa, selecione \u201cOpen file location\u201d.<\/p>\n\n\n\n<figure class=\"wp-block-image size-full\"><img loading=\"lazy\" decoding=\"async\" width=\"530\" height=\"517\" src=\"https:\/\/hand2noteguide.com\/wp-content\/uploads\/2025\/03\/\u0411\u0435\u0437-\u0438\u043c\u0435\u043d\u0438-2.jpg\" alt=\"\" class=\"wp-image-9312\" srcset=\"https:\/\/hand2noteguide.com\/wp-content\/uploads\/2025\/03\/\u0411\u0435\u0437-\u0438\u043c\u0435\u043d\u0438-2.jpg 530w, https:\/\/hand2noteguide.com\/wp-content\/uploads\/2025\/03\/\u0411\u0435\u0437-\u0438\u043c\u0435\u043d\u0438-2-300x293.jpg 300w\" sizes=\"auto, (max-width: 530px) 100vw, 530px\" \/><\/figure>\n\n\n\n<p>Ap\u00f3s abrir a pasta raiz do cliente de poker, ser\u00e1 necess\u00e1rio encontrar a pasta de salvamento local de m\u00e3os, abri-la e copiar o caminho para ela.<\/p>\n\n\n\n<p>Na maioria dos casos, ela est\u00e1 localizada na pasta \u201cdata\u201d (1) e tem o apelido do jogador em seu nome (no exemplo abaixo &#8211; \u201cHero_nickname\u201d (2)). Copie o caminho para a pasta \u201cHero_nickname\u201d clicando com o bot\u00e3o direito na barra de endere\u00e7o na parte superior da janela (3) e clique em \u201cCopy\u201d (4).<\/p>\n\n\n\n<figure class=\"wp-block-image size-large\"><img loading=\"lazy\" decoding=\"async\" width=\"1024\" height=\"599\" src=\"https:\/\/hand2noteguide.com\/wp-content\/uploads\/2025\/03\/\u0411\u0435\u0437-\u0438\u043c\u0435\u043d\u0438-3-1024x599.jpg\" alt=\"\" class=\"wp-image-9313\" srcset=\"https:\/\/hand2noteguide.com\/wp-content\/uploads\/2025\/03\/\u0411\u0435\u0437-\u0438\u043c\u0435\u043d\u0438-3-1024x599.jpg 1024w, https:\/\/hand2noteguide.com\/wp-content\/uploads\/2025\/03\/\u0411\u0435\u0437-\u0438\u043c\u0435\u043d\u0438-3-300x176.jpg 300w, https:\/\/hand2noteguide.com\/wp-content\/uploads\/2025\/03\/\u0411\u0435\u0437-\u0438\u043c\u0435\u043d\u0438-3-768x449.jpg 768w, https:\/\/hand2noteguide.com\/wp-content\/uploads\/2025\/03\/\u0411\u0435\u0437-\u0438\u043c\u0435\u043d\u0438-3-1536x899.jpg 1536w, https:\/\/hand2noteguide.com\/wp-content\/uploads\/2025\/03\/\u0411\u0435\u0437-\u0438\u043c\u0435\u043d\u0438-3-772x452.jpg 772w, https:\/\/hand2noteguide.com\/wp-content\/uploads\/2025\/03\/\u0411\u0435\u0437-\u0438\u043c\u0435\u043d\u0438-3-624x365.jpg 624w, https:\/\/hand2noteguide.com\/wp-content\/uploads\/2025\/03\/\u0411\u0435\u0437-\u0438\u043c\u0435\u043d\u0438-3.jpg 1806w\" sizes=\"auto, (max-width: 1024px) 100vw, 1024px\" \/><\/figure>\n\n\n\n<p>Agora abra o Hand2Note, encontre e clique em \u201cConfiguration\u201d (1), \u201cAuto import\u201d (2) e nele clique no bot\u00e3o \u201c+ Add auto import folder\u2026\u201d (3). Na janela de busca de pastas aberta, especifique o caminho para a localiza\u00e7\u00e3o previamente copiada da pasta de salvamento local do cliente de poker (4), certifique-se de que \u00e9 exatamente a pasta aberta na janela de busca de pastas e clique em \u201cSelect a folder\u201d (5).<\/p>\n\n\n\n<figure class=\"wp-block-image size-large\"><img loading=\"lazy\" decoding=\"async\" width=\"1024\" height=\"549\" src=\"https:\/\/hand2noteguide.com\/wp-content\/uploads\/2025\/03\/\u0411\u0435\u0437-\u0438\u043c\u0435\u043d\u0438-1-1024x549.jpg\" alt=\"\" class=\"wp-image-9314\" srcset=\"https:\/\/hand2noteguide.com\/wp-content\/uploads\/2025\/03\/\u0411\u0435\u0437-\u0438\u043c\u0435\u043d\u0438-1-1024x549.jpg 1024w, https:\/\/hand2noteguide.com\/wp-content\/uploads\/2025\/03\/\u0411\u0435\u0437-\u0438\u043c\u0435\u043d\u0438-1-300x161.jpg 300w, https:\/\/hand2noteguide.com\/wp-content\/uploads\/2025\/03\/\u0411\u0435\u0437-\u0438\u043c\u0435\u043d\u0438-1-768x412.jpg 768w, https:\/\/hand2noteguide.com\/wp-content\/uploads\/2025\/03\/\u0411\u0435\u0437-\u0438\u043c\u0435\u043d\u0438-1-1536x824.jpg 1536w, https:\/\/hand2noteguide.com\/wp-content\/uploads\/2025\/03\/\u0411\u0435\u0437-\u0438\u043c\u0435\u043d\u0438-1-772x414.jpg 772w, https:\/\/hand2noteguide.com\/wp-content\/uploads\/2025\/03\/\u0411\u0435\u0437-\u0438\u043c\u0435\u043d\u0438-1-624x335.jpg 624w, https:\/\/hand2noteguide.com\/wp-content\/uploads\/2025\/03\/\u0411\u0435\u0437-\u0438\u043c\u0435\u043d\u0438-1.jpg 1914w\" sizes=\"auto, (max-width: 1024px) 100vw, 1024px\" \/><\/figure>\n\n\n\n<p>Para garantir que a importa\u00e7\u00e3o autom\u00e1tica est\u00e1 configurada corretamente, ser\u00e1 suficiente sentar-se nas mesas e jogar um pequeno n\u00famero de m\u00e3os. Preste aten\u00e7\u00e3o ao HUD e POPUP, voc\u00ea notar\u00e1 que os valores das estat\u00edsticas mudam a cada m\u00e3o jogada de acordo com a a\u00e7\u00e3o em andamento nas mesas.<\/p>\n\n\n\n<p>Veja tamb\u00e9m: <a href=\"https:\/\/hand2note.com\/Help\/getting-started\" target=\"_blank\" rel=\"noreferrer noopener\">Manual oficial do Hand2Note: Guia de in\u00edcio<\/a>.<\/p>\n","protected":false},"excerpt":{"rendered":"<p>Ao jogar na maioria das salas de poker cl\u00e1ssicas com o Hand2Note &#8211; a fun\u00e7\u00e3o de importa\u00e7\u00e3o autom\u00e1tica deve ser configurada corretamente. Ela \u00e9 respons\u00e1vel por coletar estat\u00edsticas que ocorrem nas mesas &#8211; no decorrer das m\u00e3os. Isso, por sua vez, permite processar e atualizar imediatamente as estat\u00edsticas dos seus oponentes no HUD e POPUP. &hellip; <a href=\"https:\/\/hand2noteguide.com\/pt\/user-manual\/setting-up-an-auto-import-in-hand2note\/\" class=\"more-link\">Continue reading <span class=\"screen-reader-text\">Configurando a importa\u00e7\u00e3o autom\u00e1tica no Hand2Note<\/span><\/a><\/p>\n","protected":false},"author":3,"featured_media":9304,"parent":9199,"menu_order":0,"comment_status":"closed","ping_status":"closed","template":"","meta":{"footnotes":""},"class_list":["post-9299","page","type-page","status-publish","has-post-thumbnail","hentry"],"translation":{"provider":"WPGlobus","version":"3.0.2","language":"pt","enabled_languages":["en","ru","pt","zh","es","fr","de","it","ja"],"languages":{"en":{"title":true,"content":true,"excerpt":false},"ru":{"title":true,"content":true,"excerpt":false},"pt":{"title":true,"content":true,"excerpt":false},"zh":{"title":true,"content":true,"excerpt":false},"es":{"title":true,"content":true,"excerpt":false},"fr":{"title":true,"content":true,"excerpt":false},"de":{"title":true,"content":true,"excerpt":false},"it":{"title":true,"content":true,"excerpt":false},"ja":{"title":true,"content":true,"excerpt":false}}},"yoast_head":"<!-- This site is optimized with the Yoast SEO plugin v27.0 - https:\/\/yoast.com\/product\/yoast-seo-wordpress\/ -->\n<title>Configurando a importa\u00e7\u00e3o autom\u00e1tica no Hand2Note<\/title>\n<meta name=\"description\" content=\"Configure a importa\u00e7\u00e3o autom\u00e1tica do Hand2Note para rastrear m\u00e3os em tempo real e atualizar as estat\u00edsticas do HUD em salas de poker como PokerStars, 888Poker e ACR.\" \/>\n<meta name=\"robots\" content=\"index, follow, max-snippet:-1, max-image-preview:large, max-video-preview:-1\" \/>\n<link rel=\"canonical\" href=\"https:\/\/hand2noteguide.com\/user-manual\/setting-up-an-auto-import-in-hand2note\/\" \/>\n<meta property=\"og:locale\" content=\"pt_PT\" \/>\n<meta property=\"og:type\" content=\"article\" \/>\n<meta property=\"og:title\" content=\"Configurando a importa\u00e7\u00e3o autom\u00e1tica no Hand2Note\" \/>\n<meta property=\"og:description\" content=\"Configure a importa\u00e7\u00e3o autom\u00e1tica do Hand2Note para rastrear m\u00e3os em tempo real e atualizar as estat\u00edsticas do HUD em salas de poker como PokerStars, 888Poker e ACR.\" \/>\n<meta property=\"og:url\" content=\"https:\/\/hand2noteguide.com\/user-manual\/setting-up-an-auto-import-in-hand2note\/\" \/>\n<meta property=\"og:site_name\" content=\"Hand2Note Guide\" \/>\n<meta property=\"article:modified_time\" content=\"2026-03-10T08:12:55+00:00\" \/>\n<meta property=\"og:image\" content=\"https:\/\/hand2noteguide.com\/wp-content\/uploads\/2025\/03\/Base_new_HUD_prev.jpg\" \/>\n\t<meta property=\"og:image:width\" content=\"1413\" \/>\n\t<meta property=\"og:image:height\" content=\"832\" \/>\n\t<meta property=\"og:image:type\" content=\"image\/jpeg\" \/>\n<meta name=\"twitter:card\" content=\"summary_large_image\" \/>\n<meta name=\"twitter:label1\" content=\"Est. reading time\" \/>\n\t<meta name=\"twitter:data1\" content=\"5 minutes\" \/>\n<!-- \/ Yoast SEO plugin. -->","yoast_head_json":{"title":"Configurando a importa\u00e7\u00e3o autom\u00e1tica no Hand2Note","description":"Configure a importa\u00e7\u00e3o autom\u00e1tica do Hand2Note para rastrear m\u00e3os em tempo real e atualizar as estat\u00edsticas do HUD em salas de poker como PokerStars, 888Poker e ACR.","robots":{"index":"index","follow":"follow","max-snippet":"max-snippet:-1","max-image-preview":"max-image-preview:large","max-video-preview":"max-video-preview:-1"},"canonical":"https:\/\/hand2noteguide.com\/user-manual\/setting-up-an-auto-import-in-hand2note\/","og_locale":"pt_PT","og_type":"article","og_title":"Configurando a importa\u00e7\u00e3o autom\u00e1tica no Hand2Note","og_description":"Configure a importa\u00e7\u00e3o autom\u00e1tica do Hand2Note para rastrear m\u00e3os em tempo real e atualizar as estat\u00edsticas do HUD em salas de poker como PokerStars, 888Poker e ACR.","og_url":"https:\/\/hand2noteguide.com\/user-manual\/setting-up-an-auto-import-in-hand2note\/","og_site_name":"Hand2Note Guide","article_modified_time":"2026-03-10T08:12:55+00:00","og_image":[{"width":1413,"height":832,"url":"https:\/\/hand2noteguide.com\/wp-content\/uploads\/2025\/03\/Base_new_HUD_prev.jpg","type":"image\/jpeg"}],"twitter_card":"summary_large_image","twitter_misc":{"Est. reading time":"5 minutes"},"schema":{"@context":"https:\/\/schema.org","@graph":[]}},"jetpack_sharing_enabled":true,"_links":{"self":[{"href":"https:\/\/hand2noteguide.com\/pt\/wp-json\/wp\/v2\/pages\/9299","targetHints":{"allow":["GET"]}}],"collection":[{"href":"https:\/\/hand2noteguide.com\/pt\/wp-json\/wp\/v2\/pages"}],"about":[{"href":"https:\/\/hand2noteguide.com\/pt\/wp-json\/wp\/v2\/types\/page"}],"author":[{"embeddable":true,"href":"https:\/\/hand2noteguide.com\/pt\/wp-json\/wp\/v2\/users\/3"}],"replies":[{"embeddable":true,"href":"https:\/\/hand2noteguide.com\/pt\/wp-json\/wp\/v2\/comments?post=9299"}],"version-history":[{"count":44,"href":"https:\/\/hand2noteguide.com\/pt\/wp-json\/wp\/v2\/pages\/9299\/revisions"}],"predecessor-version":[{"id":15612,"href":"https:\/\/hand2noteguide.com\/pt\/wp-json\/wp\/v2\/pages\/9299\/revisions\/15612"}],"up":[{"embeddable":true,"href":"https:\/\/hand2noteguide.com\/pt\/wp-json\/wp\/v2\/pages\/9199"}],"wp:featuredmedia":[{"embeddable":true,"href":"https:\/\/hand2noteguide.com\/pt\/wp-json\/wp\/v2\/media\/9304"}],"wp:attachment":[{"href":"https:\/\/hand2noteguide.com\/pt\/wp-json\/wp\/v2\/media?parent=9299"}],"curies":[{"name":"wp","href":"https:\/\/api.w.org\/{rel}","templated":true}]}}