{"id":9345,"date":"2025-03-20T15:19:28","date_gmt":"2025-03-20T12:19:28","guid":{"rendered":"https:\/\/hand2noteguide.com\/?page_id=9345"},"modified":"2026-03-10T11:13:39","modified_gmt":"2026-03-10T08:13:39","slug":"fish-game-analysis-selection-win-rate-at-fish-tables","status":"publish","type":"page","link":"https:\/\/hand2noteguide.com\/pt\/user-manual\/fish-game-analysis-selection-win-rate-at-fish-tables\/","title":{"rendered":"Analisando a sele\u00e7\u00e3o de mesa e o jogo contra fish com Hand2Note"},"content":{"rendered":"\n<p>N\u00e3o \u00e9 segredo que uma das principais habilidades dos jogadores de poker profissionais \u00e9 a sele\u00e7\u00e3o de jogos (focando em fish).<\/p>\n\n\n\n<p>O Hand2Note permite calcular a porcentagem de jogo em mesas com um fish, bem como analisar o jogo nessas mesas.<\/p>\n\n\n\n<h2 class=\"wp-block-heading\">Calculando a porcentagem de jogo em mesas com fish<\/h2>\n\n\n\n<p>Para determinar qual \u00e9 a sua porcentagem de sele\u00e7\u00e3o de jogos, voc\u00ea precisa:<\/p>\n\n\n\n<ol class=\"wp-block-list\">\n<li>Encontrar <strong>o n\u00famero de todas as m\u00e3os jogadas<\/strong>;<\/li>\n\n\n\n<li>Encontrar <strong>o n\u00famero de m\u00e3os jogadas em mesas com um fish<\/strong>;<\/li>\n\n\n\n<li>Calcular a porcentagem de sele\u00e7\u00e3o de jogos usando a f\u00f3rmula: <strong>n\u00famero de m\u00e3os jogadas em mesas com um fish<\/strong> \/ <strong>n\u00famero de todas as m\u00e3os jogadas<\/strong> * <strong>100<\/strong>.<\/li>\n<\/ol>\n\n\n\n<p>Para calcular a porcentagem de jogo em mesas com fish no Hand2Note, fa\u00e7a o seguinte:<\/p>\n\n\n\n<ol class=\"wp-block-list\">\n<li>No menu principal do Hand2Note, abra a aba \u201c<a href=\"https:\/\/hand2noteguide.com\/pt\/user-manual\/hand2note-report-menu\/\">Reports<\/a>\u201d (1), encontre a estat\u00edstica &#8220;Number of hands&#8221; (2), que \u00e9 o n\u00famero de todas as m\u00e3os jogadas (33000 no nosso caso), memorize ou anote;<\/li>\n\n\n\n<li>Em seguida, clique no bot\u00e3o \u201cFilter\u201d (3), na janela de filtro que se abre, v\u00e1 para a aba \u201cGeneral\u201d (4);<\/li>\n\n\n\n<li>Na linha \u201cFish Count\u201d (5), indique o n\u00famero desejado de jogadores fish na mesa (por exemplo, defina \u201c1+\u201d);<\/li>\n\n\n\n<li>Na linha \u201cMax Fish Vpip\u201d (6), especifique com qual VPIP fish voc\u00ea est\u00e1 interessado (por exemplo, defina \u201c50+\u201d), ent\u00e3o clique em \u201cAPPLY\u201d (7) para adicionar o filtro;<\/li>\n\n\n\n<li>Ap\u00f3s aplicar o filtro, memorize ou anote o valor \u201cHands\u201d (8) &#8211; este \u00e9 o n\u00famero de m\u00e3os jogadas nas mesas com fish (19000 no nosso caso);<\/li>\n\n\n\n<li>Calcule de acordo com a f\u00f3rmula: n\u00famero de m\u00e3os jogadas em mesas com um fish \/ n\u00famero de m\u00e3os jogadas * 100 (19000 \/ 33000 * 100 = <strong>57,5%<\/strong>).<\/li>\n<\/ol>\n\n\n\n<figure class=\"wp-block-image size-large\"><img loading=\"lazy\" decoding=\"async\" width=\"1024\" height=\"647\" src=\"https:\/\/hand2noteguide.com\/wp-content\/uploads\/2025\/03\/\u0411\u0435\u0437-\u0438\u043c\u0435\u043d\u04383-1024x647.jpg\" alt=\"\" class=\"wp-image-9387\" srcset=\"https:\/\/hand2noteguide.com\/wp-content\/uploads\/2025\/03\/\u0411\u0435\u0437-\u0438\u043c\u0435\u043d\u04383-1024x647.jpg 1024w, https:\/\/hand2noteguide.com\/wp-content\/uploads\/2025\/03\/\u0411\u0435\u0437-\u0438\u043c\u0435\u043d\u04383-300x190.jpg 300w, https:\/\/hand2noteguide.com\/wp-content\/uploads\/2025\/03\/\u0411\u0435\u0437-\u0438\u043c\u0435\u043d\u04383-768x485.jpg 768w, https:\/\/hand2noteguide.com\/wp-content\/uploads\/2025\/03\/\u0411\u0435\u0437-\u0438\u043c\u0435\u043d\u04383-1536x971.jpg 1536w, https:\/\/hand2noteguide.com\/wp-content\/uploads\/2025\/03\/\u0411\u0435\u0437-\u0438\u043c\u0435\u043d\u04383-772x488.jpg 772w, https:\/\/hand2noteguide.com\/wp-content\/uploads\/2025\/03\/\u0411\u0435\u0437-\u0438\u043c\u0435\u043d\u04383-624x394.jpg 624w, https:\/\/hand2noteguide.com\/wp-content\/uploads\/2025\/03\/\u0411\u0435\u0437-\u0438\u043c\u0435\u043d\u04383.jpg 1687w\" sizes=\"auto, (max-width: 1024px) 100vw, 1024px\" \/><\/figure>\n\n\n\n<p>Acredita-se que a porcentagem m\u00ednima de jogo em mesas com fish, usando a sele\u00e7\u00e3o de mesas, deve ser:<\/p>\n\n\n\n<ul class=\"wp-block-list\">\n<li>Ao jogar em salas de poker com lobby semi-an\u00f4nimo (RedStar, Chico, WPN e outros) &#8211; de 65% ou mais;<\/li>\n\n\n\n<li>Ao jogar em salas de poker com lobby aberto (888Poker, PokerStars, PPPoker, PokerBROS, CoinPoker e outros) &#8211; de 80% ou mais.<\/li>\n<\/ul>\n\n\n\n<p>No exemplo, o jogo ocorre na sala de poker RedStar com um lobby semi-an\u00f4nimo e a porcentagem de sele\u00e7\u00e3o \u00e9 de 57,5%.<\/p>\n\n\n\n<p>Assim, o jogador avaliado deve aumentar a porcentagem de jogo em mesas com fish para a porcentagem exigida em salas com lobbies semi-an\u00f4nimos, mais especificamente acima de 65%.<\/p>\n\n\n\n<h2 class=\"wp-block-heading\">Analisando o jogo em mesas com fish<\/h2>\n\n\n\n<p>Ap\u00f3s aplicar o filtro, voc\u00ea pode n\u00e3o apenas calcular a porcentagem de sele\u00e7\u00e3o, mas tamb\u00e9m avaliar muitas estat\u00edsticas ao jogar contra fish, como:<\/p>\n\n\n\n<ul class=\"wp-block-list\">\n<li>&#8220;VPIP&#8221; e &#8220;PFR&#8221; (1);<\/li>\n\n\n\n<li>&#8220;Win rate bb\/100&#8221; (2);<\/li>\n\n\n\n<li>&#8220;3Bet&#8221;, &#8220;WTSD&#8221;, &#8220;W%SD&#8221;, &#8220;WWSF%&#8221; (3);<\/li>\n\n\n\n<li>Ao abrir a aba \u201cPositions\u201d (4), preste aten\u00e7\u00e3o \u00e0 coluna \u201cWin rate bb\/100\u201d (5) &#8211; voc\u00ea ver\u00e1 seus valores de win rate bb\/100 para diferentes posi\u00e7\u00f5es.<\/li>\n<\/ul>\n\n\n\n<figure class=\"wp-block-image size-large\"><img loading=\"lazy\" decoding=\"async\" width=\"1024\" height=\"558\" src=\"https:\/\/hand2noteguide.com\/wp-content\/uploads\/2025\/03\/\u0411\u0435\u0437-\u0438\u043c\u0435\u043d\u04384-1024x558.jpg\" alt=\"\" class=\"wp-image-9405\" srcset=\"https:\/\/hand2noteguide.com\/wp-content\/uploads\/2025\/03\/\u0411\u0435\u0437-\u0438\u043c\u0435\u043d\u04384-1024x558.jpg 1024w, https:\/\/hand2noteguide.com\/wp-content\/uploads\/2025\/03\/\u0411\u0435\u0437-\u0438\u043c\u0435\u043d\u04384-300x163.jpg 300w, https:\/\/hand2noteguide.com\/wp-content\/uploads\/2025\/03\/\u0411\u0435\u0437-\u0438\u043c\u0435\u043d\u04384-768x418.jpg 768w, https:\/\/hand2noteguide.com\/wp-content\/uploads\/2025\/03\/\u0411\u0435\u0437-\u0438\u043c\u0435\u043d\u04384-772x421.jpg 772w, https:\/\/hand2noteguide.com\/wp-content\/uploads\/2025\/03\/\u0411\u0435\u0437-\u0438\u043c\u0435\u043d\u04384-624x340.jpg 624w, https:\/\/hand2noteguide.com\/wp-content\/uploads\/2025\/03\/\u0411\u0435\u0437-\u0438\u043c\u0435\u043d\u04384.jpg 1303w\" sizes=\"auto, (max-width: 1024px) 100vw, 1024px\" \/><\/figure>\n\n\n\n<p>Se olharmos para o exemplo, vemos um jogo bastante tight &#8211; VPIP \u00e9 19 e PFR \u00e9 17. O jogador deve aumentar seus valores de VPIP e PFR ao jogar contra fish.<\/p>\n\n\n\n<p>O win rate bb\/100 \u00e9 baixo, mas aceit\u00e1vel. Deve ser 13 bb\/100 ou mais, conforme estimado pelos principais treinadores de Holdem.<\/p>\n\n\n\n<p>Os par\u00e2metros restantes no exemplo s\u00e3o muito vari\u00e1veis e mut\u00e1veis na estimativa devido ao baixo n\u00famero de m\u00e3os em mesas com um fish.<\/p>\n","protected":false},"excerpt":{"rendered":"<p>N\u00e3o \u00e9 segredo que uma das principais habilidades dos jogadores de poker profissionais \u00e9 a sele\u00e7\u00e3o de jogos (focando em fish). O Hand2Note permite calcular a porcentagem de jogo em mesas com um fish, bem como analisar o jogo nessas mesas. Calculando a porcentagem de jogo em mesas com fish Para determinar qual \u00e9 a &hellip; <a href=\"https:\/\/hand2noteguide.com\/pt\/user-manual\/fish-game-analysis-selection-win-rate-at-fish-tables\/\" class=\"more-link\">Continue reading <span class=\"screen-reader-text\">Analisando a sele\u00e7\u00e3o de mesa e o jogo contra fish com Hand2Note<\/span><\/a><\/p>\n","protected":false},"author":3,"featured_media":9356,"parent":9199,"menu_order":0,"comment_status":"closed","ping_status":"closed","template":"","meta":{"footnotes":""},"class_list":["post-9345","page","type-page","status-publish","has-post-thumbnail","hentry"],"translation":{"provider":"WPGlobus","version":"3.0.2","language":"pt","enabled_languages":["en","ru","pt","zh","es","fr","de","it","ja"],"languages":{"en":{"title":true,"content":true,"excerpt":false},"ru":{"title":true,"content":true,"excerpt":false},"pt":{"title":true,"content":true,"excerpt":false},"zh":{"title":true,"content":true,"excerpt":false},"es":{"title":true,"content":true,"excerpt":false},"fr":{"title":true,"content":true,"excerpt":false},"de":{"title":true,"content":true,"excerpt":false},"it":{"title":true,"content":true,"excerpt":false},"ja":{"title":true,"content":true,"excerpt":false}}},"yoast_head":"<!-- This site is optimized with the Yoast SEO plugin v27.0 - https:\/\/yoast.com\/product\/yoast-seo-wordpress\/ -->\n<title>Analisando a sele\u00e7\u00e3o de mesa e o jogo contra fish com Hand2Note<\/title>\n<meta name=\"description\" content=\"Calcule e melhore a sele\u00e7\u00e3o de jogos de poker com o Hand2Note. Acompanhe as m\u00e3os jogadas contra fish e aumente a taxa de vit\u00f3ria atrav\u00e9s de um direcionamento inteligente e an\u00e1lise de estat\u00edsticas.\" \/>\n<meta name=\"robots\" content=\"index, follow, max-snippet:-1, max-image-preview:large, max-video-preview:-1\" \/>\n<link rel=\"canonical\" href=\"https:\/\/hand2noteguide.com\/user-manual\/fish-game-analysis-selection-win-rate-at-fish-tables\/\" \/>\n<meta property=\"og:locale\" content=\"pt_PT\" \/>\n<meta property=\"og:type\" content=\"article\" \/>\n<meta property=\"og:title\" content=\"Analisando a sele\u00e7\u00e3o de mesa e o jogo contra fish com Hand2Note\" \/>\n<meta property=\"og:description\" content=\"Calcule e melhore a sele\u00e7\u00e3o de jogos de poker com o Hand2Note. Acompanhe as m\u00e3os jogadas contra fish e aumente a taxa de vit\u00f3ria atrav\u00e9s de um direcionamento inteligente e an\u00e1lise de estat\u00edsticas.\" \/>\n<meta property=\"og:url\" content=\"https:\/\/hand2noteguide.com\/user-manual\/fish-game-analysis-selection-win-rate-at-fish-tables\/\" \/>\n<meta property=\"og:site_name\" content=\"Hand2Note Guide\" \/>\n<meta property=\"article:modified_time\" content=\"2026-03-10T08:13:39+00:00\" \/>\n<meta property=\"og:image\" content=\"https:\/\/hand2noteguide.com\/wp-content\/uploads\/2025\/03\/\u0411\u0435\u0437-\u0438\u043c\u0435\u043d\u0438-1-1.jpg\" \/>\n\t<meta property=\"og:image:width\" content=\"1813\" \/>\n\t<meta property=\"og:image:height\" content=\"1810\" \/>\n\t<meta property=\"og:image:type\" content=\"image\/jpeg\" \/>\n<meta name=\"twitter:card\" content=\"summary_large_image\" \/>\n<meta name=\"twitter:label1\" content=\"Est. reading time\" \/>\n\t<meta name=\"twitter:data1\" content=\"17 minutes\" \/>\n<!-- \/ Yoast SEO plugin. -->","yoast_head_json":{"title":"Analisando a sele\u00e7\u00e3o de mesa e o jogo contra fish com Hand2Note","description":"Calcule e melhore a sele\u00e7\u00e3o de jogos de poker com o Hand2Note. Acompanhe as m\u00e3os jogadas contra fish e aumente a taxa de vit\u00f3ria atrav\u00e9s de um direcionamento inteligente e an\u00e1lise de estat\u00edsticas.","robots":{"index":"index","follow":"follow","max-snippet":"max-snippet:-1","max-image-preview":"max-image-preview:large","max-video-preview":"max-video-preview:-1"},"canonical":"https:\/\/hand2noteguide.com\/user-manual\/fish-game-analysis-selection-win-rate-at-fish-tables\/","og_locale":"pt_PT","og_type":"article","og_title":"Analisando a sele\u00e7\u00e3o de mesa e o jogo contra fish com Hand2Note","og_description":"Calcule e melhore a sele\u00e7\u00e3o de jogos de poker com o Hand2Note. Acompanhe as m\u00e3os jogadas contra fish e aumente a taxa de vit\u00f3ria atrav\u00e9s de um direcionamento inteligente e an\u00e1lise de estat\u00edsticas.","og_url":"https:\/\/hand2noteguide.com\/user-manual\/fish-game-analysis-selection-win-rate-at-fish-tables\/","og_site_name":"Hand2Note Guide","article_modified_time":"2026-03-10T08:13:39+00:00","og_image":[{"width":1813,"height":1810,"url":"https:\/\/hand2noteguide.com\/wp-content\/uploads\/2025\/03\/\u0411\u0435\u0437-\u0438\u043c\u0435\u043d\u0438-1-1.jpg","type":"image\/jpeg"}],"twitter_card":"summary_large_image","twitter_misc":{"Est. reading time":"17 minutes"},"schema":{"@context":"https:\/\/schema.org","@graph":[]}},"jetpack_sharing_enabled":true,"_links":{"self":[{"href":"https:\/\/hand2noteguide.com\/pt\/wp-json\/wp\/v2\/pages\/9345","targetHints":{"allow":["GET"]}}],"collection":[{"href":"https:\/\/hand2noteguide.com\/pt\/wp-json\/wp\/v2\/pages"}],"about":[{"href":"https:\/\/hand2noteguide.com\/pt\/wp-json\/wp\/v2\/types\/page"}],"author":[{"embeddable":true,"href":"https:\/\/hand2noteguide.com\/pt\/wp-json\/wp\/v2\/users\/3"}],"replies":[{"embeddable":true,"href":"https:\/\/hand2noteguide.com\/pt\/wp-json\/wp\/v2\/comments?post=9345"}],"version-history":[{"count":57,"href":"https:\/\/hand2noteguide.com\/pt\/wp-json\/wp\/v2\/pages\/9345\/revisions"}],"predecessor-version":[{"id":15613,"href":"https:\/\/hand2noteguide.com\/pt\/wp-json\/wp\/v2\/pages\/9345\/revisions\/15613"}],"up":[{"embeddable":true,"href":"https:\/\/hand2noteguide.com\/pt\/wp-json\/wp\/v2\/pages\/9199"}],"wp:featuredmedia":[{"embeddable":true,"href":"https:\/\/hand2noteguide.com\/pt\/wp-json\/wp\/v2\/media\/9356"}],"wp:attachment":[{"href":"https:\/\/hand2noteguide.com\/pt\/wp-json\/wp\/v2\/media?parent=9345"}],"curies":[{"name":"wp","href":"https:\/\/api.w.org\/{rel}","templated":true}]}}