{"id":9435,"date":"2025-03-26T16:16:01","date_gmt":"2025-03-26T13:16:01","guid":{"rendered":"https:\/\/hand2noteguide.com\/?page_id=9435"},"modified":"2026-03-10T11:14:58","modified_gmt":"2026-03-10T08:14:58","slug":"marking-hands-in-hand2note","status":"publish","type":"page","link":"https:\/\/hand2noteguide.com\/pt\/user-manual\/marking-hands-in-hand2note\/","title":{"rendered":"Marcando m\u00e3os no Hand2Note"},"content":{"rendered":"\n<p>O Hand2Note permite que voc\u00ea crie e aplique v\u00e1rias tags \u00e0s m\u00e3os j\u00e1 jogadas, al\u00e9m de organiz\u00e1-las, export\u00e1-las e apresent\u00e1-las de forma visual.<\/p>\n\n\n\n<h2 class=\"wp-block-heading\">Criando tags personalizadas para marca\u00e7\u00e3o de m\u00e3os no Hand2Note<\/h2>\n\n\n\n<p>Logo ap\u00f3s a instala\u00e7\u00e3o, o Hand2Note j\u00e1 possui tags b\u00e1sicas para marcar m\u00e3os (3), voc\u00ea pode v\u00ea-las abrindo a janela principal do programa: \u201cConfigura\u00e7\u00e3o\u201d (1) e depois indo para a aba &#8220;Tags de M\u00e3os Marcadas&#8221; (2):<\/p>\n\n\n\n<figure class=\"wp-block-image size-large\"><img loading=\"lazy\" decoding=\"async\" width=\"1024\" height=\"576\" src=\"https:\/\/hand2noteguide.com\/wp-content\/uploads\/2025\/03\/\u0411\u0435\u0437-\u0438\u043c\u0435\u043d\u0438-2221-1024x576.jpg\" alt=\"\" class=\"wp-image-9446\" srcset=\"https:\/\/hand2noteguide.com\/wp-content\/uploads\/2025\/03\/\u0411\u0435\u0437-\u0438\u043c\u0435\u043d\u0438-2221-1024x576.jpg 1024w, https:\/\/hand2noteguide.com\/wp-content\/uploads\/2025\/03\/\u0411\u0435\u0437-\u0438\u043c\u0435\u043d\u0438-2221-300x169.jpg 300w, https:\/\/hand2noteguide.com\/wp-content\/uploads\/2025\/03\/\u0411\u0435\u0437-\u0438\u043c\u0435\u043d\u0438-2221-768x432.jpg 768w, https:\/\/hand2noteguide.com\/wp-content\/uploads\/2025\/03\/\u0411\u0435\u0437-\u0438\u043c\u0435\u043d\u0438-2221-1536x864.jpg 1536w, https:\/\/hand2noteguide.com\/wp-content\/uploads\/2025\/03\/\u0411\u0435\u0437-\u0438\u043c\u0435\u043d\u0438-2221-772x434.jpg 772w, https:\/\/hand2noteguide.com\/wp-content\/uploads\/2025\/03\/\u0411\u0435\u0437-\u0438\u043c\u0435\u043d\u0438-2221-624x351.jpg 624w, https:\/\/hand2noteguide.com\/wp-content\/uploads\/2025\/03\/\u0411\u0435\u0437-\u0438\u043c\u0435\u043d\u0438-2221.jpg 1920w\" sizes=\"auto, (max-width: 1024px) 100vw, 1024px\" \/><\/figure>\n\n\n\n<p>Para criar sua pr\u00f3pria tag, clique em \u201cCriar Tag\u2026\u201d (1). Imediatamente ap\u00f3s clicar em \u201cCriar Tag\u2026\u201d, uma tag chamada \u201cminha tag\u201d aparecer\u00e1 na parte inferior da lista de tags (2).<\/p>\n\n\n\n<div class=\"wp-block-group\"><div class=\"wp-block-group__inner-container is-layout-constrained wp-block-group-is-layout-constrained\">\n<p>Ao passar o mouse sobre a \u00e1rea \u201cminha tag\u201d (2), voc\u00ea ver\u00e1 ferramentas para edit\u00e1-la:<\/p>\n\n\n\n<ul class=\"wp-block-list\">\n<li>Voc\u00ea pode mudar a posi\u00e7\u00e3o da tag na lista clicando no s\u00edmbolo de seta (5);<\/li>\n\n\n\n<li>Voc\u00ea pode mudar a cor da tag clicando no quadrado colorido (4);<\/li>\n\n\n\n<li>Voc\u00ea pode mudar o nome da tag clicando duas vezes na \u00e1rea (3) ou clicando uma vez na \u00e1rea (6);<\/li>\n\n\n\n<li>Voc\u00ea pode excluir uma marca pressionando a \u00e1rea (7).<\/li>\n<\/ul>\n<\/div><\/div>\n\n\n\n<figure class=\"wp-block-image size-full is-resized\"><img loading=\"lazy\" decoding=\"async\" src=\"https:\/\/hand2noteguide.com\/wp-content\/uploads\/2025\/03\/\u0411\u0435\u0437-\u0438\u043c\u0435\u043d\u04386767-1.jpg\" alt=\"\" class=\"wp-image-9447\" width=\"416\" height=\"503\" srcset=\"https:\/\/hand2noteguide.com\/wp-content\/uploads\/2025\/03\/\u0411\u0435\u0437-\u0438\u043c\u0435\u043d\u04386767-1.jpg 442w, https:\/\/hand2noteguide.com\/wp-content\/uploads\/2025\/03\/\u0411\u0435\u0437-\u0438\u043c\u0435\u043d\u04386767-1-248x300.jpg 248w\" sizes=\"auto, (max-width: 416px) 100vw, 416px\" \/><\/figure>\n\n\n\n<h2 class=\"wp-block-heading\">Diferentes maneiras de marcar m\u00e3os<\/h2>\n\n\n\n<div class=\"wp-block-group\"><div class=\"wp-block-group__inner-container is-layout-constrained wp-block-group-is-layout-constrained\">\n<p>Voc\u00ea pode marcar m\u00e3os no Hand2Note em duas situa\u00e7\u00f5es:<\/p>\n\n\n\n<ul class=\"wp-block-list\">\n<li>No momento de jogar na mesa;<\/li>\n\n\n\n<li>Fora da mesa.<\/li>\n<\/ul>\n<\/div><\/div>\n\n\n\n<div class=\"wp-block-group\"><div class=\"wp-block-group__inner-container is-layout-constrained wp-block-group-is-layout-constrained\">\n<p>Da mesma forma, \u00e9 poss\u00edvel marcar uma m\u00e3o por dois m\u00e9todos:<\/p>\n\n\n\n<ul class=\"wp-block-list\">\n<li>Usando a tag;<\/li>\n\n\n\n<li>Sem tag.<\/li>\n<\/ul>\n<\/div><\/div>\n\n\n\n<h3 class=\"wp-block-heading\">Marcando m\u00e3os no momento de jogar na mesa<\/h3>\n\n\n\n<p>Voc\u00ea pode marcar a m\u00e3o necess\u00e1ria durante o jogo imediatamente ap\u00f3s sua conclus\u00e3o (durante a m\u00e3o que a segue) pressionando teclas de atalho:<\/p>\n\n\n\n<ul class=\"wp-block-list\">\n<li>\u201cF5\u201d &#8211; marca a \u00faltima m\u00e3o jogada na mesa sem usar a tag;<\/li>\n\n\n\n<li>\u201cF6\u201d &#8211; marca a \u00faltima m\u00e3o jogada na mesa usando a tag.<\/li>\n<\/ul>\n\n\n\n<p>Para alterar as teclas de atalho para as preferidas: Abra \u201cConfigura\u00e7\u00e3o\u201d (1), v\u00e1 para o menu \u201cHUD\u201d (2), role para baixo at\u00e9 a coluna \u201cTeclas de Atalho\u201d (3) e altere os par\u00e2metros:<\/p>\n\n\n\n<ul class=\"wp-block-list\">\n<li>\u201cTecla para marcar \u00faltima m\u00e3o\u201d (4) &#8211; define a tecla de atalho para marcar a \u00faltima m\u00e3o jogada na mesa sem usar a tag;<\/li>\n\n\n\n<li>\u201cTecla para marcar \u00faltima m\u00e3o com tags\u201d (5) &#8211; define a tecla de atalho para marcar a \u00faltima m\u00e3o jogada na mesa usando a tag.<\/li>\n<\/ul>\n\n\n\n<figure class=\"wp-block-image size-large\"><img loading=\"lazy\" decoding=\"async\" width=\"1024\" height=\"576\" src=\"https:\/\/hand2noteguide.com\/wp-content\/uploads\/2025\/03\/\u0411\u0435\u0437-\u0438\u043c\u0435\u043d\u0438-6767671-1024x576.jpg\" alt=\"\" class=\"wp-image-9472\" srcset=\"https:\/\/hand2noteguide.com\/wp-content\/uploads\/2025\/03\/\u0411\u0435\u0437-\u0438\u043c\u0435\u043d\u0438-6767671-1024x576.jpg 1024w, https:\/\/hand2noteguide.com\/wp-content\/uploads\/2025\/03\/\u0411\u0435\u0437-\u0438\u043c\u0435\u043d\u0438-6767671-300x169.jpg 300w, https:\/\/hand2noteguide.com\/wp-content\/uploads\/2025\/03\/\u0411\u0435\u0437-\u0438\u043c\u0435\u043d\u0438-6767671-768x432.jpg 768w, https:\/\/hand2noteguide.com\/wp-content\/uploads\/2025\/03\/\u0411\u0435\u0437-\u0438\u043c\u0435\u043d\u0438-6767671-1536x864.jpg 1536w, https:\/\/hand2noteguide.com\/wp-content\/uploads\/2025\/03\/\u0411\u0435\u0437-\u0438\u043c\u0435\u043d\u0438-6767671-772x434.jpg 772w, https:\/\/hand2noteguide.com\/wp-content\/uploads\/2025\/03\/\u0411\u0435\u0437-\u0438\u043c\u0435\u043d\u0438-6767671-624x351.jpg 624w, https:\/\/hand2noteguide.com\/wp-content\/uploads\/2025\/03\/\u0411\u0435\u0437-\u0438\u043c\u0435\u043d\u0438-6767671.jpg 1920w\" sizes=\"auto, (max-width: 1024px) 100vw, 1024px\" \/><\/figure>\n\n\n\n<h3 class=\"wp-block-heading\">Marcando m\u00e3os fora da mesa<\/h3>\n\n\n\n<p>Voc\u00ea pode marcar a m\u00e3o necess\u00e1ria fora da mesa, seja na se\u00e7\u00e3o \u201cSess\u00f5es\u201d ou na se\u00e7\u00e3o \u201cRelat\u00f3rios\u201d &#8211; encontrando-a em qualquer uma delas na lista de m\u00e3os (\u201cM\u00e3os\u201d):<\/p>\n\n\n\n<ul class=\"wp-block-list\">\n<li>Para a se\u00e7\u00e3o &#8220;Relat\u00f3rios&#8221;: Na janela principal do Hand2Note, abra o menu \u201cRelat\u00f3rios\u201d (1), encontre a m\u00e3o que deseja marcar na lista \u201cM\u00e3os\u201d (2) e use o RMB (bot\u00e3o direito do mouse). Na lista suspensa, escolha como deseja marcar a m\u00e3o:\n<ul class=\"wp-block-list\">\n<li>Sem usar a tag &#8211; clicando em \u201cMarcar M\u00e3o\u201d (3);<\/li>\n\n\n\n<li>Usando uma tag &#8211; clicando em \u201cMarcar M\u00e3o Com Tags\u2026\u201d (4).<\/li>\n<\/ul>\n<\/li>\n\n\n\n<li>Para a se\u00e7\u00e3o &#8220;Sess\u00f5es&#8221;: Na janela principal do Hand2Note, abra o menu \u201cSess\u00f5es\u201d (5), encontre a m\u00e3o que deseja marcar na lista \u201cM\u00e3os\u201d (6) e clique com o bot\u00e3o direito sobre ela. Na lista suspensa, escolha como deseja marcar a m\u00e3o:\n<ul class=\"wp-block-list\">\n<li>Sem usar a tag &#8211; clicando em \u201cMarcar M\u00e3o\u201d (7);<\/li>\n\n\n\n<li>Usando uma tag &#8211; clicando em \u201cMarcar M\u00e3o Com Tags\u2026\u201d (8).<\/li>\n<\/ul>\n<\/li>\n<\/ul>\n\n\n\n<figure class=\"wp-block-image size-large\"><img loading=\"lazy\" decoding=\"async\" width=\"1024\" height=\"576\" src=\"https:\/\/hand2noteguide.com\/wp-content\/uploads\/2025\/03\/\u0411\u0435\u0437-\u0438\u043c\u0435\u043d\u0438-14568787845455-1024x576.jpg\" alt=\"\" class=\"wp-image-9507\" srcset=\"https:\/\/hand2noteguide.com\/wp-content\/uploads\/2025\/03\/\u0411\u0435\u0437-\u0438\u043c\u0435\u043d\u0438-14568787845455-1024x576.jpg 1024w, https:\/\/hand2noteguide.com\/wp-content\/uploads\/2025\/03\/\u0411\u0435\u0437-\u0438\u043c\u0435\u043d\u0438-14568787845455-300x169.jpg 300w, https:\/\/hand2noteguide.com\/wp-content\/uploads\/2025\/03\/\u0411\u0435\u0437-\u0438\u043c\u0435\u043d\u0438-14568787845455-768x432.jpg 768w, https:\/\/hand2noteguide.com\/wp-content\/uploads\/2025\/03\/\u0411\u0435\u0437-\u0438\u043c\u0435\u043d\u0438-14568787845455-1536x864.jpg 1536w, https:\/\/hand2noteguide.com\/wp-content\/uploads\/2025\/03\/\u0411\u0435\u0437-\u0438\u043c\u0435\u043d\u0438-14568787845455-772x434.jpg 772w, https:\/\/hand2noteguide.com\/wp-content\/uploads\/2025\/03\/\u0411\u0435\u0437-\u0438\u043c\u0435\u043d\u0438-14568787845455-624x351.jpg 624w, https:\/\/hand2noteguide.com\/wp-content\/uploads\/2025\/03\/\u0411\u0435\u0437-\u0438\u043c\u0435\u043d\u0438-14568787845455.jpg 1920w\" sizes=\"auto, (max-width: 1024px) 100vw, 1024px\" \/><\/figure>\n\n\n\n<h2 class=\"wp-block-heading\">Visualizar, classificar e exportar m\u00e3os marcadas para o Hand2Note<\/h2>\n\n\n\n<p>Para visualizar todas as m\u00e3os marcadas, voc\u00ea precisa selecionar \u201cM\u00e3os Marcadas\u201d na janela principal do Hand2Note (1). Na lista aberta, voc\u00ea pode ver todas as m\u00e3os marcadas (2). Al\u00e9m disso, se voc\u00ea prestar aten\u00e7\u00e3o ao in\u00edcio de cada linha, poder\u00e1 ver as tags (3) que foram atribu\u00eddas a elas ou a aus\u00eancia de tags (4) &#8211; para as m\u00e3os que foram marcadas sem tags.<\/p>\n\n\n\n<figure class=\"wp-block-image size-large\"><img loading=\"lazy\" decoding=\"async\" width=\"1024\" height=\"550\" src=\"https:\/\/hand2noteguide.com\/wp-content\/uploads\/2025\/03\/\u0411\u0435\u0437-\u0438\u043c\u0435\u043d\u0438345-1-1-1024x550.jpg\" alt=\"\" class=\"wp-image-9513\" srcset=\"https:\/\/hand2noteguide.com\/wp-content\/uploads\/2025\/03\/\u0411\u0435\u0437-\u0438\u043c\u0435\u043d\u0438345-1-1-1024x550.jpg 1024w, https:\/\/hand2noteguide.com\/wp-content\/uploads\/2025\/03\/\u0411\u0435\u0437-\u0438\u043c\u0435\u043d\u0438345-1-1-300x161.jpg 300w, https:\/\/hand2noteguide.com\/wp-content\/uploads\/2025\/03\/\u0411\u0435\u0437-\u0438\u043c\u0435\u043d\u0438345-1-1-768x413.jpg 768w, https:\/\/hand2noteguide.com\/wp-content\/uploads\/2025\/03\/\u0411\u0435\u0437-\u0438\u043c\u0435\u043d\u0438345-1-1-1536x825.jpg 1536w, https:\/\/hand2noteguide.com\/wp-content\/uploads\/2025\/03\/\u0411\u0435\u0437-\u0438\u043c\u0435\u043d\u0438345-1-1-772x415.jpg 772w, https:\/\/hand2noteguide.com\/wp-content\/uploads\/2025\/03\/\u0411\u0435\u0437-\u0438\u043c\u0435\u043d\u0438345-1-1-624x335.jpg 624w, https:\/\/hand2noteguide.com\/wp-content\/uploads\/2025\/03\/\u0411\u0435\u0437-\u0438\u043c\u0435\u043d\u0438345-1-1.jpg 1915w\" sizes=\"auto, (max-width: 1024px) 100vw, 1024px\" \/><\/figure>\n\n\n\n<p>Para classificar m\u00e3os por tags, voc\u00ea precisa clicar em \u201cTags\u2026\u201d (1) e na lista suspensa marcar as tags necess\u00e1rias para exibi\u00e7\u00e3o (2).<\/p>\n\n\n\n<figure class=\"wp-block-image size-large\"><img loading=\"lazy\" decoding=\"async\" width=\"1024\" height=\"564\" src=\"https:\/\/hand2noteguide.com\/wp-content\/uploads\/2025\/03\/\u0411\u0435\u0437-\u04384543\u043a\u0443\u043f\u043c\u0435\u043d\u0438-1-1024x564.jpg\" alt=\"\" class=\"wp-image-9518\" srcset=\"https:\/\/hand2noteguide.com\/wp-content\/uploads\/2025\/03\/\u0411\u0435\u0437-\u04384543\u043a\u0443\u043f\u043c\u0435\u043d\u0438-1-1024x564.jpg 1024w, https:\/\/hand2noteguide.com\/wp-content\/uploads\/2025\/03\/\u0411\u0435\u0437-\u04384543\u043a\u0443\u043f\u043c\u0435\u043d\u0438-1-300x165.jpg 300w, https:\/\/hand2noteguide.com\/wp-content\/uploads\/2025\/03\/\u0411\u0435\u0437-\u04384543\u043a\u0443\u043f\u043c\u0435\u043d\u0438-1-768x423.jpg 768w, https:\/\/hand2noteguide.com\/wp-content\/uploads\/2025\/03\/\u0411\u0435\u0437-\u04384543\u043a\u0443\u043f\u043c\u0435\u043d\u0438-1-1536x846.jpg 1536w, https:\/\/hand2noteguide.com\/wp-content\/uploads\/2025\/03\/\u0411\u0435\u0437-\u04384543\u043a\u0443\u043f\u043c\u0435\u043d\u0438-1-772x425.jpg 772w, https:\/\/hand2noteguide.com\/wp-content\/uploads\/2025\/03\/\u0411\u0435\u0437-\u04384543\u043a\u0443\u043f\u043c\u0435\u043d\u0438-1-624x344.jpg 624w, https:\/\/hand2noteguide.com\/wp-content\/uploads\/2025\/03\/\u0411\u0435\u0437-\u04384543\u043a\u0443\u043f\u043c\u0435\u043d\u0438-1.jpg 1597w\" sizes=\"auto, (max-width: 1024px) 100vw, 1024px\" \/><\/figure>\n\n\n\n<div class=\"wp-block-group\"><div class=\"wp-block-group__inner-container is-layout-constrained wp-block-group-is-layout-constrained\">\n<p>Ao pressionar o s\u00edmbolo de engrenagem (1) no canto superior direito, as seguintes fun\u00e7\u00f5es estar\u00e3o dispon\u00edveis:<\/p>\n\n\n\n<ul class=\"wp-block-list\">\n<li>\u201cImportar M\u00e3os Marcadas\u2026\u201d (2) &#8211; importar m\u00e3os de arquivos de texto para a se\u00e7\u00e3o \u201cM\u00e3os Marcadas\u201d;<\/li>\n\n\n\n<li>\u201cExportar M\u00e3os Marcadas\u2026\u201d (3) &#8211; exportar m\u00e3os da se\u00e7\u00e3o \u201cM\u00e3os Marcadas\u201d para arquivos de texto;<\/li>\n\n\n\n<li>\u201cDesmarcar Todas as M\u00e3os\u201d (4) &#8211; desmarca todas as m\u00e3os de \u2018M\u00e3os Marcadas\u2019 e as remove da se\u00e7\u00e3o.<\/li>\n<\/ul>\n<\/div><\/div>\n\n\n\n<figure class=\"wp-block-image size-large\"><img loading=\"lazy\" decoding=\"async\" width=\"1024\" height=\"551\" src=\"https:\/\/hand2noteguide.com\/wp-content\/uploads\/2025\/03\/\u0411\u0435\u0437-\u043878\u0435\u043d\u043c\u0435\u043d\u0438-1-1024x551.jpg\" alt=\"\" class=\"wp-image-9519\" srcset=\"https:\/\/hand2noteguide.com\/wp-content\/uploads\/2025\/03\/\u0411\u0435\u0437-\u043878\u0435\u043d\u043c\u0435\u043d\u0438-1-1024x551.jpg 1024w, https:\/\/hand2noteguide.com\/wp-content\/uploads\/2025\/03\/\u0411\u0435\u0437-\u043878\u0435\u043d\u043c\u0435\u043d\u0438-1-300x161.jpg 300w, https:\/\/hand2noteguide.com\/wp-content\/uploads\/2025\/03\/\u0411\u0435\u0437-\u043878\u0435\u043d\u043c\u0435\u043d\u0438-1-768x413.jpg 768w, https:\/\/hand2noteguide.com\/wp-content\/uploads\/2025\/03\/\u0411\u0435\u0437-\u043878\u0435\u043d\u043c\u0435\u043d\u0438-1-1536x827.jpg 1536w, https:\/\/hand2noteguide.com\/wp-content\/uploads\/2025\/03\/\u0411\u0435\u0437-\u043878\u0435\u043d\u043c\u0435\u043d\u0438-1-772x415.jpg 772w, https:\/\/hand2noteguide.com\/wp-content\/uploads\/2025\/03\/\u0411\u0435\u0437-\u043878\u0435\u043d\u043c\u0435\u043d\u0438-1-624x336.jpg 624w, https:\/\/hand2noteguide.com\/wp-content\/uploads\/2025\/03\/\u0411\u0435\u0437-\u043878\u0435\u043d\u043c\u0435\u043d\u0438-1.jpg 1916w\" sizes=\"auto, (max-width: 1024px) 100vw, 1024px\" \/><\/figure>\n\n\n\n<p><\/p>\n","protected":false},"excerpt":{"rendered":"<p>O Hand2Note permite que voc\u00ea crie e aplique v\u00e1rias tags \u00e0s m\u00e3os j\u00e1 jogadas, al\u00e9m de organiz\u00e1-las, export\u00e1-las e apresent\u00e1-las de forma visual. Criando tags personalizadas para marca\u00e7\u00e3o de m\u00e3os no Hand2Note Logo ap\u00f3s a instala\u00e7\u00e3o, o Hand2Note j\u00e1 possui tags b\u00e1sicas para marcar m\u00e3os (3), voc\u00ea pode v\u00ea-las abrindo a janela principal do programa: &hellip; <a href=\"https:\/\/hand2noteguide.com\/pt\/user-manual\/marking-hands-in-hand2note\/\" class=\"more-link\">Continue reading <span class=\"screen-reader-text\">Marcando m\u00e3os no Hand2Note<\/span><\/a><\/p>\n","protected":false},"author":3,"featured_media":9537,"parent":9199,"menu_order":0,"comment_status":"closed","ping_status":"closed","template":"","meta":{"footnotes":""},"class_list":["post-9435","page","type-page","status-publish","has-post-thumbnail","hentry"],"translation":{"provider":"WPGlobus","version":"3.0.2","language":"pt","enabled_languages":["en","ru","pt","zh","es","fr","de","it","ja"],"languages":{"en":{"title":true,"content":true,"excerpt":false},"ru":{"title":true,"content":true,"excerpt":false},"pt":{"title":true,"content":true,"excerpt":false},"zh":{"title":true,"content":true,"excerpt":false},"es":{"title":true,"content":true,"excerpt":false},"fr":{"title":true,"content":true,"excerpt":false},"de":{"title":true,"content":true,"excerpt":false},"it":{"title":true,"content":true,"excerpt":false},"ja":{"title":true,"content":true,"excerpt":false}}},"yoast_head":"<!-- This site is optimized with the Yoast SEO plugin v27.0 - https:\/\/yoast.com\/product\/yoast-seo-wordpress\/ -->\n<title>Como marcar e organizar m\u00e3os de poker no Hand2Note<\/title>\n<meta name=\"description\" content=\"Aprenda a criar, aplicar e gerenciar tags personalizadas no Hand2Note para marcar m\u00e3os durante ou ap\u00f3s o jogo, organizar, visualizar, exportar ou classific\u00e1-las facilmente.\" \/>\n<meta name=\"robots\" content=\"index, follow, max-snippet:-1, max-image-preview:large, max-video-preview:-1\" \/>\n<link rel=\"canonical\" href=\"https:\/\/hand2noteguide.com\/user-manual\/marking-hands-in-hand2note\/\" \/>\n<meta property=\"og:locale\" content=\"pt_PT\" \/>\n<meta property=\"og:type\" content=\"article\" \/>\n<meta property=\"og:title\" content=\"\u041c\u0430\u0440\u043a\u0438\u0440\u043e\u0432\u043a\u0430 \u0440\u0443\u043a \u0432 Hand2Note\" \/>\n<meta property=\"og:description\" content=\"Hand2Note \u043f\u043e\u0437\u0432\u043e\u043b\u044f\u0435\u0442 \u043f\u0440\u0438\u043c\u0435\u043d\u044f\u0442\u044c \u0440\u0430\u0437\u043b\u0438\u0447\u043d\u044b\u0435 \u043c\u0435\u0442\u043a\u0438 \u043d\u0430 \u0443\u0436\u0435 \u0441\u044b\u0433\u0440\u0430\u043d\u043d\u044b\u0435 \u0440\u0430\u0437\u0434\u0430\u0447\u0438, \u0430 \u0442\u0430\u043a \u0436\u0435 \u0438\u0445 \u0441\u0438\u0441\u0442\u0435\u043c\u0430\u0442\u0438\u0437\u0438\u0440\u043e\u0432\u0430\u0442\u044c, \u044d\u043a\u0441\u043f\u043e\u0440\u0442\u0438\u0440\u043e\u0432\u0430\u0442\u044c \u0438 \u043f\u0440\u0435\u0434\u043e\u0441\u0442\u0430\u0432\u043b\u044f\u0442\u044c \u0432 \u043d\u0430\u0433\u043b\u044f\u0434\u043d\u043e\u043c \u0432\u0438\u0434\u0435.\" \/>\n<meta property=\"og:url\" content=\"https:\/\/hand2noteguide.com\/user-manual\/marking-hands-in-hand2note\/\" \/>\n<meta property=\"og:site_name\" content=\"Hand2Note Guide\" \/>\n<meta property=\"article:modified_time\" content=\"2026-03-10T08:14:58+00:00\" \/>\n<meta property=\"og:image\" content=\"http:\/\/hand2noteguide.com\/wp-content\/uploads\/2025\/03\/--1-2-1024x576-1.jpg\" \/>\n\t<meta property=\"og:image:width\" content=\"1024\" \/>\n\t<meta property=\"og:image:height\" content=\"576\" \/>\n\t<meta property=\"og:image:type\" content=\"image\/jpeg\" \/>\n<meta name=\"twitter:card\" content=\"summary_large_image\" \/>\n<meta name=\"twitter:label1\" content=\"Est. reading time\" \/>\n\t<meta name=\"twitter:data1\" content=\"22 minutes\" \/>\n<!-- \/ Yoast SEO plugin. -->","yoast_head_json":{"title":"Como marcar e organizar m\u00e3os de poker no Hand2Note","description":"Aprenda a criar, aplicar e gerenciar tags personalizadas no Hand2Note para marcar m\u00e3os durante ou ap\u00f3s o jogo, organizar, visualizar, exportar ou classific\u00e1-las facilmente.","robots":{"index":"index","follow":"follow","max-snippet":"max-snippet:-1","max-image-preview":"max-image-preview:large","max-video-preview":"max-video-preview:-1"},"canonical":"https:\/\/hand2noteguide.com\/user-manual\/marking-hands-in-hand2note\/","og_locale":"pt_PT","og_type":"article","og_title":"\u041c\u0430\u0440\u043a\u0438\u0440\u043e\u0432\u043a\u0430 \u0440\u0443\u043a \u0432 Hand2Note","og_description":"Hand2Note \u043f\u043e\u0437\u0432\u043e\u043b\u044f\u0435\u0442 \u043f\u0440\u0438\u043c\u0435\u043d\u044f\u0442\u044c \u0440\u0430\u0437\u043b\u0438\u0447\u043d\u044b\u0435 \u043c\u0435\u0442\u043a\u0438 \u043d\u0430 \u0443\u0436\u0435 \u0441\u044b\u0433\u0440\u0430\u043d\u043d\u044b\u0435 \u0440\u0430\u0437\u0434\u0430\u0447\u0438, \u0430 \u0442\u0430\u043a \u0436\u0435 \u0438\u0445 \u0441\u0438\u0441\u0442\u0435\u043c\u0430\u0442\u0438\u0437\u0438\u0440\u043e\u0432\u0430\u0442\u044c, \u044d\u043a\u0441\u043f\u043e\u0440\u0442\u0438\u0440\u043e\u0432\u0430\u0442\u044c \u0438 \u043f\u0440\u0435\u0434\u043e\u0441\u0442\u0430\u0432\u043b\u044f\u0442\u044c \u0432 \u043d\u0430\u0433\u043b\u044f\u0434\u043d\u043e\u043c \u0432\u0438\u0434\u0435.","og_url":"https:\/\/hand2noteguide.com\/user-manual\/marking-hands-in-hand2note\/","og_site_name":"Hand2Note Guide","article_modified_time":"2026-03-10T08:14:58+00:00","og_image":[{"width":1024,"height":576,"url":"http:\/\/hand2noteguide.com\/wp-content\/uploads\/2025\/03\/--1-2-1024x576-1.jpg","type":"image\/jpeg"}],"twitter_card":"summary_large_image","twitter_misc":{"Est. reading time":"22 minutes"},"schema":{"@context":"https:\/\/schema.org","@graph":[]}},"jetpack_sharing_enabled":true,"_links":{"self":[{"href":"https:\/\/hand2noteguide.com\/pt\/wp-json\/wp\/v2\/pages\/9435","targetHints":{"allow":["GET"]}}],"collection":[{"href":"https:\/\/hand2noteguide.com\/pt\/wp-json\/wp\/v2\/pages"}],"about":[{"href":"https:\/\/hand2noteguide.com\/pt\/wp-json\/wp\/v2\/types\/page"}],"author":[{"embeddable":true,"href":"https:\/\/hand2noteguide.com\/pt\/wp-json\/wp\/v2\/users\/3"}],"replies":[{"embeddable":true,"href":"https:\/\/hand2noteguide.com\/pt\/wp-json\/wp\/v2\/comments?post=9435"}],"version-history":[{"count":60,"href":"https:\/\/hand2noteguide.com\/pt\/wp-json\/wp\/v2\/pages\/9435\/revisions"}],"predecessor-version":[{"id":15614,"href":"https:\/\/hand2noteguide.com\/pt\/wp-json\/wp\/v2\/pages\/9435\/revisions\/15614"}],"up":[{"embeddable":true,"href":"https:\/\/hand2noteguide.com\/pt\/wp-json\/wp\/v2\/pages\/9199"}],"wp:featuredmedia":[{"embeddable":true,"href":"https:\/\/hand2noteguide.com\/pt\/wp-json\/wp\/v2\/media\/9537"}],"wp:attachment":[{"href":"https:\/\/hand2noteguide.com\/pt\/wp-json\/wp\/v2\/media?parent=9435"}],"curies":[{"name":"wp","href":"https:\/\/api.w.org\/{rel}","templated":true}]}}