{"id":95,"date":"2018-07-30T02:09:53","date_gmt":"2018-07-29T23:09:53","guid":{"rendered":"https:\/\/h2n312.wordpress.com\/?page_id=95"},"modified":"2025-06-04T19:19:09","modified_gmt":"2025-06-04T16:19:09","slug":"h2n-takes-much-space","status":"publish","type":"page","link":"https:\/\/hand2noteguide.com\/pt\/issues-resolving\/h2n-takes-much-space\/","title":{"rendered":"Hand2Note ocupa muito espa\u00e7o"},"content":{"rendered":"\n<p>Por padr\u00e3o, a pasta do Hand2Note est\u00e1 localizada em <strong>C:\/Program Files\/Hand2Note<\/strong>. Se esta pasta ocupa muito espa\u00e7o, \u00e9 prov\u00e1vel que a maior parte do espa\u00e7o seja ocupada por arquivos de log (pasta <strong>logs<\/strong>).<\/p>\n\n\n\n<figure class=\"wp-block-image\"><img loading=\"lazy\" decoding=\"async\" width=\"827\" height=\"549\" src=\"https:\/\/hand2noteguide.com\/wp-content\/uploads\/2020\/04\/hand2note-logs-folder.png\" alt=\"hand2note logs folder\" class=\"wp-image-2237\" srcset=\"https:\/\/hand2noteguide.com\/wp-content\/uploads\/2020\/04\/hand2note-logs-folder.png 827w, https:\/\/hand2noteguide.com\/wp-content\/uploads\/2020\/04\/hand2note-logs-folder-300x199.png 300w, https:\/\/hand2noteguide.com\/wp-content\/uploads\/2020\/04\/hand2note-logs-folder-768x510.png 768w, https:\/\/hand2noteguide.com\/wp-content\/uploads\/2020\/04\/hand2note-logs-folder-772x512.png 772w, https:\/\/hand2noteguide.com\/wp-content\/uploads\/2020\/04\/hand2note-logs-folder-624x414.png 624w\" sizes=\"auto, (max-width: 827px) 100vw, 827px\" \/><figcaption>Pasta de logs do Hand2Note<\/figcaption><\/figure>\n\n\n\n<p>Voc\u00ea pode deletar completamente esta pasta, se o tamanho dela te incomoda, isso n\u00e3o afetar\u00e1 o funcionamento do software.<\/p>\n\n\n\n<p>Voc\u00ea tamb\u00e9m pode desativar o registro de logs nas configura\u00e7\u00f5es do programa. Para fazer isso, v\u00e1 para <em>Configura\u00e7\u00f5es \u2192 Outras op\u00e7\u00f5es \u2192 Logging<\/em>, desmarque todas as op\u00e7\u00f5es e clique em &#8220;Salvar&#8221;:<\/p>\n\n\n\n<figure class=\"wp-block-image\"><img loading=\"lazy\" decoding=\"async\" width=\"855\" height=\"632\" src=\"https:\/\/hand2noteguide.com\/wp-content\/uploads\/2020\/04\/hand2note-logging-options.png\" alt=\"hand2note logging options\" class=\"wp-image-2238\" srcset=\"https:\/\/hand2noteguide.com\/wp-content\/uploads\/2020\/04\/hand2note-logging-options.png 855w, https:\/\/hand2noteguide.com\/wp-content\/uploads\/2020\/04\/hand2note-logging-options-300x222.png 300w, https:\/\/hand2noteguide.com\/wp-content\/uploads\/2020\/04\/hand2note-logging-options-768x568.png 768w, https:\/\/hand2noteguide.com\/wp-content\/uploads\/2020\/04\/hand2note-logging-options-772x571.png 772w, https:\/\/hand2noteguide.com\/wp-content\/uploads\/2020\/04\/hand2note-logging-options-624x461.png 624w\" sizes=\"auto, (max-width: 855px) 100vw, 855px\" \/><figcaption>Desativar op\u00e7\u00f5es de logging<\/figcaption><\/figure>\n\n\n\n<p>Depois disso, o Hand2Note salvar\u00e1 apenas os logs de sistema mais necess\u00e1rios, que n\u00e3o ocupar\u00e3o muito espa\u00e7o.<\/p>\n\n\n\n<p>Uma parte substancial do espa\u00e7o em disco tamb\u00e9m pode ser ocupada pelo <a href=\"https:\/\/hand2noteguide.com\/pt\/guide\/database\/\">banco de dados<\/a>. Voc\u00ea pode <a href=\"https:\/\/hand2noteguide.com\/pt\/guide\/database\/move-database-to-another-drive\/\">mover o banco de dados para outro disco<\/a>, ou simplesmente <a href=\"https:\/\/hand2noteguide.com\/pt\/guide\/database\/create-database\/\">criar um banco de dados limpo<\/a> e importar apenas m\u00e3os relevantes para ele.<\/p>\n","protected":false},"excerpt":{"rendered":"<p>Por padr\u00e3o, a pasta do Hand2Note est\u00e1 localizada em C:\/Program Files\/Hand2Note. Se esta pasta ocupa muito espa\u00e7o, \u00e9 prov\u00e1vel que a maior parte do espa\u00e7o seja ocupada por arquivos de log (pasta logs). Voc\u00ea pode deletar completamente esta pasta, se o tamanho dela te incomoda, isso n\u00e3o afetar\u00e1 o funcionamento do software. Voc\u00ea tamb\u00e9m pode &hellip; <a href=\"https:\/\/hand2noteguide.com\/pt\/issues-resolving\/h2n-takes-much-space\/\" class=\"more-link\">Continue reading <span class=\"screen-reader-text\">Hand2Note ocupa muito espa\u00e7o<\/span><\/a><\/p>\n","protected":false},"author":1,"featured_media":0,"parent":236,"menu_order":3,"comment_status":"closed","ping_status":"closed","template":"page-templates\/full-width-page.php","meta":{"footnotes":""},"class_list":["post-95","page","type-page","status-publish","hentry"],"translation":{"provider":"WPGlobus","version":"3.0.2","language":"pt","enabled_languages":["en","ru","pt","zh","es","fr","de","it","ja"],"languages":{"en":{"title":true,"content":true,"excerpt":false},"ru":{"title":true,"content":true,"excerpt":false},"pt":{"title":true,"content":true,"excerpt":false},"zh":{"title":true,"content":true,"excerpt":false},"es":{"title":true,"content":true,"excerpt":false},"fr":{"title":true,"content":true,"excerpt":false},"de":{"title":true,"content":true,"excerpt":false},"it":{"title":true,"content":true,"excerpt":false},"ja":{"title":true,"content":true,"excerpt":false}}},"yoast_head":"<!-- This site is optimized with the Yoast SEO plugin v27.0 - https:\/\/yoast.com\/product\/yoast-seo-wordpress\/ -->\n<title>Otimize o Armazenamento do Hand2Note: Libere Espa\u00e7o Facilmente<\/title>\n<meta name=\"description\" content=\"Aprenda a gerenciar o armazenamento do Hand2Note deletando arquivos de log e movendo bancos de dados. Libere espa\u00e7o sem afetar o desempenho do software.\" \/>\n<meta name=\"robots\" content=\"index, follow, max-snippet:-1, max-image-preview:large, max-video-preview:-1\" \/>\n<link rel=\"canonical\" href=\"https:\/\/hand2noteguide.com\/issues-resolving\/h2n-takes-much-space\/\" \/>\n<meta property=\"og:locale\" content=\"pt_PT\" \/>\n<meta property=\"og:type\" content=\"article\" \/>\n<meta property=\"og:title\" content=\"Otimize o Armazenamento do Hand2Note: Libere Espa\u00e7o Facilmente\" \/>\n<meta property=\"og:description\" content=\"Aprenda a gerenciar o armazenamento do Hand2Note deletando arquivos de log e movendo bancos de dados. Libere espa\u00e7o sem afetar o desempenho do software.\" \/>\n<meta property=\"og:url\" content=\"https:\/\/hand2noteguide.com\/issues-resolving\/h2n-takes-much-space\/\" \/>\n<meta property=\"og:site_name\" content=\"Hand2Note Guide\" \/>\n<meta property=\"article:modified_time\" content=\"2025-06-04T16:19:09+00:00\" \/>\n<meta property=\"og:image\" content=\"https:\/\/hand2noteguide.com\/wp-content\/uploads\/2018\/07\/logs111.png\" \/>\n<meta name=\"twitter:card\" content=\"summary_large_image\" \/>\n<meta name=\"twitter:label1\" content=\"Est. reading time\" \/>\n\t<meta name=\"twitter:data1\" content=\"5 minutes\" \/>\n<!-- \/ Yoast SEO plugin. -->","yoast_head_json":{"title":"Otimize o Armazenamento do Hand2Note: Libere Espa\u00e7o Facilmente","description":"Aprenda a gerenciar o armazenamento do Hand2Note deletando arquivos de log e movendo bancos de dados. Libere espa\u00e7o sem afetar o desempenho do software.","robots":{"index":"index","follow":"follow","max-snippet":"max-snippet:-1","max-image-preview":"max-image-preview:large","max-video-preview":"max-video-preview:-1"},"canonical":"https:\/\/hand2noteguide.com\/issues-resolving\/h2n-takes-much-space\/","og_locale":"pt_PT","og_type":"article","og_title":"Otimize o Armazenamento do Hand2Note: Libere Espa\u00e7o Facilmente","og_description":"Aprenda a gerenciar o armazenamento do Hand2Note deletando arquivos de log e movendo bancos de dados. Libere espa\u00e7o sem afetar o desempenho do software.","og_url":"https:\/\/hand2noteguide.com\/issues-resolving\/h2n-takes-much-space\/","og_site_name":"Hand2Note Guide","article_modified_time":"2025-06-04T16:19:09+00:00","og_image":[{"url":"https:\/\/hand2noteguide.com\/wp-content\/uploads\/2018\/07\/logs111.png","type":"","width":"","height":""}],"twitter_card":"summary_large_image","twitter_misc":{"Est. reading time":"5 minutes"},"schema":{"@context":"https:\/\/schema.org","@graph":[]}},"jetpack_sharing_enabled":false,"_links":{"self":[{"href":"https:\/\/hand2noteguide.com\/pt\/wp-json\/wp\/v2\/pages\/95","targetHints":{"allow":["GET"]}}],"collection":[{"href":"https:\/\/hand2noteguide.com\/pt\/wp-json\/wp\/v2\/pages"}],"about":[{"href":"https:\/\/hand2noteguide.com\/pt\/wp-json\/wp\/v2\/types\/page"}],"author":[{"embeddable":true,"href":"https:\/\/hand2noteguide.com\/pt\/wp-json\/wp\/v2\/users\/1"}],"replies":[{"embeddable":true,"href":"https:\/\/hand2noteguide.com\/pt\/wp-json\/wp\/v2\/comments?post=95"}],"version-history":[{"count":15,"href":"https:\/\/hand2noteguide.com\/pt\/wp-json\/wp\/v2\/pages\/95\/revisions"}],"predecessor-version":[{"id":13559,"href":"https:\/\/hand2noteguide.com\/pt\/wp-json\/wp\/v2\/pages\/95\/revisions\/13559"}],"up":[{"embeddable":true,"href":"https:\/\/hand2noteguide.com\/pt\/wp-json\/wp\/v2\/pages\/236"}],"wp:attachment":[{"href":"https:\/\/hand2noteguide.com\/pt\/wp-json\/wp\/v2\/media?parent=95"}],"curies":[{"name":"wp","href":"https:\/\/api.w.org\/{rel}","templated":true}]}}