{"id":9541,"date":"2025-04-02T19:32:06","date_gmt":"2025-04-02T16:32:06","guid":{"rendered":"https:\/\/hand2noteguide.com\/?page_id=9541"},"modified":"2026-03-10T11:15:43","modified_gmt":"2026-03-10T08:15:43","slug":"how-to-distinguish-between-a-fish-and-a-hu-reg","status":"publish","type":"page","link":"https:\/\/hand2noteguide.com\/pt\/user-manual\/how-to-distinguish-between-a-fish-and-a-hu-reg\/","title":{"rendered":"Como diferenciar fish de jogador heads-up em mesas 3+max com Hand2Note"},"content":{"rendered":"\n<p>Existem situa\u00e7\u00f5es em que jogadores que preferem jogar no formato heads-up (dois jogadores por mesa) sentam-se em mesas 3+max (tr\u00eas ou mais jogadores por mesa). Ao mesmo tempo, o principal volume de jogo deles ocorre nas mesas heads-up, onde o VPIP (percentual de dinheiro volunt\u00e1rio no pote) ser\u00e1 muito maior do que quando jogam nas mesas 3+max. Isso cria uma estat\u00edstica geral desfocada sobre o jogador e, como resultado, \u00e9 uma sele\u00e7\u00e3o falsa para jogarmos contra ele nas mesas 3+max, confundindo-o com um fish.<\/p>\n\n\n\n<p>O Hand2Note permite personalizar estat\u00edsticas dividindo-as em formatos &#8211; estat\u00edsticas de Heads-Up e estat\u00edsticas ao jogar em mesas 3+max. Exibindo HUDs e Popups com as estat\u00edsticas de Heads-Up do jogador nas mesas Heads-Up, e para as mesas 3+max &#8211; as estat\u00edsticas do jogador coletadas quando ele jogou nas mesas 3+max.<\/p>\n\n\n\n<h2 class=\"wp-block-heading\">Personalizando o Hand2Note para adaptar estat\u00edsticas para mesas Heads-Up e 3+max<\/h2>\n\n\n\n<p>Neste exemplo, vamos ver como configurar o perfil personalizado para jogar Texas Holdem NL Cash.<\/p>\n\n\n\n<p>Na janela principal do Hand2Note, abra o menu \u201cConfiguration\u201d (1) e selecione \u201cGame Types\u201d (2). Em seguida, clique no perfil \u201cTexas Holdem NL Cash\u201d (3) e altere o valor do padr\u00e3o \u201c2 to 10\u201d para \u201c2 to 2\u201d (4). Depois, clique no \u201c+\u201d abaixo da lista de perfis (5) para criar um novo perfil.<\/p>\n\n\n\n<figure class=\"wp-block-image size-large\"><img loading=\"lazy\" decoding=\"async\" width=\"1024\" height=\"551\" src=\"https:\/\/hand2noteguide.com\/wp-content\/uploads\/2025\/04\/1-1-1024x551.jpg\" alt=\"\" class=\"wp-image-9577\" srcset=\"https:\/\/hand2noteguide.com\/wp-content\/uploads\/2025\/04\/1-1-1024x551.jpg 1024w, https:\/\/hand2noteguide.com\/wp-content\/uploads\/2025\/04\/1-1-300x161.jpg 300w, https:\/\/hand2noteguide.com\/wp-content\/uploads\/2025\/04\/1-1-768x413.jpg 768w, https:\/\/hand2noteguide.com\/wp-content\/uploads\/2025\/04\/1-1-1536x826.jpg 1536w, https:\/\/hand2noteguide.com\/wp-content\/uploads\/2025\/04\/1-1-772x415.jpg 772w, https:\/\/hand2noteguide.com\/wp-content\/uploads\/2025\/04\/1-1-624x336.jpg 624w, https:\/\/hand2noteguide.com\/wp-content\/uploads\/2025\/04\/1-1.jpg 1917w\" sizes=\"auto, (max-width: 1024px) 100vw, 1024px\" \/><\/figure>\n\n\n\n<p>No novo perfil, altere o valor na linha \u201cPlayers In Hand\u201d do padr\u00e3o \u201c2 to 10\u201d para \u201c3 to 10\u201d (1). Em seguida, certifique-se de que os perfis est\u00e3o salvos verificando as altera\u00e7\u00f5es em seus nomes de \u201cTexas Holdem NL Cash\u201d inicialmente id\u00eanticos para \u201cTexas Holdem NL Cash 2-2 players\u201d e \u201cTexas Holdem NL Cash 3-10 players\u201d, respectivamente (2).<\/p>\n\n\n\n<figure class=\"wp-block-image size-large\"><img loading=\"lazy\" decoding=\"async\" width=\"1024\" height=\"550\" src=\"https:\/\/hand2noteguide.com\/wp-content\/uploads\/2025\/04\/2-1024x550.jpg\" alt=\"\" class=\"wp-image-9578\" srcset=\"https:\/\/hand2noteguide.com\/wp-content\/uploads\/2025\/04\/2-1024x550.jpg 1024w, https:\/\/hand2noteguide.com\/wp-content\/uploads\/2025\/04\/2-300x161.jpg 300w, https:\/\/hand2noteguide.com\/wp-content\/uploads\/2025\/04\/2-768x413.jpg 768w, https:\/\/hand2noteguide.com\/wp-content\/uploads\/2025\/04\/2-1536x826.jpg 1536w, https:\/\/hand2noteguide.com\/wp-content\/uploads\/2025\/04\/2-772x415.jpg 772w, https:\/\/hand2noteguide.com\/wp-content\/uploads\/2025\/04\/2-624x335.jpg 624w, https:\/\/hand2noteguide.com\/wp-content\/uploads\/2025\/04\/2.jpg 1918w\" sizes=\"auto, (max-width: 1024px) 100vw, 1024px\" \/><\/figure>\n\n\n\n<p>Se voc\u00ea j\u00e1 carregou algumas estat\u00edsticas no Hand2Note, elas devem ser reconstru\u00eddas com as novas altera\u00e7\u00f5es. Caso contr\u00e1rio, voc\u00ea terminou a configura\u00e7\u00e3o com a adapta\u00e7\u00e3o de estat\u00edsticas para mesas Heads-Up e 3+max, e esses perfis funcionar\u00e3o no programa no futuro.<\/p>\n\n\n\n<p>Para reconstruir as estat\u00edsticas carregadas anteriormente, na linha superior da janela do programa, encontre o menu \u201cDatabase\u201d (1) e clique nele. Na lista suspensa, selecione \u201cClean &amp; Rebuild Statistics\u201d (2) e na janela \u201cBuild Statistics\u201d, clique em \u201cAPPLY\u201d (3). Aguarde a conclus\u00e3o do rec\u00e1lculo das estat\u00edsticas.<\/p>\n\n\n\n<figure class=\"wp-block-image size-large\"><img loading=\"lazy\" decoding=\"async\" width=\"1024\" height=\"552\" src=\"https:\/\/hand2noteguide.com\/wp-content\/uploads\/2025\/04\/3-1024x552.jpg\" alt=\"\" class=\"wp-image-9579\" srcset=\"https:\/\/hand2noteguide.com\/wp-content\/uploads\/2025\/04\/3-1024x552.jpg 1024w, https:\/\/hand2noteguide.com\/wp-content\/uploads\/2025\/04\/3-300x162.jpg 300w, https:\/\/hand2noteguide.com\/wp-content\/uploads\/2025\/04\/3-768x414.jpg 768w, https:\/\/hand2noteguide.com\/wp-content\/uploads\/2025\/04\/3-1536x828.jpg 1536w, https:\/\/hand2noteguide.com\/wp-content\/uploads\/2025\/04\/3-772x416.jpg 772w, https:\/\/hand2noteguide.com\/wp-content\/uploads\/2025\/04\/3-624x336.jpg 624w, https:\/\/hand2noteguide.com\/wp-content\/uploads\/2025\/04\/3.jpg 1913w\" sizes=\"auto, (max-width: 1024px) 100vw, 1024px\" \/><\/figure>\n\n\n\n<p>A configura\u00e7\u00e3o est\u00e1 completa, voc\u00ea pode testar o programa sentando-se em diferentes mesas (Heads Up e 3+max) com o mesmo oponente e notar as mudan\u00e7as.<\/p>\n","protected":false},"excerpt":{"rendered":"<p>Existem situa\u00e7\u00f5es em que jogadores que preferem jogar no formato heads-up (dois jogadores por mesa) sentam-se em mesas 3+max (tr\u00eas ou mais jogadores por mesa). Ao mesmo tempo, o principal volume de jogo deles ocorre nas mesas heads-up, onde o VPIP (percentual de dinheiro volunt\u00e1rio no pote) ser\u00e1 muito maior do que quando jogam nas &hellip; <a href=\"https:\/\/hand2noteguide.com\/pt\/user-manual\/how-to-distinguish-between-a-fish-and-a-hu-reg\/\" class=\"more-link\">Continue reading <span class=\"screen-reader-text\">Como diferenciar fish de jogador heads-up em mesas 3+max com Hand2Note<\/span><\/a><\/p>\n","protected":false},"author":3,"featured_media":9573,"parent":9199,"menu_order":0,"comment_status":"closed","ping_status":"closed","template":"","meta":{"footnotes":""},"class_list":["post-9541","page","type-page","status-publish","has-post-thumbnail","hentry"],"translation":{"provider":"WPGlobus","version":"3.0.2","language":"pt","enabled_languages":["en","ru","pt","zh","es","fr","de","it","ja"],"languages":{"en":{"title":true,"content":true,"excerpt":false},"ru":{"title":true,"content":true,"excerpt":false},"pt":{"title":true,"content":true,"excerpt":false},"zh":{"title":true,"content":true,"excerpt":false},"es":{"title":true,"content":true,"excerpt":false},"fr":{"title":true,"content":true,"excerpt":false},"de":{"title":true,"content":true,"excerpt":false},"it":{"title":true,"content":true,"excerpt":false},"ja":{"title":true,"content":true,"excerpt":false}}},"yoast_head":"<!-- This site is optimized with the Yoast SEO plugin v27.0 - https:\/\/yoast.com\/product\/yoast-seo-wordpress\/ -->\n<title>Como diferenciar fish de jogador heads-up em mesas 3+max com Hand2Note<\/title>\n<meta name=\"description\" content=\"Melhore suas leituras de poker separando as estat\u00edsticas de Heads-Up e 3+max no Hand2Note. Configure perfis precisos e evite dados enganosos de formatos de mesa mistos.\" \/>\n<meta name=\"robots\" content=\"index, follow, max-snippet:-1, max-image-preview:large, max-video-preview:-1\" \/>\n<link rel=\"canonical\" href=\"https:\/\/hand2noteguide.com\/user-manual\/how-to-distinguish-between-a-fish-and-a-hu-reg\/\" \/>\n<meta property=\"og:locale\" content=\"pt_PT\" \/>\n<meta property=\"og:type\" content=\"article\" \/>\n<meta property=\"og:title\" content=\"Como diferenciar fish de jogador heads-up em mesas 3+max com Hand2Note\" \/>\n<meta property=\"og:description\" content=\"Melhore suas leituras de poker separando as estat\u00edsticas de Heads-Up e 3+max no Hand2Note. Configure perfis precisos e evite dados enganosos de formatos de mesa mistos.\" \/>\n<meta property=\"og:url\" content=\"https:\/\/hand2noteguide.com\/user-manual\/how-to-distinguish-between-a-fish-and-a-hu-reg\/\" \/>\n<meta property=\"og:site_name\" content=\"Hand2Note Guide\" \/>\n<meta property=\"article:modified_time\" content=\"2026-03-10T08:15:43+00:00\" \/>\n<meta property=\"og:image\" content=\"https:\/\/hand2noteguide.com\/wp-content\/uploads\/2025\/04\/Poker-Table.jpg\" \/>\n\t<meta property=\"og:image:width\" content=\"988\" \/>\n\t<meta property=\"og:image:height\" content=\"1400\" \/>\n\t<meta property=\"og:image:type\" content=\"image\/jpeg\" \/>\n<meta name=\"twitter:card\" content=\"summary_large_image\" \/>\n<meta name=\"twitter:label1\" content=\"Est. reading time\" \/>\n\t<meta name=\"twitter:data1\" content=\"13 minutes\" \/>\n<!-- \/ Yoast SEO plugin. -->","yoast_head_json":{"title":"Como diferenciar fish de jogador heads-up em mesas 3+max com Hand2Note","description":"Melhore suas leituras de poker separando as estat\u00edsticas de Heads-Up e 3+max no Hand2Note. Configure perfis precisos e evite dados enganosos de formatos de mesa mistos.","robots":{"index":"index","follow":"follow","max-snippet":"max-snippet:-1","max-image-preview":"max-image-preview:large","max-video-preview":"max-video-preview:-1"},"canonical":"https:\/\/hand2noteguide.com\/user-manual\/how-to-distinguish-between-a-fish-and-a-hu-reg\/","og_locale":"pt_PT","og_type":"article","og_title":"Como diferenciar fish de jogador heads-up em mesas 3+max com Hand2Note","og_description":"Melhore suas leituras de poker separando as estat\u00edsticas de Heads-Up e 3+max no Hand2Note. Configure perfis precisos e evite dados enganosos de formatos de mesa mistos.","og_url":"https:\/\/hand2noteguide.com\/user-manual\/how-to-distinguish-between-a-fish-and-a-hu-reg\/","og_site_name":"Hand2Note Guide","article_modified_time":"2026-03-10T08:15:43+00:00","og_image":[{"width":988,"height":1400,"url":"https:\/\/hand2noteguide.com\/wp-content\/uploads\/2025\/04\/Poker-Table.jpg","type":"image\/jpeg"}],"twitter_card":"summary_large_image","twitter_misc":{"Est. reading time":"13 minutes"},"schema":{"@context":"https:\/\/schema.org","@graph":[]}},"jetpack_sharing_enabled":true,"_links":{"self":[{"href":"https:\/\/hand2noteguide.com\/pt\/wp-json\/wp\/v2\/pages\/9541","targetHints":{"allow":["GET"]}}],"collection":[{"href":"https:\/\/hand2noteguide.com\/pt\/wp-json\/wp\/v2\/pages"}],"about":[{"href":"https:\/\/hand2noteguide.com\/pt\/wp-json\/wp\/v2\/types\/page"}],"author":[{"embeddable":true,"href":"https:\/\/hand2noteguide.com\/pt\/wp-json\/wp\/v2\/users\/3"}],"replies":[{"embeddable":true,"href":"https:\/\/hand2noteguide.com\/pt\/wp-json\/wp\/v2\/comments?post=9541"}],"version-history":[{"count":44,"href":"https:\/\/hand2noteguide.com\/pt\/wp-json\/wp\/v2\/pages\/9541\/revisions"}],"predecessor-version":[{"id":15615,"href":"https:\/\/hand2noteguide.com\/pt\/wp-json\/wp\/v2\/pages\/9541\/revisions\/15615"}],"up":[{"embeddable":true,"href":"https:\/\/hand2noteguide.com\/pt\/wp-json\/wp\/v2\/pages\/9199"}],"wp:featuredmedia":[{"embeddable":true,"href":"https:\/\/hand2noteguide.com\/pt\/wp-json\/wp\/v2\/media\/9573"}],"wp:attachment":[{"href":"https:\/\/hand2noteguide.com\/pt\/wp-json\/wp\/v2\/media?parent=9541"}],"curies":[{"name":"wp","href":"https:\/\/api.w.org\/{rel}","templated":true}]}}