{"id":9609,"date":"2025-04-05T13:16:20","date_gmt":"2025-04-05T10:16:20","guid":{"rendered":"https:\/\/hand2noteguide.com\/?page_id=9609"},"modified":"2026-03-10T11:16:50","modified_gmt":"2026-03-10T08:16:50","slug":"transferring-the-database-storage-location-as-well-as-creating-a-new-database","status":"publish","type":"page","link":"https:\/\/hand2noteguide.com\/pt\/user-manual\/transferring-the-database-storage-location-as-well-as-creating-a-new-database\/","title":{"rendered":"Transferindo o banco de dados do Hand2Note para um novo diret\u00f3rio"},"content":{"rendered":"\n<p>Muitas vezes, muitos jogadores enfrentam o problema de falta de espa\u00e7o livre no disco local onde o banco de dados do Hand2Note est\u00e1 armazenado (por padr\u00e3o, este \u00e9 o disco local onde seu sistema operacional est\u00e1 instalado, com o s\u00edmbolo atribu\u00eddo \u201cC\u201d).<\/p>\n\n\n\n<p>O Hand2Note permite que voc\u00ea mova o banco de dados para qualquer diret\u00f3rio que desejar.<\/p>\n\n\n\n<h2 class=\"wp-block-heading\">Informa\u00e7\u00f5es importantes antes de come\u00e7ar a trabalhar com o banco de dados<\/h2>\n\n\n\n<p>O banco de dados \u00e9 usado para armazenar e manter todos os c\u00e1lculos de estat\u00edsticas. Como regra, \u00e9 o elemento mais volumoso no Hand2Note, ao instalar o programa; por padr\u00e3o, ele est\u00e1 localizado no diret\u00f3rio (sob o sistema operacional WINDOWS):<\/p>\n\n\n\n<p><em>C: (disco local onde o sistema operacional est\u00e1 instalado)Users(nome do usu\u00e1rio do sistema operacional)AppDataRoamingHand2Note<\/em><\/p>\n\n\n\n<p>Para o funcionamento correto do banco de dados, ele deve ser instalado apenas em unidades f\u00edsicas internas e parti\u00e7\u00f5es l\u00f3gicas (discos locais) criadas nelas. \u00c9 proibido instal\u00e1-lo em discos r\u00edgidos externos, mem\u00f3rias flash (pen drives) ou no disco local de outro computador atrav\u00e9s de uma rede local com pastas compartilhadas.<\/p>\n\n\n\n<p>O banco de dados deve ter um caminho para sua localiza\u00e7\u00e3o consistindo exclusivamente de letras em ingl\u00eas e sem o uso de quaisquer caracteres especiais.<\/p>\n\n\n\n<p>Voc\u00ea tamb\u00e9m deve considerar a velocidade da unidade f\u00edsica interna ao trabalhar com dados. Para o Hand2Note funcionar corretamente, voc\u00ea deve preferir um SSD com interface de conex\u00e3o M2 ou uma unidade mais r\u00e1pida.<\/p>\n\n\n\n<h2 class=\"wp-block-heading\">Exemplo de migra\u00e7\u00e3o de banco de dados<\/h2>\n\n\n\n<p>Para mover o banco de dados, abra o Hand2Note, v\u00e1 para \u201cConfiguration\u201d (1), depois selecione \u201cDatabase\u201d (2) e clique em \u201cOpen Folder\u201d (3); feche o Hand2Note deixando a janela aberta ap\u00f3s clicar em \u201cOpen Folder\u201d.<\/p>\n\n\n\n<figure class=\"wp-block-image size-large\"><img loading=\"lazy\" decoding=\"async\" width=\"1024\" height=\"551\" src=\"https:\/\/hand2noteguide.com\/wp-content\/uploads\/2025\/04\/\u0411\u0435\u0437-\u0438\u043c\u0435\u043d\u0438-1\u0443\u0432\u044b\u0430\u044b-1024x551.jpg\" alt=\"\" class=\"wp-image-9641\" srcset=\"https:\/\/hand2noteguide.com\/wp-content\/uploads\/2025\/04\/\u0411\u0435\u0437-\u0438\u043c\u0435\u043d\u0438-1\u0443\u0432\u044b\u0430\u044b-1024x551.jpg 1024w, https:\/\/hand2noteguide.com\/wp-content\/uploads\/2025\/04\/\u0411\u0435\u0437-\u0438\u043c\u0435\u043d\u0438-1\u0443\u0432\u044b\u0430\u044b-300x161.jpg 300w, https:\/\/hand2noteguide.com\/wp-content\/uploads\/2025\/04\/\u0411\u0435\u0437-\u0438\u043c\u0435\u043d\u0438-1\u0443\u0432\u044b\u0430\u044b-768x413.jpg 768w, https:\/\/hand2noteguide.com\/wp-content\/uploads\/2025\/04\/\u0411\u0435\u0437-\u0438\u043c\u0435\u043d\u0438-1\u0443\u0432\u044b\u0430\u044b-1536x826.jpg 1536w, https:\/\/hand2noteguide.com\/wp-content\/uploads\/2025\/04\/\u0411\u0435\u0437-\u0438\u043c\u0435\u043d\u0438-1\u0443\u0432\u044b\u0430\u044b-772x415.jpg 772w, https:\/\/hand2noteguide.com\/wp-content\/uploads\/2025\/04\/\u0411\u0435\u0437-\u0438\u043c\u0435\u043d\u0438-1\u0443\u0432\u044b\u0430\u044b-624x336.jpg 624w, https:\/\/hand2noteguide.com\/wp-content\/uploads\/2025\/04\/\u0411\u0435\u0437-\u0438\u043c\u0435\u043d\u0438-1\u0443\u0432\u044b\u0430\u044b.jpg 1908w\" sizes=\"auto, (max-width: 1024px) 100vw, 1024px\" \/><\/figure>\n\n\n\n<p>Na janela aberta, clique com o bot\u00e3o direito na pasta \u201cDatabases\u201d (1) e no menu suspenso clique no bot\u00e3o \u201cCut\u201d (2). Abra um novo local para salvar o banco de dados (no exemplo este \u00e9: \u201cDisco local (D:)&#8221;) e nele clique em qualquer \u00e1rea livre (3). No menu suspenso, selecione o bot\u00e3o \u201cPaste\u201d (4). Desta forma, voc\u00ea migrou o banco de dados para um novo local.<\/p>\n\n\n\n<figure class=\"wp-block-image size-large\"><img loading=\"lazy\" decoding=\"async\" width=\"1024\" height=\"630\" src=\"https:\/\/hand2noteguide.com\/wp-content\/uploads\/2025\/04\/\u0411\u0435\u0437-fgdfgdfgdf1-1024x630.jpg\" alt=\"\" class=\"wp-image-9643\" srcset=\"https:\/\/hand2noteguide.com\/wp-content\/uploads\/2025\/04\/\u0411\u0435\u0437-fgdfgdfgdf1-1024x630.jpg 1024w, https:\/\/hand2noteguide.com\/wp-content\/uploads\/2025\/04\/\u0411\u0435\u0437-fgdfgdfgdf1-300x185.jpg 300w, https:\/\/hand2noteguide.com\/wp-content\/uploads\/2025\/04\/\u0411\u0435\u0437-fgdfgdfgdf1-768x473.jpg 768w, https:\/\/hand2noteguide.com\/wp-content\/uploads\/2025\/04\/\u0411\u0435\u0437-fgdfgdfgdf1-1536x945.jpg 1536w, https:\/\/hand2noteguide.com\/wp-content\/uploads\/2025\/04\/\u0411\u0435\u0437-fgdfgdfgdf1-772x475.jpg 772w, https:\/\/hand2noteguide.com\/wp-content\/uploads\/2025\/04\/\u0411\u0435\u0437-fgdfgdfgdf1-624x384.jpg 624w, https:\/\/hand2noteguide.com\/wp-content\/uploads\/2025\/04\/\u0411\u0435\u0437-fgdfgdfgdf1.jpg 1539w\" sizes=\"auto, (max-width: 1024px) 100vw, 1024px\" \/><\/figure>\n\n\n\n<p>Agora voc\u00ea precisa especificar um novo local para o banco de dados no Hand2Note. Para fazer isso, inicie o Hand2Note, clique em \u201cConfiguration\u201d (1) na janela principal do programa, v\u00e1 para o menu \u201cDatabase\u201d (2) e clique em \u201cChange Folder\u2026\u201d (3). Na janela de busca de pasta aberta (4) especifique o caminho para o novo local do banco de dados (5) e clique em \u201cSelect a folder\u201d (6).<\/p>\n\n\n\n<figure class=\"wp-block-image size-large\"><img loading=\"lazy\" decoding=\"async\" width=\"1024\" height=\"576\" src=\"https:\/\/hand2noteguide.com\/wp-content\/uploads\/2025\/04\/\u0411\u0435\u0437-\u0438\u044b\u0432\u044b\u0432\u043c\u0435\u043d\u0438-1-1024x576.jpg\" alt=\"\" class=\"wp-image-9644\" srcset=\"https:\/\/hand2noteguide.com\/wp-content\/uploads\/2025\/04\/\u0411\u0435\u0437-\u0438\u044b\u0432\u044b\u0432\u043c\u0435\u043d\u0438-1-1024x576.jpg 1024w, https:\/\/hand2noteguide.com\/wp-content\/uploads\/2025\/04\/\u0411\u0435\u0437-\u0438\u044b\u0432\u044b\u0432\u043c\u0435\u043d\u0438-1-300x169.jpg 300w, https:\/\/hand2noteguide.com\/wp-content\/uploads\/2025\/04\/\u0411\u0435\u0437-\u0438\u044b\u0432\u044b\u0432\u043c\u0435\u043d\u0438-1-768x432.jpg 768w, https:\/\/hand2noteguide.com\/wp-content\/uploads\/2025\/04\/\u0411\u0435\u0437-\u0438\u044b\u0432\u044b\u0432\u043c\u0435\u043d\u0438-1-1536x864.jpg 1536w, https:\/\/hand2noteguide.com\/wp-content\/uploads\/2025\/04\/\u0411\u0435\u0437-\u0438\u044b\u0432\u044b\u0432\u043c\u0435\u043d\u0438-1-772x434.jpg 772w, https:\/\/hand2noteguide.com\/wp-content\/uploads\/2025\/04\/\u0411\u0435\u0437-\u0438\u044b\u0432\u044b\u0432\u043c\u0435\u043d\u0438-1-624x351.jpg 624w, https:\/\/hand2noteguide.com\/wp-content\/uploads\/2025\/04\/\u0411\u0435\u0437-\u0438\u044b\u0432\u044b\u0432\u043c\u0435\u043d\u0438-1.jpg 1920w\" sizes=\"auto, (max-width: 1024px) 100vw, 1024px\" \/><\/figure>\n\n\n\n<p>Desta forma, voc\u00ea migrar\u00e1 o banco de dados para qualquer local desejado.<\/p>\n\n\n\n<p>O Hand2Note tamb\u00e9m permite que voc\u00ea crie m\u00faltiplos bancos de dados para diferentes prop\u00f3sitos. Para saber mais, consulte o artigo: <a href=\"https:\/\/hand2noteguide.com\/pt\/user-manual\/creating-deleting-and-switching-databases\/\">Criando, excluindo e alternando bancos de dados no Hand2Note<\/a>.<\/p>\n","protected":false},"excerpt":{"rendered":"<p>Muitas vezes, muitos jogadores enfrentam o problema de falta de espa\u00e7o livre no disco local onde o banco de dados do Hand2Note est\u00e1 armazenado (por padr\u00e3o, este \u00e9 o disco local onde seu sistema operacional est\u00e1 instalado, com o s\u00edmbolo atribu\u00eddo \u201cC\u201d). O Hand2Note permite que voc\u00ea mova o banco de dados para qualquer diret\u00f3rio &hellip; <a href=\"https:\/\/hand2noteguide.com\/pt\/user-manual\/transferring-the-database-storage-location-as-well-as-creating-a-new-database\/\" class=\"more-link\">Continue reading <span class=\"screen-reader-text\">Transferindo o banco de dados do Hand2Note para um novo diret\u00f3rio<\/span><\/a><\/p>\n","protected":false},"author":3,"featured_media":9613,"parent":9199,"menu_order":0,"comment_status":"closed","ping_status":"closed","template":"","meta":{"footnotes":""},"class_list":["post-9609","page","type-page","status-publish","has-post-thumbnail","hentry"],"translation":{"provider":"WPGlobus","version":"3.0.2","language":"pt","enabled_languages":["en","ru","pt","zh","es","fr","de","it","ja"],"languages":{"en":{"title":true,"content":true,"excerpt":false},"ru":{"title":true,"content":true,"excerpt":false},"pt":{"title":true,"content":true,"excerpt":false},"zh":{"title":true,"content":true,"excerpt":false},"es":{"title":true,"content":true,"excerpt":false},"fr":{"title":true,"content":true,"excerpt":false},"de":{"title":true,"content":true,"excerpt":false},"it":{"title":true,"content":true,"excerpt":false},"ja":{"title":true,"content":true,"excerpt":false}}},"yoast_head":"<!-- This site is optimized with the Yoast SEO plugin v27.0 - https:\/\/yoast.com\/product\/yoast-seo-wordpress\/ -->\n<title>Transferindo o banco de dados do Hand2Note para um novo diret\u00f3rio<\/title>\n<meta name=\"description\" content=\"Libere espa\u00e7o movendo seu banco de dados do Hand2Note para outro drive. Aprenda como migr\u00e1-lo com seguran\u00e7a e aumentar o desempenho usando um SSD.\" \/>\n<meta name=\"robots\" content=\"index, follow, max-snippet:-1, max-image-preview:large, max-video-preview:-1\" \/>\n<link rel=\"canonical\" href=\"https:\/\/hand2noteguide.com\/user-manual\/transferring-the-database-storage-location-as-well-as-creating-a-new-database\/\" \/>\n<meta property=\"og:locale\" content=\"pt_PT\" \/>\n<meta property=\"og:type\" content=\"article\" \/>\n<meta property=\"og:title\" content=\"Transferindo o banco de dados do Hand2Note para um novo diret\u00f3rio\" \/>\n<meta property=\"og:description\" content=\"Libere espa\u00e7o movendo seu banco de dados do Hand2Note para outro drive. Aprenda como migr\u00e1-lo com seguran\u00e7a e aumentar o desempenho usando um SSD.\" \/>\n<meta property=\"og:url\" content=\"https:\/\/hand2noteguide.com\/user-manual\/transferring-the-database-storage-location-as-well-as-creating-a-new-database\/\" \/>\n<meta property=\"og:site_name\" content=\"Hand2Note Guide\" \/>\n<meta property=\"article:modified_time\" content=\"2026-03-10T08:16:50+00:00\" \/>\n<meta property=\"og:image\" content=\"https:\/\/hand2noteguide.com\/wp-content\/uploads\/2025\/04\/11.jpg\" \/>\n\t<meta property=\"og:image:width\" content=\"1391\" \/>\n\t<meta property=\"og:image:height\" content=\"961\" \/>\n\t<meta property=\"og:image:type\" content=\"image\/jpeg\" \/>\n<meta name=\"twitter:card\" content=\"summary_large_image\" \/>\n<meta name=\"twitter:label1\" content=\"Est. reading time\" \/>\n\t<meta name=\"twitter:data1\" content=\"15 minutes\" \/>\n<!-- \/ Yoast SEO plugin. -->","yoast_head_json":{"title":"Transferindo o banco de dados do Hand2Note para um novo diret\u00f3rio","description":"Libere espa\u00e7o movendo seu banco de dados do Hand2Note para outro drive. Aprenda como migr\u00e1-lo com seguran\u00e7a e aumentar o desempenho usando um SSD.","robots":{"index":"index","follow":"follow","max-snippet":"max-snippet:-1","max-image-preview":"max-image-preview:large","max-video-preview":"max-video-preview:-1"},"canonical":"https:\/\/hand2noteguide.com\/user-manual\/transferring-the-database-storage-location-as-well-as-creating-a-new-database\/","og_locale":"pt_PT","og_type":"article","og_title":"Transferindo o banco de dados do Hand2Note para um novo diret\u00f3rio","og_description":"Libere espa\u00e7o movendo seu banco de dados do Hand2Note para outro drive. Aprenda como migr\u00e1-lo com seguran\u00e7a e aumentar o desempenho usando um SSD.","og_url":"https:\/\/hand2noteguide.com\/user-manual\/transferring-the-database-storage-location-as-well-as-creating-a-new-database\/","og_site_name":"Hand2Note Guide","article_modified_time":"2026-03-10T08:16:50+00:00","og_image":[{"width":1391,"height":961,"url":"https:\/\/hand2noteguide.com\/wp-content\/uploads\/2025\/04\/11.jpg","type":"image\/jpeg"}],"twitter_card":"summary_large_image","twitter_misc":{"Est. reading time":"15 minutes"},"schema":{"@context":"https:\/\/schema.org","@graph":[]}},"jetpack_sharing_enabled":true,"_links":{"self":[{"href":"https:\/\/hand2noteguide.com\/pt\/wp-json\/wp\/v2\/pages\/9609","targetHints":{"allow":["GET"]}}],"collection":[{"href":"https:\/\/hand2noteguide.com\/pt\/wp-json\/wp\/v2\/pages"}],"about":[{"href":"https:\/\/hand2noteguide.com\/pt\/wp-json\/wp\/v2\/types\/page"}],"author":[{"embeddable":true,"href":"https:\/\/hand2noteguide.com\/pt\/wp-json\/wp\/v2\/users\/3"}],"replies":[{"embeddable":true,"href":"https:\/\/hand2noteguide.com\/pt\/wp-json\/wp\/v2\/comments?post=9609"}],"version-history":[{"count":64,"href":"https:\/\/hand2noteguide.com\/pt\/wp-json\/wp\/v2\/pages\/9609\/revisions"}],"predecessor-version":[{"id":15616,"href":"https:\/\/hand2noteguide.com\/pt\/wp-json\/wp\/v2\/pages\/9609\/revisions\/15616"}],"up":[{"embeddable":true,"href":"https:\/\/hand2noteguide.com\/pt\/wp-json\/wp\/v2\/pages\/9199"}],"wp:featuredmedia":[{"embeddable":true,"href":"https:\/\/hand2noteguide.com\/pt\/wp-json\/wp\/v2\/media\/9613"}],"wp:attachment":[{"href":"https:\/\/hand2noteguide.com\/pt\/wp-json\/wp\/v2\/media?parent=9609"}],"curies":[{"name":"wp","href":"https:\/\/api.w.org\/{rel}","templated":true}]}}