{"id":9692,"date":"2025-04-06T12:51:53","date_gmt":"2025-04-06T09:51:53","guid":{"rendered":"https:\/\/hand2noteguide.com\/?page_id=9692"},"modified":"2026-03-10T11:17:28","modified_gmt":"2026-03-10T08:17:28","slug":"creating-deleting-and-switching-databases","status":"publish","type":"page","link":"https:\/\/hand2noteguide.com\/pt\/user-manual\/creating-deleting-and-switching-databases\/","title":{"rendered":"Criando, excluindo e alternando bancos de dados no Hand2Note"},"content":{"rendered":"\n<p>O banco de dados \u00e9 usado para armazenar e manter todos os c\u00e1lculos de estat\u00edsticas. O Hand2Note permite que voc\u00ea trabalhe com v\u00e1rios bancos de dados, al\u00e9m de criar, excluir e alternar entre eles.<\/p>\n\n\n\n<p>Para ver o n\u00famero de bancos de dados no seu Hand2Note, abra o menu \u201cConfiguration\u201d (1) na janela principal do programa e v\u00e1 para \u201cDatabase\u201d (2). No menu \u201cDatabase\u201d voc\u00ea pode ver a lista de bancos de dados j\u00e1 criados (3).<\/p>\n\n\n\n<p>O banco de dados ativo no momento da opera\u00e7\u00e3o do programa ter\u00e1 um ponto amarelo brilhante \u00e0 esquerda do seu nome.<\/p>\n\n\n\n<p>Para criar um banco de dados adicional, clique em \u201c+ Create Database\u201d (4) e na janela \u201cEnter the new name\u201d, d\u00ea um nome no campo de entrada de texto (5), usando apenas letras em ingl\u00eas e n\u00e3o utilizando caracteres especiais. Quando terminar, clique em \u201cOK\u201d (6).<\/p>\n\n\n\n<figure class=\"wp-block-image size-large\"><img loading=\"lazy\" decoding=\"async\" width=\"1024\" height=\"576\" src=\"https:\/\/hand2noteguide.com\/wp-content\/uploads\/2025\/04\/\u0411\u0435\u0437-\u0438\u0432\u0430\u0432\u0430\u0432\u0430\u043c\u0435\u043d\u0438-1-1024x576.jpg\" alt=\"\" class=\"wp-image-9673\" srcset=\"https:\/\/hand2noteguide.com\/wp-content\/uploads\/2025\/04\/\u0411\u0435\u0437-\u0438\u0432\u0430\u0432\u0430\u0432\u0430\u043c\u0435\u043d\u0438-1-1024x576.jpg 1024w, https:\/\/hand2noteguide.com\/wp-content\/uploads\/2025\/04\/\u0411\u0435\u0437-\u0438\u0432\u0430\u0432\u0430\u0432\u0430\u043c\u0435\u043d\u0438-1-300x169.jpg 300w, https:\/\/hand2noteguide.com\/wp-content\/uploads\/2025\/04\/\u0411\u0435\u0437-\u0438\u0432\u0430\u0432\u0430\u0432\u0430\u043c\u0435\u043d\u0438-1-768x432.jpg 768w, https:\/\/hand2noteguide.com\/wp-content\/uploads\/2025\/04\/\u0411\u0435\u0437-\u0438\u0432\u0430\u0432\u0430\u0432\u0430\u043c\u0435\u043d\u0438-1-1536x864.jpg 1536w, https:\/\/hand2noteguide.com\/wp-content\/uploads\/2025\/04\/\u0411\u0435\u0437-\u0438\u0432\u0430\u0432\u0430\u0432\u0430\u043c\u0435\u043d\u0438-1-772x434.jpg 772w, https:\/\/hand2noteguide.com\/wp-content\/uploads\/2025\/04\/\u0411\u0435\u0437-\u0438\u0432\u0430\u0432\u0430\u0432\u0430\u043c\u0435\u043d\u0438-1-624x351.jpg 624w, https:\/\/hand2noteguide.com\/wp-content\/uploads\/2025\/04\/\u0411\u0435\u0437-\u0438\u0432\u0430\u0432\u0430\u0432\u0430\u043c\u0435\u043d\u0438-1.jpg 1920w\" sizes=\"auto, (max-width: 1024px) 100vw, 1024px\" \/><\/figure>\n\n\n\n<p>Se voc\u00ea fez tudo corretamente, o novo banco de dados deve aparecer na lista geral de bancos de dados (1) e ser ativado, como indicado por um ponto amarelo brilhante \u00e0 esquerda do seu nome.<\/p>\n\n\n\n<p>Para alternar para qualquer banco de dados desejado, clique no c\u00edrculo branco em frente ao seu nome; no momento de sua ativa\u00e7\u00e3o, ele deve se tornar um ponto amarelo brilhante.<\/p>\n\n\n\n<p>Ao passar o cursor sobre o nome de qualquer banco de dados, voc\u00ea pode notar que um \u00edcone de lixeira (2) aparece. Se voc\u00ea clicar nesse \u00edcone, poder\u00e1 excluir o banco de dados que n\u00e3o precisa.<\/p>\n\n\n\n<figure class=\"wp-block-image size-large\"><img loading=\"lazy\" decoding=\"async\" width=\"1024\" height=\"552\" src=\"https:\/\/hand2noteguide.com\/wp-content\/uploads\/2025\/04\/\u0411\u0435\u0437\u044b\u0432\u0430\u044b\u0432\u0430-\u0438\u043c\u0435\u043d\u0438-2-1024x552.jpg\" alt=\"\" class=\"wp-image-9674\" srcset=\"https:\/\/hand2noteguide.com\/wp-content\/uploads\/2025\/04\/\u0411\u0435\u0437\u044b\u0432\u0430\u044b\u0432\u0430-\u0438\u043c\u0435\u043d\u0438-2-1024x552.jpg 1024w, https:\/\/hand2noteguide.com\/wp-content\/uploads\/2025\/04\/\u0411\u0435\u0437\u044b\u0432\u0430\u044b\u0432\u0430-\u0438\u043c\u0435\u043d\u0438-2-300x162.jpg 300w, https:\/\/hand2noteguide.com\/wp-content\/uploads\/2025\/04\/\u0411\u0435\u0437\u044b\u0432\u0430\u044b\u0432\u0430-\u0438\u043c\u0435\u043d\u0438-2-768x414.jpg 768w, https:\/\/hand2noteguide.com\/wp-content\/uploads\/2025\/04\/\u0411\u0435\u0437\u044b\u0432\u0430\u044b\u0432\u0430-\u0438\u043c\u0435\u043d\u0438-2-1536x828.jpg 1536w, https:\/\/hand2noteguide.com\/wp-content\/uploads\/2025\/04\/\u0411\u0435\u0437\u044b\u0432\u0430\u044b\u0432\u0430-\u0438\u043c\u0435\u043d\u0438-2-772x416.jpg 772w, https:\/\/hand2noteguide.com\/wp-content\/uploads\/2025\/04\/\u0411\u0435\u0437\u044b\u0432\u0430\u044b\u0432\u0430-\u0438\u043c\u0435\u043d\u0438-2-624x336.jpg 624w, https:\/\/hand2noteguide.com\/wp-content\/uploads\/2025\/04\/\u0411\u0435\u0437\u044b\u0432\u0430\u044b\u0432\u0430-\u0438\u043c\u0435\u043d\u0438-2.jpg 1918w\" sizes=\"auto, (max-width: 1024px) 100vw, 1024px\" \/><\/figure>\n\n\n\n<p>Al\u00e9m disso, o Hand2Note permite que voc\u00ea altere a localiza\u00e7\u00e3o do banco de dados para um novo diret\u00f3rio. Para saber mais, veja o artigo: <a href=\"https:\/\/hand2noteguide.com\/pt\/user-manual\/transferring-the-database-storage-location-as-well-as-creating-a-new-database\/\">Transferindo o banco de dados do Hand2Note para um novo diret\u00f3rio<\/a>.<\/p>\n","protected":false},"excerpt":{"rendered":"<p>O banco de dados \u00e9 usado para armazenar e manter todos os c\u00e1lculos de estat\u00edsticas. O Hand2Note permite que voc\u00ea trabalhe com v\u00e1rios bancos de dados, al\u00e9m de criar, excluir e alternar entre eles. Para ver o n\u00famero de bancos de dados no seu Hand2Note, abra o menu \u201cConfiguration\u201d (1) na janela principal do programa &hellip; <a href=\"https:\/\/hand2noteguide.com\/pt\/user-manual\/creating-deleting-and-switching-databases\/\" class=\"more-link\">Continue reading <span class=\"screen-reader-text\">Criando, excluindo e alternando bancos de dados no Hand2Note<\/span><\/a><\/p>\n","protected":false},"author":3,"featured_media":9700,"parent":9199,"menu_order":0,"comment_status":"closed","ping_status":"closed","template":"","meta":{"footnotes":""},"class_list":["post-9692","page","type-page","status-publish","has-post-thumbnail","hentry"],"translation":{"provider":"WPGlobus","version":"3.0.2","language":"pt","enabled_languages":["en","ru","pt","zh","es","fr","de","it","ja"],"languages":{"en":{"title":true,"content":true,"excerpt":false},"ru":{"title":true,"content":true,"excerpt":false},"pt":{"title":true,"content":true,"excerpt":false},"zh":{"title":true,"content":true,"excerpt":false},"es":{"title":true,"content":true,"excerpt":false},"fr":{"title":true,"content":true,"excerpt":false},"de":{"title":true,"content":true,"excerpt":false},"it":{"title":true,"content":true,"excerpt":false},"ja":{"title":true,"content":true,"excerpt":false}}},"yoast_head":"<!-- This site is optimized with the Yoast SEO plugin v27.0 - https:\/\/yoast.com\/product\/yoast-seo-wordpress\/ -->\n<title>Criando, excluindo e alternando bancos de dados no Hand2Note<\/title>\n<meta name=\"description\" content=\"Gerencie estat\u00edsticas de forma eficiente no Hand2Note: crie, alterne ou exclua v\u00e1rios bancos de dados com facilidade. Aprenda a organizar seus dados e otimizar o desempenho.\" \/>\n<meta name=\"robots\" content=\"index, follow, max-snippet:-1, max-image-preview:large, max-video-preview:-1\" \/>\n<link rel=\"canonical\" href=\"https:\/\/hand2noteguide.com\/user-manual\/creating-deleting-and-switching-databases\/\" \/>\n<meta property=\"og:locale\" content=\"pt_PT\" \/>\n<meta property=\"og:type\" content=\"article\" \/>\n<meta property=\"og:title\" content=\"Criando, excluindo e alternando bancos de dados no Hand2Note\" \/>\n<meta property=\"og:description\" content=\"Gerencie estat\u00edsticas de forma eficiente no Hand2Note: crie, alterne ou exclua v\u00e1rios bancos de dados com facilidade. Aprenda a organizar seus dados e otimizar o desempenho.\" \/>\n<meta property=\"og:url\" content=\"https:\/\/hand2noteguide.com\/user-manual\/creating-deleting-and-switching-databases\/\" \/>\n<meta property=\"og:site_name\" content=\"Hand2Note Guide\" \/>\n<meta property=\"article:modified_time\" content=\"2026-03-10T08:17:28+00:00\" \/>\n<meta property=\"og:image\" content=\"https:\/\/hand2noteguide.com\/wp-content\/uploads\/2025\/04\/\u0411\u0435\u0437-\u0438666\u043c\u0435\u043d\u0438-1.jpg\" \/>\n\t<meta property=\"og:image:width\" content=\"1401\" \/>\n\t<meta property=\"og:image:height\" content=\"843\" \/>\n\t<meta property=\"og:image:type\" content=\"image\/jpeg\" \/>\n<meta name=\"twitter:card\" content=\"summary_large_image\" \/>\n<meta name=\"twitter:label1\" content=\"Est. reading time\" \/>\n\t<meta name=\"twitter:data1\" content=\"8 minutes\" \/>\n<!-- \/ Yoast SEO plugin. -->","yoast_head_json":{"title":"Criando, excluindo e alternando bancos de dados no Hand2Note","description":"Gerencie estat\u00edsticas de forma eficiente no Hand2Note: crie, alterne ou exclua v\u00e1rios bancos de dados com facilidade. Aprenda a organizar seus dados e otimizar o desempenho.","robots":{"index":"index","follow":"follow","max-snippet":"max-snippet:-1","max-image-preview":"max-image-preview:large","max-video-preview":"max-video-preview:-1"},"canonical":"https:\/\/hand2noteguide.com\/user-manual\/creating-deleting-and-switching-databases\/","og_locale":"pt_PT","og_type":"article","og_title":"Criando, excluindo e alternando bancos de dados no Hand2Note","og_description":"Gerencie estat\u00edsticas de forma eficiente no Hand2Note: crie, alterne ou exclua v\u00e1rios bancos de dados com facilidade. Aprenda a organizar seus dados e otimizar o desempenho.","og_url":"https:\/\/hand2noteguide.com\/user-manual\/creating-deleting-and-switching-databases\/","og_site_name":"Hand2Note Guide","article_modified_time":"2026-03-10T08:17:28+00:00","og_image":[{"width":1401,"height":843,"url":"https:\/\/hand2noteguide.com\/wp-content\/uploads\/2025\/04\/\u0411\u0435\u0437-\u0438666\u043c\u0435\u043d\u0438-1.jpg","type":"image\/jpeg"}],"twitter_card":"summary_large_image","twitter_misc":{"Est. reading time":"8 minutes"},"schema":{"@context":"https:\/\/schema.org","@graph":[]}},"jetpack_sharing_enabled":true,"_links":{"self":[{"href":"https:\/\/hand2noteguide.com\/pt\/wp-json\/wp\/v2\/pages\/9692","targetHints":{"allow":["GET"]}}],"collection":[{"href":"https:\/\/hand2noteguide.com\/pt\/wp-json\/wp\/v2\/pages"}],"about":[{"href":"https:\/\/hand2noteguide.com\/pt\/wp-json\/wp\/v2\/types\/page"}],"author":[{"embeddable":true,"href":"https:\/\/hand2noteguide.com\/pt\/wp-json\/wp\/v2\/users\/3"}],"replies":[{"embeddable":true,"href":"https:\/\/hand2noteguide.com\/pt\/wp-json\/wp\/v2\/comments?post=9692"}],"version-history":[{"count":26,"href":"https:\/\/hand2noteguide.com\/pt\/wp-json\/wp\/v2\/pages\/9692\/revisions"}],"predecessor-version":[{"id":15617,"href":"https:\/\/hand2noteguide.com\/pt\/wp-json\/wp\/v2\/pages\/9692\/revisions\/15617"}],"up":[{"embeddable":true,"href":"https:\/\/hand2noteguide.com\/pt\/wp-json\/wp\/v2\/pages\/9199"}],"wp:featuredmedia":[{"embeddable":true,"href":"https:\/\/hand2noteguide.com\/pt\/wp-json\/wp\/v2\/media\/9700"}],"wp:attachment":[{"href":"https:\/\/hand2noteguide.com\/pt\/wp-json\/wp\/v2\/media?parent=9692"}],"curies":[{"name":"wp","href":"https:\/\/api.w.org\/{rel}","templated":true}]}}