{"id":9710,"date":"2025-04-07T13:58:48","date_gmt":"2025-04-07T10:58:48","guid":{"rendered":"https:\/\/hand2noteguide.com\/?page_id=9710"},"modified":"2026-03-10T11:18:21","modified_gmt":"2026-03-10T08:18:21","slug":"why-it-is-important-to-mark-fish-and-regulars-in-hand2note-reg-vs-fish-function","status":"publish","type":"page","link":"https:\/\/hand2noteguide.com\/pt\/user-manual\/why-it-is-important-to-mark-fish-and-regulars-in-hand2note-reg-vs-fish-function\/","title":{"rendered":"Por que \u00e9 importante marcar jogadores com cores (recurso &#8220;Reg vs Fish&#8221;)"},"content":{"rendered":"\n<p>A maioria dos regulares joga de maneira muito diferente dependendo se est\u00e3o jogando contra um peixe ou outro regular. Isso, por sua vez, pode distorcer bastante as estat\u00edsticas fornecidas sobre eles nos HUDs ou Popups.<\/p>\n\n\n\n<p>O Hand2Note nos permite excluir das estat\u00edsticas fornecidas sobre regulares as m\u00e3os jogadas contra peixes. Isso nos permite ver estat\u00edsticas corretas ao jogar contra eles.<\/p>\n\n\n\n<h2 class=\"wp-block-heading\">Mais detalhes sobre como o Hand2Note identifica peixes e regulares<\/h2>\n\n\n\n<p>O Hand2Note define peixes ou regulares por filtragem hier\u00e1rquica. Ou seja, de acordo com o princ\u00edpio \u201ceste \u00e9 um regular, e o resto s\u00e3o peixes\u201d.<\/p>\n\n\n\n<p>A hierarquia da defini\u00e7\u00e3o de regulares \u00e9 na seguinte ordem:<\/p>\n\n\n\n<ol class=\"wp-block-list\">\n<li>Uma marca de cor colocada pelo pr\u00f3prio jogador. O Hand2Note primeiro se refere \u00e0s marcas colocadas pelo jogador em seus oponentes para a determina\u00e7\u00e3o inicial do regular;<\/li>\n\n\n\n<li>Se n\u00e3o houver marca definida manualmente em um jogador, o programa se refere \u00e0s configura\u00e7\u00f5es no menu \u201cGame Types\u201d para determinar o regular automaticamente.<\/li>\n<\/ol>\n\n\n\n<p><em>Se os par\u00e2metros definidos em \u201cGame Types\u201d contradizerem a marca do usu\u00e1rio do Hand2Note, o programa os exclui, considerando a marca do jogador como final e correta.<\/em><\/p>\n\n\n\n<h3 class=\"wp-block-heading\">Personaliza\u00e7\u00e3o dos marcadores de cor<\/h3>\n\n\n\n<p>As configura\u00e7\u00f5es dos marcadores de cor que os jogadores usam para marcar oponentes podem ser encontradas abrindo \u201cConfiguration\u201d (1) e indo para \u201cColor Markers\u201d (2).<\/p>\n\n\n\n<p>Este menu permite editar os marcadores de cor:<\/p>\n\n\n\n<ul class=\"wp-block-list\">\n<li>A \u00e1rea (3) define qual marca \u00e9 considerada a marca no regular. Ao pressionar o interruptor, voc\u00ea pode editar este par\u00e2metro;<\/li>\n\n\n\n<li>A \u00e1rea (4) permite editar o nome do marcador. Para alter\u00e1-lo, clique duas vezes no nome e insira um novo;<\/li>\n\n\n\n<li>A \u00e1rea (5) permite alterar a cor do marcador;<\/li>\n\n\n\n<li>Al\u00e9m disso, quando voc\u00ea passa o mouse sobre qualquer um dos marcadores, uma \u00e1rea (6) aparece na qual voc\u00ea clica no \u00edcone da urna (7) para remover o marcador.<\/li>\n<\/ul>\n\n\n\n<p>Para criar um novo marcador de cor, clique em \u201c+ Add color marker\u2026\u201d (8).<\/p>\n\n\n\n<figure class=\"wp-block-image size-large\"><img loading=\"lazy\" decoding=\"async\" width=\"1024\" height=\"548\" src=\"https:\/\/hand2noteguide.com\/wp-content\/uploads\/2025\/04\/\u0411\u0435\u0437-\u0438\u043c\u0435666\u043d\u0438-1-1024x548.jpg\" alt=\"\" class=\"wp-image-9738\" srcset=\"https:\/\/hand2noteguide.com\/wp-content\/uploads\/2025\/04\/\u0411\u0435\u0437-\u0438\u043c\u0435666\u043d\u0438-1-1024x548.jpg 1024w, https:\/\/hand2noteguide.com\/wp-content\/uploads\/2025\/04\/\u0411\u0435\u0437-\u0438\u043c\u0435666\u043d\u0438-1-300x161.jpg 300w, https:\/\/hand2noteguide.com\/wp-content\/uploads\/2025\/04\/\u0411\u0435\u0437-\u0438\u043c\u0435666\u043d\u0438-1-768x411.jpg 768w, https:\/\/hand2noteguide.com\/wp-content\/uploads\/2025\/04\/\u0411\u0435\u0437-\u0438\u043c\u0435666\u043d\u0438-1-1536x823.jpg 1536w, https:\/\/hand2noteguide.com\/wp-content\/uploads\/2025\/04\/\u0411\u0435\u0437-\u0438\u043c\u0435666\u043d\u0438-1-772x413.jpg 772w, https:\/\/hand2noteguide.com\/wp-content\/uploads\/2025\/04\/\u0411\u0435\u0437-\u0438\u043c\u0435666\u043d\u0438-1-624x334.jpg 624w, https:\/\/hand2noteguide.com\/wp-content\/uploads\/2025\/04\/\u0411\u0435\u0437-\u0438\u043c\u0435666\u043d\u0438-1.jpg 1916w\" sizes=\"auto, (max-width: 1024px) 100vw, 1024px\" \/><\/figure>\n\n\n\n<h3 class=\"wp-block-heading\">Detec\u00e7\u00e3o autom\u00e1tica de regulares usando a configura\u00e7\u00e3o de par\u00e2metros \u201cGame Types\u201d<\/h3>\n\n\n\n<p>Para configurar a detec\u00e7\u00e3o autom\u00e1tica de regulares, clique em \u201cConfiguration\u201d (1) na janela principal do Hand2Note. Em seguida, v\u00e1 para o menu \u201cGame Types\u201d (2) e selecione o perfil de jogo que voc\u00ea deseja editar (3). O menu de configura\u00e7\u00f5es para detec\u00e7\u00e3o autom\u00e1tica de regulares estar\u00e1 localizado na parte inferior de cada perfil de Game Types, em \u201cWho is regular?\u201d (4).<\/p>\n\n\n\n<figure class=\"wp-block-image size-large\"><img loading=\"lazy\" decoding=\"async\" width=\"1024\" height=\"554\" src=\"https:\/\/hand2noteguide.com\/wp-content\/uploads\/2025\/04\/\u0411\u0435\u0437-\u0438\u043c\u0432\u0430\u0432\u0430\u0435\u043d\u0438-1-1024x554.jpg\" alt=\"\" class=\"wp-image-9751\" srcset=\"https:\/\/hand2noteguide.com\/wp-content\/uploads\/2025\/04\/\u0411\u0435\u0437-\u0438\u043c\u0432\u0430\u0432\u0430\u0435\u043d\u0438-1-1024x554.jpg 1024w, https:\/\/hand2noteguide.com\/wp-content\/uploads\/2025\/04\/\u0411\u0435\u0437-\u0438\u043c\u0432\u0430\u0432\u0430\u0435\u043d\u0438-1-300x162.jpg 300w, https:\/\/hand2noteguide.com\/wp-content\/uploads\/2025\/04\/\u0411\u0435\u0437-\u0438\u043c\u0432\u0430\u0432\u0430\u0435\u043d\u0438-1-768x415.jpg 768w, https:\/\/hand2noteguide.com\/wp-content\/uploads\/2025\/04\/\u0411\u0435\u0437-\u0438\u043c\u0432\u0430\u0432\u0430\u0435\u043d\u0438-1-1536x831.jpg 1536w, https:\/\/hand2noteguide.com\/wp-content\/uploads\/2025\/04\/\u0411\u0435\u0437-\u0438\u043c\u0432\u0430\u0432\u0430\u0435\u043d\u0438-1-772x418.jpg 772w, https:\/\/hand2noteguide.com\/wp-content\/uploads\/2025\/04\/\u0411\u0435\u0437-\u0438\u043c\u0432\u0430\u0432\u0430\u0435\u043d\u0438-1-624x338.jpg 624w, https:\/\/hand2noteguide.com\/wp-content\/uploads\/2025\/04\/\u0411\u0435\u0437-\u0438\u043c\u0432\u0430\u0432\u0430\u0435\u043d\u0438-1.jpg 1917w\" sizes=\"auto, (max-width: 1024px) 100vw, 1024px\" \/><\/figure>\n\n\n\n<p>Os par\u00e2metros de detec\u00e7\u00e3o autom\u00e1tica de regulares s\u00e3o divididos em dois blocos principais: (5) e (11). Ambos os blocos (5) e (11) funcionam simultaneamente atrav\u00e9s da condi\u00e7\u00e3o \u201cou\u201d. Caso a condi\u00e7\u00e3o especificada no bloco (11) n\u00e3o seja atendida, o Hand2Note procede a partir das condi\u00e7\u00f5es especificadas no bloco (5), e vice-versa.<\/p>\n\n\n\n<p>O bloco (5) \u00e9 dividido em par\u00e2metros que funcionam atrav\u00e9s da condi\u00e7\u00e3o \u201ce\u201d. Ou seja, para que um jogador seja definido como regular pelo Hand2Note com base no bloco (5), todas as condi\u00e7\u00f5es devem ser cumpridas nele simultaneamente:<\/p>\n\n\n\n<ul class=\"wp-block-list\">\n<li>\u201cPlayer Hand Count\u201d (6) &#8211; par\u00e2metro que conta o n\u00famero m\u00ednimo de m\u00e3os jogadas por um jogador;<\/li>\n\n\n\n<li>\u201cVPIP\u201d (7) \u00e9 um par\u00e2metro que leva em considera\u00e7\u00e3o a porcentagem de dinheiro volunt\u00e1rio depositado no banco pelo jogador;<\/li>\n\n\n\n<li>\u201cPFR\u201d (8) \u00e9 um par\u00e2metro que leva em considera\u00e7\u00e3o a porcentagem de m\u00e3os em que um jogador aumenta no pr\u00e9-flop;<\/li>\n\n\n\n<li>\u201cVPIP &#8211; PFR\u201d (9) &#8211; um par\u00e2metro que leva em considera\u00e7\u00e3o a diferen\u00e7a entre a porcentagem de dinheiro volunt\u00e1rio no pote pelo jogador e a porcentagem de m\u00e3os em que o jogador aumenta no pr\u00e9-flop;<\/li>\n\n\n\n<li>\u201cLimp\u201d (10) &#8211; um par\u00e2metro que leva em considera\u00e7\u00e3o a porcentagem de m\u00e3os em que o jogador faz um limp no pr\u00e9-flop.<\/li>\n<\/ul>\n\n\n\n<h2 class=\"wp-block-heading\">Exclus\u00e3o das estat\u00edsticas sobre regulares &#8211; a\u00e7\u00f5es realizadas por eles contra peixes<\/h2>\n\n\n\n<p>Para ativar a fun\u00e7\u00e3o, abra o menu \u201cConfiguration\u201d (1) e v\u00e1 para a aba \u201cOther\u201d (2). Em seguida, ative o interruptor oposto a \u201cExclude reg-vs-fish hands from the stats sample\u201d (3).<\/p>\n\n\n\n<figure class=\"wp-block-image size-large\"><img loading=\"lazy\" decoding=\"async\" width=\"1024\" height=\"550\" src=\"https:\/\/hand2noteguide.com\/wp-content\/uploads\/2025\/04\/\u0411\u0435\u0437-\u0438\u043cdfdf\u0435\u043d\u0438-1-1024x550.jpg\" alt=\"\" class=\"wp-image-9918\" srcset=\"https:\/\/hand2noteguide.com\/wp-content\/uploads\/2025\/04\/\u0411\u0435\u0437-\u0438\u043cdfdf\u0435\u043d\u0438-1-1024x550.jpg 1024w, https:\/\/hand2noteguide.com\/wp-content\/uploads\/2025\/04\/\u0411\u0435\u0437-\u0438\u043cdfdf\u0435\u043d\u0438-1-300x161.jpg 300w, https:\/\/hand2noteguide.com\/wp-content\/uploads\/2025\/04\/\u0411\u0435\u0437-\u0438\u043cdfdf\u0435\u043d\u0438-1-768x412.jpg 768w, https:\/\/hand2noteguide.com\/wp-content\/uploads\/2025\/04\/\u0411\u0435\u0437-\u0438\u043cdfdf\u0435\u043d\u0438-1-1536x825.jpg 1536w, https:\/\/hand2noteguide.com\/wp-content\/uploads\/2025\/04\/\u0411\u0435\u0437-\u0438\u043cdfdf\u0435\u043d\u0438-1-772x414.jpg 772w, https:\/\/hand2noteguide.com\/wp-content\/uploads\/2025\/04\/\u0411\u0435\u0437-\u0438\u043cdfdf\u0435\u043d\u0438-1-624x335.jpg 624w, https:\/\/hand2noteguide.com\/wp-content\/uploads\/2025\/04\/\u0411\u0435\u0437-\u0438\u043cdfdf\u0435\u043d\u0438-1.jpg 1911w\" sizes=\"auto, (max-width: 1024px) 100vw, 1024px\" \/><\/figure>\n\n\n\n<p>Assim, voc\u00ea ativou um recurso que permite excluir das estat\u00edsticas fornecidas sobre regulares &#8211; m\u00e3os jogadas contra peixes. Todas as futuras estat\u00edsticas que ser\u00e3o carregadas no Hand2Note ser\u00e3o calculadas com este recurso.<\/p>\n\n\n\n<p>Para recalcular as estat\u00edsticas carregadas anteriormente com esta fun\u00e7\u00e3o, \u00e9 necess\u00e1rio reconstruir o banco de dados do Hand2Note. Para isso, ap\u00f3s ativar a fun\u00e7\u00e3o \u201cExclude reg-vs-fish hands from the stats sample\u201d, clique em \u201cDatabase\u201d (4) no topo da janela. Na lista suspensa, selecione \u201cClean &amp; Rebuild Statistics\u201d (5). Em seguida, confirme o in\u00edcio da reconstru\u00e7\u00e3o clicando em \u201cYES\u201d (6) e aguarde at\u00e9 que termine.<\/p>\n","protected":false},"excerpt":{"rendered":"<p>A maioria dos regulares joga de maneira muito diferente dependendo se est\u00e3o jogando contra um peixe ou outro regular. Isso, por sua vez, pode distorcer bastante as estat\u00edsticas fornecidas sobre eles nos HUDs ou Popups. O Hand2Note nos permite excluir das estat\u00edsticas fornecidas sobre regulares as m\u00e3os jogadas contra peixes. Isso nos permite ver estat\u00edsticas &hellip; <a href=\"https:\/\/hand2noteguide.com\/pt\/user-manual\/why-it-is-important-to-mark-fish-and-regulars-in-hand2note-reg-vs-fish-function\/\" class=\"more-link\">Continue reading <span class=\"screen-reader-text\">Por que \u00e9 importante marcar jogadores com cores (recurso &#8220;Reg vs Fish&#8221;)<\/span><\/a><\/p>\n","protected":false},"author":3,"featured_media":9733,"parent":9199,"menu_order":0,"comment_status":"closed","ping_status":"closed","template":"","meta":{"footnotes":""},"class_list":["post-9710","page","type-page","status-publish","has-post-thumbnail","hentry"],"translation":{"provider":"WPGlobus","version":"3.0.2","language":"pt","enabled_languages":["en","ru","pt","zh","es","fr","de","it","ja"],"languages":{"en":{"title":true,"content":true,"excerpt":false},"ru":{"title":true,"content":true,"excerpt":false},"pt":{"title":true,"content":true,"excerpt":false},"zh":{"title":true,"content":true,"excerpt":false},"es":{"title":true,"content":true,"excerpt":false},"fr":{"title":true,"content":true,"excerpt":false},"de":{"title":true,"content":true,"excerpt":false},"it":{"title":true,"content":true,"excerpt":false},"ja":{"title":true,"content":true,"excerpt":false}}},"yoast_head":"<!-- This site is optimized with the Yoast SEO plugin v27.0 - https:\/\/yoast.com\/product\/yoast-seo-wordpress\/ -->\n<title>Por que \u00e9 importante marcar jogadores com cores (recurso &quot;Reg vs Fish&quot;)<\/title>\n<meta name=\"description\" content=\"Aumente a precis\u00e3o do HUD do Hand2Note excluindo m\u00e3os reg-vs-fish. Configure regulares atrav\u00e9s de marcadores de cor e configura\u00e7\u00f5es de tipos de jogo para obter melhores estat\u00edsticas.\" \/>\n<meta name=\"robots\" content=\"index, follow, max-snippet:-1, max-image-preview:large, max-video-preview:-1\" \/>\n<link rel=\"canonical\" href=\"https:\/\/hand2noteguide.com\/user-manual\/why-it-is-important-to-mark-fish-and-regulars-in-hand2note-reg-vs-fish-function\/\" \/>\n<meta property=\"og:locale\" content=\"pt_PT\" \/>\n<meta property=\"og:type\" content=\"article\" \/>\n<meta property=\"og:title\" content=\"Por que \u00e9 importante marcar jogadores com cores (recurso &quot;Reg vs Fish&quot;)\" \/>\n<meta property=\"og:description\" content=\"Aumente a precis\u00e3o do HUD do Hand2Note excluindo m\u00e3os reg-vs-fish. Configure regulares atrav\u00e9s de marcadores de cor e configura\u00e7\u00f5es de tipos de jogo para obter melhores estat\u00edsticas.\" \/>\n<meta property=\"og:url\" content=\"https:\/\/hand2noteguide.com\/user-manual\/why-it-is-important-to-mark-fish-and-regulars-in-hand2note-reg-vs-fish-function\/\" \/>\n<meta property=\"og:site_name\" content=\"Hand2Note Guide\" \/>\n<meta property=\"article:modified_time\" content=\"2026-03-10T08:18:21+00:00\" \/>\n<meta property=\"og:image\" content=\"https:\/\/hand2noteguide.com\/wp-content\/uploads\/2025\/04\/\u0411\u0435\u0437-\u0438\u043c\u0444\u044b\u0432\u0444\u044b\u0432\u0444\u0435\u043d\u0438-1.jpg\" \/>\n\t<meta property=\"og:image:width\" content=\"1856\" \/>\n\t<meta property=\"og:image:height\" content=\"1921\" \/>\n\t<meta property=\"og:image:type\" content=\"image\/jpeg\" \/>\n<meta name=\"twitter:card\" content=\"summary_large_image\" \/>\n<meta name=\"twitter:label1\" content=\"Est. reading time\" \/>\n\t<meta name=\"twitter:data1\" content=\"24 minutes\" \/>\n<!-- \/ Yoast SEO plugin. -->","yoast_head_json":{"title":"Por que \u00e9 importante marcar jogadores com cores (recurso \"Reg vs Fish\")","description":"Aumente a precis\u00e3o do HUD do Hand2Note excluindo m\u00e3os reg-vs-fish. Configure regulares atrav\u00e9s de marcadores de cor e configura\u00e7\u00f5es de tipos de jogo para obter melhores estat\u00edsticas.","robots":{"index":"index","follow":"follow","max-snippet":"max-snippet:-1","max-image-preview":"max-image-preview:large","max-video-preview":"max-video-preview:-1"},"canonical":"https:\/\/hand2noteguide.com\/user-manual\/why-it-is-important-to-mark-fish-and-regulars-in-hand2note-reg-vs-fish-function\/","og_locale":"pt_PT","og_type":"article","og_title":"Por que \u00e9 importante marcar jogadores com cores (recurso \"Reg vs Fish\")","og_description":"Aumente a precis\u00e3o do HUD do Hand2Note excluindo m\u00e3os reg-vs-fish. Configure regulares atrav\u00e9s de marcadores de cor e configura\u00e7\u00f5es de tipos de jogo para obter melhores estat\u00edsticas.","og_url":"https:\/\/hand2noteguide.com\/user-manual\/why-it-is-important-to-mark-fish-and-regulars-in-hand2note-reg-vs-fish-function\/","og_site_name":"Hand2Note Guide","article_modified_time":"2026-03-10T08:18:21+00:00","og_image":[{"width":1856,"height":1921,"url":"https:\/\/hand2noteguide.com\/wp-content\/uploads\/2025\/04\/\u0411\u0435\u0437-\u0438\u043c\u0444\u044b\u0432\u0444\u044b\u0432\u0444\u0435\u043d\u0438-1.jpg","type":"image\/jpeg"}],"twitter_card":"summary_large_image","twitter_misc":{"Est. reading time":"24 minutes"},"schema":{"@context":"https:\/\/schema.org","@graph":[]}},"jetpack_sharing_enabled":true,"_links":{"self":[{"href":"https:\/\/hand2noteguide.com\/pt\/wp-json\/wp\/v2\/pages\/9710","targetHints":{"allow":["GET"]}}],"collection":[{"href":"https:\/\/hand2noteguide.com\/pt\/wp-json\/wp\/v2\/pages"}],"about":[{"href":"https:\/\/hand2noteguide.com\/pt\/wp-json\/wp\/v2\/types\/page"}],"author":[{"embeddable":true,"href":"https:\/\/hand2noteguide.com\/pt\/wp-json\/wp\/v2\/users\/3"}],"replies":[{"embeddable":true,"href":"https:\/\/hand2noteguide.com\/pt\/wp-json\/wp\/v2\/comments?post=9710"}],"version-history":[{"count":57,"href":"https:\/\/hand2noteguide.com\/pt\/wp-json\/wp\/v2\/pages\/9710\/revisions"}],"predecessor-version":[{"id":15618,"href":"https:\/\/hand2noteguide.com\/pt\/wp-json\/wp\/v2\/pages\/9710\/revisions\/15618"}],"up":[{"embeddable":true,"href":"https:\/\/hand2noteguide.com\/pt\/wp-json\/wp\/v2\/pages\/9199"}],"wp:featuredmedia":[{"embeddable":true,"href":"https:\/\/hand2noteguide.com\/pt\/wp-json\/wp\/v2\/media\/9733"}],"wp:attachment":[{"href":"https:\/\/hand2noteguide.com\/pt\/wp-json\/wp\/v2\/media?parent=9710"}],"curies":[{"name":"wp","href":"https:\/\/api.w.org\/{rel}","templated":true}]}}