{"id":9942,"date":"2025-04-12T19:17:04","date_gmt":"2025-04-12T16:17:04","guid":{"rendered":"https:\/\/hand2noteguide.com\/?page_id=9942"},"modified":"2026-03-10T11:19:18","modified_gmt":"2026-03-10T08:19:18","slug":"configuring-hand2note-to-play-in-applications-via-an-emulator-using-the-example-of-pokerbros","status":"publish","type":"page","link":"https:\/\/hand2noteguide.com\/pt\/user-manual\/configuring-hand2note-to-play-in-applications-via-an-emulator-using-the-example-of-pokerbros\/","title":{"rendered":"Configurando o Hand2Note para jogar em aplicativos via emulador"},"content":{"rendered":"\n<p>O Hand2Note permite exibir HUDs e Popups, coletar estat\u00edsticas n\u00e3o apenas em salas cl\u00e1ssicas como <a href=\"https:\/\/hand2noteguide.com\/pt\/pokerstars-hud\/\">PokerStars<\/a> ou RedStar, mas tamb\u00e9m em muitos aplicativos de poker m\u00f3vel como <a href=\"https:\/\/hand2noteguide.com\/pt\/pokerbros-hud\/\">PokerBros<\/a> ou <a href=\"https:\/\/hand2noteguide.com\/pt\/coinpoker-hud\/\">CoinPoker<\/a>.<\/p>\n\n\n\n<p>Esse recurso oferece uma vantagem no jogo porque, nos aplicativos, a maioria dos oponentes usa smartphones para jogar. Ao jogar via smartphones, a exibi\u00e7\u00e3o e coleta de estat\u00edsticas n\u00e3o \u00e9 poss\u00edvel no momento. Como resultado, voc\u00ea ver\u00e1 as fraquezas dos seus oponentes, mas eles n\u00e3o ver\u00e3o as suas.<\/p>\n\n\n\n<h2 class=\"wp-block-heading\">Configurando programas para jogar atrav\u00e9s de emuladores Android<\/h2>\n\n\n\n<p>Para a configura\u00e7\u00e3o, voc\u00ea precisar\u00e1 de:<\/p>\n\n\n\n<ul class=\"wp-block-list\">\n<li>Emulador Android (por exemplo: \u201cLDPlayer\u201d);<\/li>\n\n\n\n<li>O arquivo de instala\u00e7\u00e3o do aplicativo de poker a ser instalado no ambiente Android (a extens\u00e3o do arquivo deve ser \u201c.apk\u201d);<\/li>\n\n\n\n<li>Hand2Note com uma assinatura ativa.<\/li>\n<\/ul>\n\n\n\n<p>Etapas para configurar programas para exibir e coletar estat\u00edsticas com sucesso nas mesas:<\/p>\n\n\n\n<ol class=\"wp-block-list\">\n<li>Instale o Emulador Android no seu computador;<\/li>\n\n\n\n<li>Crie um ambiente de emula\u00e7\u00e3o no emulador e habilite o \u201cacesso ROOT\u201d nele. Al\u00e9m disso, defina \u201cAbrir conex\u00e3o local\u201d nos par\u00e2metros de \u201cdepura\u00e7\u00e3o ADB\u201d;<\/li>\n\n\n\n<li>Inicie o ambiente de emula\u00e7\u00e3o Android criado e instale o aplicativo de poker necess\u00e1rio nele;<\/li>\n\n\n\n<li>Ap\u00f3s a instala\u00e7\u00e3o, execute-o, aguarde a janela de entrada de login e senha abrir e feche o ambiente de emula\u00e7\u00e3o;<\/li>\n\n\n\n<li>Flash o aplicativo no ambiente de emula\u00e7\u00e3o usando o Hand2Note. Para isso &#8211; inicie o Hand2Note, depois inicie o ambiente de emula\u00e7\u00e3o e aguarde alguns minutos.<\/li>\n<\/ol>\n\n\n\n<p>Ap\u00f3s completar todas as etapas, voc\u00ea pode se registrar ou fazer login em uma conta j\u00e1 preparada e come\u00e7ar a jogar.<\/p>\n\n\n\n<p><em>Ap\u00f3s flashear o aplicativo com o Hand2Note &#8211; n\u00e3o execute este ambiente de emula\u00e7\u00e3o sem o Hand2Note em execu\u00e7\u00e3o antes. Se o fizer, o flash pode falhar e sua conta ser\u00e1 vista como uma conta de jogador de um computador. Isso, por sua vez, pode levar a san\u00e7\u00f5es de clubes ou agentes.<\/em><\/p>\n\n\n\n<h2 class=\"wp-block-heading\">Exemplo de configura\u00e7\u00f5es para jogar no aplicativo \u201cPokerBROS\u201d<\/h2>\n\n\n\n<p>Antes de configurar, instale o \u201cLDPlayer\u201d no seu computador. Tamb\u00e9m baixe o arquivo de instala\u00e7\u00e3o do aplicativo \u201cPokerBROS\u201d para o ambiente Android (com extens\u00e3o \u201c.apk\u201d).<\/p>\n\n\n\n<p><em>O emulador e o Hand2Note devem sempre ser executados como administrador.<\/em><\/p>\n\n\n\n<p>Inicie a lista de emuladores \u201cLDPlayer\u201d clicando no atalho \u201cLDMultiPlayer\u201d(1). Em seguida, crie um novo emulador clicando em \u201cNovo \/ Clonar\u201d(2) e selecionando \u201cNovo LDPlayer\u201d(3). No novo emulador, v\u00e1 para as configura\u00e7\u00f5es clicando na engrenagem (4).<\/p>\n\n\n\n<figure class=\"wp-block-image size-large\"><img loading=\"lazy\" decoding=\"async\" width=\"1024\" height=\"572\" src=\"https:\/\/hand2noteguide.com\/wp-content\/uploads\/2025\/04\/\u0411\u0435\u0437-\u0438\u043c\u0435\u043d32\u0430\u043223\u0430\u0438-1-1024x572.jpg\" alt=\"\" class=\"wp-image-10007\" srcset=\"https:\/\/hand2noteguide.com\/wp-content\/uploads\/2025\/04\/\u0411\u0435\u0437-\u0438\u043c\u0435\u043d32\u0430\u043223\u0430\u0438-1-1024x572.jpg 1024w, https:\/\/hand2noteguide.com\/wp-content\/uploads\/2025\/04\/\u0411\u0435\u0437-\u0438\u043c\u0435\u043d32\u0430\u043223\u0430\u0438-1-300x168.jpg 300w, https:\/\/hand2noteguide.com\/wp-content\/uploads\/2025\/04\/\u0411\u0435\u0437-\u0438\u043c\u0435\u043d32\u0430\u043223\u0430\u0438-1-768x429.jpg 768w, https:\/\/hand2noteguide.com\/wp-content\/uploads\/2025\/04\/\u0411\u0435\u0437-\u0438\u043c\u0435\u043d32\u0430\u043223\u0430\u0438-1-772x431.jpg 772w, https:\/\/hand2noteguide.com\/wp-content\/uploads\/2025\/04\/\u0411\u0435\u0437-\u0438\u043c\u0435\u043d32\u0430\u043223\u0430\u0438-1-624x348.jpg 624w, https:\/\/hand2noteguide.com\/wp-content\/uploads\/2025\/04\/\u0411\u0435\u0437-\u0438\u043c\u0435\u043d32\u0430\u043223\u0430\u0438-1.jpg 1533w\" sizes=\"auto, (max-width: 1024px) 100vw, 1024px\" \/><\/figure>\n\n\n\n<p><em>Observe que \u00e9 proibido usar, excluir ou de qualquer forma afetar o n\u00famero do emulador \u201c0\u201d. Ignore-o ao configurar ou jogar.<\/em><\/p>\n\n\n\n<p>Na janela \u201cConfigura\u00e7\u00f5es\u201d aberta na aba \u201cAvan\u00e7ado\u201d(1), abra o menu \u201cModo m\u00f3vel\u201d(2). Defina a resolu\u00e7\u00e3o mais baixa poss\u00edvel (por exemplo: \u201c540&#215;960\u201d)(3).<\/p>\n\n\n\n<figure class=\"wp-block-image size-full\"><img loading=\"lazy\" decoding=\"async\" width=\"796\" height=\"687\" src=\"https:\/\/hand2noteguide.com\/wp-content\/uploads\/2025\/04\/\u0411\u0435\u0437-\u0438\u043c\u044b\u0432\u0430\u044b\u0432\u0435\u043d\u0438-1.jpg\" alt=\"\" class=\"wp-image-10027\" srcset=\"https:\/\/hand2noteguide.com\/wp-content\/uploads\/2025\/04\/\u0411\u0435\u0437-\u0438\u043c\u044b\u0432\u0430\u044b\u0432\u0435\u043d\u0438-1.jpg 796w, https:\/\/hand2noteguide.com\/wp-content\/uploads\/2025\/04\/\u0411\u0435\u0437-\u0438\u043c\u044b\u0432\u0430\u044b\u0432\u0435\u043d\u0438-1-300x259.jpg 300w, https:\/\/hand2noteguide.com\/wp-content\/uploads\/2025\/04\/\u0411\u0435\u0437-\u0438\u043c\u044b\u0432\u0430\u044b\u0432\u0435\u043d\u0438-1-768x663.jpg 768w, https:\/\/hand2noteguide.com\/wp-content\/uploads\/2025\/04\/\u0411\u0435\u0437-\u0438\u043c\u044b\u0432\u0430\u044b\u0432\u0435\u043d\u0438-1-772x666.jpg 772w, https:\/\/hand2noteguide.com\/wp-content\/uploads\/2025\/04\/\u0411\u0435\u0437-\u0438\u043c\u044b\u0432\u0430\u044b\u0432\u0435\u043d\u0438-1-624x539.jpg 624w\" sizes=\"auto, (max-width: 796px) 100vw, 796px\" \/><\/figure>\n\n\n\n<p>Em seguida, v\u00e1 para a aba \u201cOutras configura\u00e7\u00f5es\u201d (1). Encontre o par\u00e2metro \u201cPermiss\u00e3o Root\u201d e habilite-o (2). Em seguida, encontre a linha rotulada \u201cDepura\u00e7\u00e3o ADB\u201d e selecione \u201cAbrir conex\u00e3o local\u201d (3) na lista suspensa. Clique no bot\u00e3o \u201cSalvar configura\u00e7\u00f5es\u201d (4) na parte inferior da janela para aplicar as altera\u00e7\u00f5es.<\/p>\n\n\n\n<figure class=\"wp-block-image size-full\"><img loading=\"lazy\" decoding=\"async\" width=\"797\" height=\"686\" src=\"https:\/\/hand2noteguide.com\/wp-content\/uploads\/2025\/04\/\u0411\u0435\u0437-\u0444\u044b\u0432\u0444\u044b\u0432\u04442.jpg\" alt=\"\" class=\"wp-image-10020\" srcset=\"https:\/\/hand2noteguide.com\/wp-content\/uploads\/2025\/04\/\u0411\u0435\u0437-\u0444\u044b\u0432\u0444\u044b\u0432\u04442.jpg 797w, https:\/\/hand2noteguide.com\/wp-content\/uploads\/2025\/04\/\u0411\u0435\u0437-\u0444\u044b\u0432\u0444\u044b\u0432\u04442-300x258.jpg 300w, https:\/\/hand2noteguide.com\/wp-content\/uploads\/2025\/04\/\u0411\u0435\u0437-\u0444\u044b\u0432\u0444\u044b\u0432\u04442-768x661.jpg 768w, https:\/\/hand2noteguide.com\/wp-content\/uploads\/2025\/04\/\u0411\u0435\u0437-\u0444\u044b\u0432\u0444\u044b\u0432\u04442-772x664.jpg 772w, https:\/\/hand2noteguide.com\/wp-content\/uploads\/2025\/04\/\u0411\u0435\u0437-\u0444\u044b\u0432\u0444\u044b\u0432\u04442-624x537.jpg 624w\" sizes=\"auto, (max-width: 797px) 100vw, 797px\" \/><\/figure>\n\n\n\n<p>Inicie o emulador clicando no bot\u00e3o \u201cIniciar\u201d (1) e aguarde ele abrir. Quando o emulador estiver em execu\u00e7\u00e3o, feche o banner publicit\u00e1rio clicando no cruzamento no canto superior direito(2).<\/p>\n\n\n\n<figure class=\"wp-block-image size-large\"><img loading=\"lazy\" decoding=\"async\" width=\"1024\" height=\"816\" src=\"https:\/\/hand2noteguide.com\/wp-content\/uploads\/2025\/04\/\u0411\u0435\u0437-\u0438\u043c\u044b\u0432\u0430\u044b\u0432\u0430\u0435\u043d\u0438-1-1024x816.jpg\" alt=\"\" class=\"wp-image-10031\" srcset=\"https:\/\/hand2noteguide.com\/wp-content\/uploads\/2025\/04\/\u0411\u0435\u0437-\u0438\u043c\u044b\u0432\u0430\u044b\u0432\u0430\u0435\u043d\u0438-1-1024x816.jpg 1024w, https:\/\/hand2noteguide.com\/wp-content\/uploads\/2025\/04\/\u0411\u0435\u0437-\u0438\u043c\u044b\u0432\u0430\u044b\u0432\u0430\u0435\u043d\u0438-1-300x239.jpg 300w, https:\/\/hand2noteguide.com\/wp-content\/uploads\/2025\/04\/\u0411\u0435\u0437-\u0438\u043c\u044b\u0432\u0430\u044b\u0432\u0430\u0435\u043d\u0438-1-768x612.jpg 768w, https:\/\/hand2noteguide.com\/wp-content\/uploads\/2025\/04\/\u0411\u0435\u0437-\u0438\u043c\u044b\u0432\u0430\u044b\u0432\u0430\u0435\u043d\u0438-1-772x615.jpg 772w, https:\/\/hand2noteguide.com\/wp-content\/uploads\/2025\/04\/\u0411\u0435\u0437-\u0438\u043c\u044b\u0432\u0430\u044b\u0432\u0430\u0435\u043d\u0438-1-624x497.jpg 624w, https:\/\/hand2noteguide.com\/wp-content\/uploads\/2025\/04\/\u0411\u0435\u0437-\u0438\u043c\u044b\u0432\u0430\u044b\u0432\u0430\u0435\u043d\u0438-1.jpg 1320w\" sizes=\"auto, (max-width: 1024px) 100vw, 1024px\" \/><\/figure>\n\n\n\n<p>Instale o aplicativo \u201cPokerBROS\u201d no emulador em execu\u00e7\u00e3o. Para fazer isso, pressione e segure o arquivo de instala\u00e7\u00e3o do aplicativo \u201cPokerBROS\u201d na \u00e1rea de trabalho com o LMB (1). Arraste-o para qualquer espa\u00e7o livre no emulador (2) e solte o LMB (3).<\/p>\n\n\n\n<figure class=\"wp-block-image size-large\"><img loading=\"lazy\" decoding=\"async\" width=\"950\" height=\"1024\" src=\"https:\/\/hand2noteguide.com\/wp-content\/uploads\/2025\/04\/\u0411\u0435\u0437-\u0438\u043c\u0447\u0441\u043c\u0447\u0441\u043c\u0447\u0441\u0435\u043d\u0438-1-950x1024.jpg\" alt=\"\" class=\"wp-image-10034\" srcset=\"https:\/\/hand2noteguide.com\/wp-content\/uploads\/2025\/04\/\u0411\u0435\u0437-\u0438\u043c\u0447\u0441\u043c\u0447\u0441\u043c\u0447\u0441\u0435\u043d\u0438-1-950x1024.jpg 950w, https:\/\/hand2noteguide.com\/wp-content\/uploads\/2025\/04\/\u0411\u0435\u0437-\u0438\u043c\u0447\u0441\u043c\u0447\u0441\u043c\u0447\u0441\u0435\u043d\u0438-1-278x300.jpg 278w, https:\/\/hand2noteguide.com\/wp-content\/uploads\/2025\/04\/\u0411\u0435\u0437-\u0438\u043c\u0447\u0441\u043c\u0447\u0441\u043c\u0447\u0441\u0435\u043d\u0438-1-768x828.jpg 768w, https:\/\/hand2noteguide.com\/wp-content\/uploads\/2025\/04\/\u0411\u0435\u0437-\u0438\u043c\u0447\u0441\u043c\u0447\u0441\u043c\u0447\u0441\u0435\u043d\u0438-1-772x832.jpg 772w, https:\/\/hand2noteguide.com\/wp-content\/uploads\/2025\/04\/\u0411\u0435\u0437-\u0438\u043c\u0447\u0441\u043c\u0447\u0441\u043c\u0447\u0441\u0435\u043d\u0438-1-579x624.jpg 579w, https:\/\/hand2noteguide.com\/wp-content\/uploads\/2025\/04\/\u0411\u0435\u0437-\u0438\u043c\u0447\u0441\u043c\u0447\u0441\u043c\u0447\u0441\u0435\u043d\u0438-1.jpg 955w\" sizes=\"auto, (max-width: 950px) 100vw, 950px\" \/><\/figure>\n\n\n\n<p>Em seguida, inicie o aplicativo \u201cPokerBROS\u201d no emulador (1) e aguarde ele carregar at\u00e9 que a janela de login e senha (2) apare\u00e7a. Feche o emulador clicando no cruzamento no canto superior direito (3).<\/p>\n\n\n\n<figure class=\"wp-block-image size-large\"><img loading=\"lazy\" decoding=\"async\" width=\"1024\" height=\"842\" src=\"https:\/\/hand2noteguide.com\/wp-content\/uploads\/2025\/04\/\u0411\u0435\u0437-\u0438\u043c\u0441\u0447\u043c\u0447\u0441\u043c\u0435\u043d\u0438-1-1024x842.jpg\" alt=\"\" class=\"wp-image-10035\" srcset=\"https:\/\/hand2noteguide.com\/wp-content\/uploads\/2025\/04\/\u0411\u0435\u0437-\u0438\u043c\u0441\u0447\u043c\u0447\u0441\u043c\u0435\u043d\u0438-1-1024x842.jpg 1024w, https:\/\/hand2noteguide.com\/wp-content\/uploads\/2025\/04\/\u0411\u0435\u0437-\u0438\u043c\u0441\u0447\u043c\u0447\u0441\u043c\u0435\u043d\u0438-1-300x247.jpg 300w, https:\/\/hand2noteguide.com\/wp-content\/uploads\/2025\/04\/\u0411\u0435\u0437-\u0438\u043c\u0441\u0447\u043c\u0447\u0441\u043c\u0435\u043d\u0438-1-768x632.jpg 768w, https:\/\/hand2noteguide.com\/wp-content\/uploads\/2025\/04\/\u0411\u0435\u0437-\u0438\u043c\u0441\u0447\u043c\u0447\u0441\u043c\u0435\u043d\u0438-1-772x635.jpg 772w, https:\/\/hand2noteguide.com\/wp-content\/uploads\/2025\/04\/\u0411\u0435\u0437-\u0438\u043c\u0441\u0447\u043c\u0447\u0441\u043c\u0435\u043d\u0438-1-624x513.jpg 624w, https:\/\/hand2noteguide.com\/wp-content\/uploads\/2025\/04\/\u0411\u0435\u0437-\u0438\u043c\u0441\u0447\u043c\u0447\u0441\u043c\u0435\u043d\u0438-1.jpg 1286w\" sizes=\"auto, (max-width: 1024px) 100vw, 1024px\" \/><\/figure>\n\n\n\n<p>Em seguida, inicie o Hand2Note e, depois, inicie o emulador. Aguarde alguns minutos para que o processo de flash do emulador seja conclu\u00eddo, e voc\u00ea poder\u00e1 prosseguir com o registro ou jogar o jogo.<\/p>\n\n\n\n<p>N\u00e3o s\u00e3o necess\u00e1rias manipula\u00e7\u00f5es no pr\u00f3prio Hand2Note. Ap\u00f3s a configura\u00e7\u00e3o, quando voc\u00ea abrir mesas no aplicativo, o HUD aparecer\u00e1 automaticamente acima dos jogadores. Al\u00e9m disso, as estat\u00edsticas ser\u00e3o coletadas e salvas.<\/p>\n\n\n\n<p><em>O primeiro processo de flash \u00e9 acompanhado pelo fechamento e abertura espont\u00e2nea do emulador. Isso indica que o flash do aplicativo foi bem-sucedido.<\/em><\/p>\n","protected":false},"excerpt":{"rendered":"<p>O Hand2Note permite exibir HUDs e Popups, coletar estat\u00edsticas n\u00e3o apenas em salas cl\u00e1ssicas como PokerStars ou RedStar, mas tamb\u00e9m em muitos aplicativos de poker m\u00f3vel como PokerBros ou CoinPoker. Esse recurso oferece uma vantagem no jogo porque, nos aplicativos, a maioria dos oponentes usa smartphones para jogar. Ao jogar via smartphones, a exibi\u00e7\u00e3o e &hellip; <a href=\"https:\/\/hand2noteguide.com\/pt\/user-manual\/configuring-hand2note-to-play-in-applications-via-an-emulator-using-the-example-of-pokerbros\/\" class=\"more-link\">Continue reading <span class=\"screen-reader-text\">Configurando o Hand2Note para jogar em aplicativos via emulador<\/span><\/a><\/p>\n","protected":false},"author":3,"featured_media":9962,"parent":9199,"menu_order":0,"comment_status":"closed","ping_status":"closed","template":"","meta":{"footnotes":""},"class_list":["post-9942","page","type-page","status-publish","has-post-thumbnail","hentry"],"translation":{"provider":"WPGlobus","version":"3.0.2","language":"pt","enabled_languages":["en","ru","pt","zh","es","fr","de","it","ja"],"languages":{"en":{"title":true,"content":true,"excerpt":false},"ru":{"title":true,"content":true,"excerpt":false},"pt":{"title":true,"content":true,"excerpt":false},"zh":{"title":true,"content":true,"excerpt":false},"es":{"title":true,"content":true,"excerpt":false},"fr":{"title":true,"content":true,"excerpt":false},"de":{"title":true,"content":true,"excerpt":false},"it":{"title":true,"content":true,"excerpt":false},"ja":{"title":true,"content":true,"excerpt":false}}},"yoast_head":"<!-- This site is optimized with the Yoast SEO plugin v27.0 - https:\/\/yoast.com\/product\/yoast-seo-wordpress\/ -->\n<title>Configurando o Hand2Note para jogar em aplicativos via emulador<\/title>\n<meta name=\"description\" content=\"Use o Hand2Note com emuladores Android para exibir HUDs e coletar estat\u00edsticas em aplicativos de poker m\u00f3vel como PokerBROS - ganhe vantagem sobre os usu\u00e1rios de smartphones.\" \/>\n<meta name=\"robots\" content=\"index, follow, max-snippet:-1, max-image-preview:large, max-video-preview:-1\" \/>\n<link rel=\"canonical\" href=\"https:\/\/hand2noteguide.com\/user-manual\/configuring-hand2note-to-play-in-applications-via-an-emulator-using-the-example-of-pokerbros\/\" \/>\n<meta property=\"og:locale\" content=\"pt_PT\" \/>\n<meta property=\"og:type\" content=\"article\" \/>\n<meta property=\"og:title\" content=\"Configurando o Hand2Note para jogar em aplicativos via emulador\" \/>\n<meta property=\"og:description\" content=\"Use o Hand2Note com emuladores Android para exibir HUDs e coletar estat\u00edsticas em aplicativos de poker m\u00f3vel como PokerBROS - ganhe vantagem sobre os usu\u00e1rios de smartphones.\" \/>\n<meta property=\"og:url\" content=\"https:\/\/hand2noteguide.com\/user-manual\/configuring-hand2note-to-play-in-applications-via-an-emulator-using-the-example-of-pokerbros\/\" \/>\n<meta property=\"og:site_name\" content=\"Hand2Note Guide\" \/>\n<meta property=\"article:modified_time\" content=\"2026-03-10T08:19:18+00:00\" \/>\n<meta property=\"og:image\" content=\"https:\/\/hand2noteguide.com\/wp-content\/uploads\/2025\/04\/\u0411\u0435\u0437-\u0438xcxcxcxcxcx.jpg\" \/>\n\t<meta property=\"og:image:width\" content=\"1920\" \/>\n\t<meta property=\"og:image:height\" content=\"1080\" \/>\n\t<meta property=\"og:image:type\" content=\"image\/jpeg\" \/>\n<meta name=\"twitter:card\" content=\"summary_large_image\" \/>\n<meta name=\"twitter:label1\" content=\"Est. reading time\" \/>\n\t<meta name=\"twitter:data1\" content=\"23 minutes\" \/>\n<!-- \/ Yoast SEO plugin. -->","yoast_head_json":{"title":"Configurando o Hand2Note para jogar em aplicativos via emulador","description":"Use o Hand2Note com emuladores Android para exibir HUDs e coletar estat\u00edsticas em aplicativos de poker m\u00f3vel como PokerBROS - ganhe vantagem sobre os usu\u00e1rios de smartphones.","robots":{"index":"index","follow":"follow","max-snippet":"max-snippet:-1","max-image-preview":"max-image-preview:large","max-video-preview":"max-video-preview:-1"},"canonical":"https:\/\/hand2noteguide.com\/user-manual\/configuring-hand2note-to-play-in-applications-via-an-emulator-using-the-example-of-pokerbros\/","og_locale":"pt_PT","og_type":"article","og_title":"Configurando o Hand2Note para jogar em aplicativos via emulador","og_description":"Use o Hand2Note com emuladores Android para exibir HUDs e coletar estat\u00edsticas em aplicativos de poker m\u00f3vel como PokerBROS - ganhe vantagem sobre os usu\u00e1rios de smartphones.","og_url":"https:\/\/hand2noteguide.com\/user-manual\/configuring-hand2note-to-play-in-applications-via-an-emulator-using-the-example-of-pokerbros\/","og_site_name":"Hand2Note Guide","article_modified_time":"2026-03-10T08:19:18+00:00","og_image":[{"width":1920,"height":1080,"url":"https:\/\/hand2noteguide.com\/wp-content\/uploads\/2025\/04\/\u0411\u0435\u0437-\u0438xcxcxcxcxcx.jpg","type":"image\/jpeg"}],"twitter_card":"summary_large_image","twitter_misc":{"Est. reading time":"23 minutes"},"schema":{"@context":"https:\/\/schema.org","@graph":[]}},"jetpack_sharing_enabled":true,"_links":{"self":[{"href":"https:\/\/hand2noteguide.com\/pt\/wp-json\/wp\/v2\/pages\/9942","targetHints":{"allow":["GET"]}}],"collection":[{"href":"https:\/\/hand2noteguide.com\/pt\/wp-json\/wp\/v2\/pages"}],"about":[{"href":"https:\/\/hand2noteguide.com\/pt\/wp-json\/wp\/v2\/types\/page"}],"author":[{"embeddable":true,"href":"https:\/\/hand2noteguide.com\/pt\/wp-json\/wp\/v2\/users\/3"}],"replies":[{"embeddable":true,"href":"https:\/\/hand2noteguide.com\/pt\/wp-json\/wp\/v2\/comments?post=9942"}],"version-history":[{"count":91,"href":"https:\/\/hand2noteguide.com\/pt\/wp-json\/wp\/v2\/pages\/9942\/revisions"}],"predecessor-version":[{"id":15619,"href":"https:\/\/hand2noteguide.com\/pt\/wp-json\/wp\/v2\/pages\/9942\/revisions\/15619"}],"up":[{"embeddable":true,"href":"https:\/\/hand2noteguide.com\/pt\/wp-json\/wp\/v2\/pages\/9199"}],"wp:featuredmedia":[{"embeddable":true,"href":"https:\/\/hand2noteguide.com\/pt\/wp-json\/wp\/v2\/media\/9962"}],"wp:attachment":[{"href":"https:\/\/hand2noteguide.com\/pt\/wp-json\/wp\/v2\/media?parent=9942"}],"curies":[{"name":"wp","href":"https:\/\/api.w.org\/{rel}","templated":true}]}}